{"id":112,"date":"2011-03-05T20:14:06","date_gmt":"2011-03-05T20:14:06","guid":{"rendered":"https:\/\/www.shibumidojo.com\/?page_id=2"},"modified":"2011-03-05T20:14:06","modified_gmt":"2011-03-05T20:14:06","slug":"hakkinda","status":"publish","type":"page","link":"https:\/\/www.shibumidojo.com\/index.php\/hakkinda\/","title":{"rendered":"Sensei"},"content":{"rendered":"<p>\n\t<strong><a href=\"https:\/\/www.shibumidojo.com\/wp-content\/uploads\/2011\/03\/Ahmetkosoglu.jpg\"><img decoding=\"async\" loading=\"lazy\" alt=\"\" class=\"alignleft size-full wp-image-1598\" height=\"235\" src=\"https:\/\/www.shibumidojo.com\/wp-content\/uploads\/2011\/03\/Ahmetkosoglu.jpg\" title=\"Ahmetkosoglu\" width=\"252\" \/><\/a><\/strong>\n<\/p>\n<p>\n\t&nbsp;\n<\/p>\n<p>\n\t&nbsp;\n<\/p>\n<p>\n\t&nbsp;\n<\/p>\n<p>\n\t&nbsp;\n<\/p>\n<p>\n\t&nbsp;\n<\/p>\n<p>\n\t&nbsp;\n<\/p>\n<p>\n\t&nbsp;\n<\/p>\n<p>\n\t<strong>Ahmet K&ouml;so\u011flu<\/strong>, 1956 senesinde Rize&rsquo;de do\u011fdu. 1966 senesinde Kad\u0131k&ouml;y Halk E\u011fitimi Merkezi&rsquo;nde Judo ile spora ba\u015flad\u0131. Milli formay\u0131 y&uuml;z defadan fazla giyerek Judo Milli Tak\u0131m\u0131&rsquo;n\u0131n de\u011fi\u015fmez eleman\u0131 oldu. 1974 K&ouml;ln judoda 1. DAN ald\u0131, 1984 BURSA judoda 3. DAN ald\u0131, 1989 IJF (Uluslararas\u0131 Judo Federasyonu) taraf\u0131ndan 5. DAN almaya lay\u0131k g&ouml;r&uuml;ld&uuml;.1985 senesinde Judo Milli Tak\u0131m Antren&ouml;rl&uuml;\u011f&uuml; g&ouml;revine getirildi. Milli tak\u0131m\u0131n ba\u015f\u0131na ge&ccedil;ti\u011fi sene, T&uuml;rkiye ilk kez tak\u0131m halinde Balkan \u015eampiyonu oldu. Milli tak\u0131mla pek &ccedil;ok ba\u015far\u0131lara imza att\u0131. Ayn\u0131 y\u0131l en iyi antren&ouml;r ve en ba\u015far\u0131l\u0131 milli tak\u0131mlar antren&ouml;r&uuml; &ouml;d&uuml;l&uuml; ald\u0131. Birtak\u0131m sebeplerle ara verdi\u011fi Milli Tak\u0131m Antren&ouml;rl&uuml;\u011f&uuml; g&ouml;revine, o senenin federasyon ba\u015fkan\u0131n\u0131n olimpiyat tak\u0131m\u0131n\u0131 olimpiyatlar\u0131n sonuna kadar haz\u0131rlamas\u0131 iste\u011fi &uuml;zerine, tekrar geldi. Judo Milli Tak\u0131m\u0131&rsquo;n\u0131, Sydney Olimpiyatlar\u0131&rsquo;na haz\u0131rlad\u0131. T&uuml;rkiye, judo bran\u015f\u0131nda, tarihinde ilk olimpiyat \u015fampiyonlu\u011funu kazand\u0131.&nbsp;<strong>(3. Kademe Judo Antren&ouml;r lisans\u0131na, 4&nbsp;Kademe Aikido Antren&ouml;r lisans\u0131na<\/strong> ve<strong>&nbsp;3. Kademe&nbsp;V&uuml;cut&nbsp;Geli\u015ftirme&nbsp;Antren&ouml;r<\/strong> lisans\u0131na sahiptir. Merkezi Japonya&#39;da bulunan Seiryukai&nbsp;Shinto Muso Ryu Jo Jutsu sava\u015f sanat\u0131n\u0131n&nbsp;T&uuml;rkiye&#39;deki tek sorumlusudur.)\n<\/p>\n<p>\n\t<a href=\"https:\/\/www.shibumidojo.com\/wp-content\/uploads\/2011\/03\/Adnansirile.jpg\"><img decoding=\"async\" alt=\"\" src=\"https:\/\/www.shibumidojo.com\/wp-content\/uploads\/2011\/03\/Adnansirile.jpg\" style=\"width: 150px; height: 235px; float: left;\" title=\"Adnansirile\" \/><\/a>Sporda g&uuml;&ccedil; ve kondisyonun &ouml;nemini anlayan bir sporcu olarak o zamanlar T&uuml;rkiye&#39;de eksikli\u011fi hissedilen g&uuml;&ccedil; ve kondisyonun &uuml;zerinde durdu. Sa\u011flam kafa sa\u011flam v&uuml;cutta bulunur ilkesi hareket ederek, Kad\u0131k&ouml;y&#39;de Herk&uuml;l spor salonundan sonra ikinci v&uuml;cut geli\u015ftirme salonunu a&ccedil;t\u0131. Yakla\u015f\u0131k 20 sene boyunca kendisine ait spor salonunda pek &ccedil;ok milli sporcu yeti\u015ftirdi.\n<\/p>\n<div id=\"_mcePaste\">\n\tT&uuml;rkiye&rsquo;nin&nbsp;kat\u0131ld\u0131\u011f\u0131 uluslararas\u0131 v&uuml;cut geli\u015ftirme m&uuml;sabakalar\u0131n\u0131n pek &ccedil;o\u011fundan madalya ile d&ouml;nmesinde b&uuml;y&uuml;k katk\u0131s\u0131 vard\u0131r. 1992 senesinde V&uuml;cut Geli\u015ftirme Milli Tak\u0131m Antren&ouml;rl&uuml;\u011f&uuml; g&ouml;revini &uuml;stlendi. V&uuml;cut Geli\u015ftirme Milli Tak\u0131m\u0131 bir puanla D&uuml;nya \u015fampiyonlu\u011funu ka&ccedil;\u0131rd\u0131 ve tak\u0131m halinde D&uuml;nya ikincisi oldu. V&uuml;cut Geli\u015ftirme Federasyonu&rsquo;nun kurucular\u0131ndand\u0131r. \u0130lk antren&ouml;r ve ilk hakemlerdendir. <strong><span class=\"fwn fcg\"><span class=\"fwb\" style=\"font-weight: bold;\">Anadolu &Uuml;niversitesi<\/span>&nbsp;Spor Y&ouml;netimi ve Halkla \u0130li\u015fkiler mezunudur.<\/span><\/strong>\n<\/div>\n<div>\n\t&nbsp;<strong style=\"line-height: 20.8px;\">V&uuml;cut Geli\u015ftirme Milli Tak\u0131m Antren&ouml;rl&uuml;\u011f&uuml;&nbsp;<\/strong><strong style=\"line-height: 20.8px;\">(3. Kademe&nbsp;V&uuml;cut&nbsp;Geli\u015ftirme Antren&ouml;r lisans\u0131na sahiptir.)<\/strong>\n<\/div>\n<p>\n\t<a href=\"https:\/\/www.shibumidojo.com\/wp-content\/uploads\/2011\/03\/ahmetaikidojpg1.jpg\"><img decoding=\"async\" alt=\"\" src=\"https:\/\/www.shibumidojo.com\/wp-content\/uploads\/2011\/03\/ahmetaikidojpg1-150x150.jpg\" style=\"width: 150px; height: 150px; float: left;\" title=\"ahmetaikidojpg\" \/><\/a>\n<\/p>\n<p>\n\t<strong style=\"line-height: 20.8px;\">Aikido (Siyah Ku\u015fak 6. DAN ve (4. Kademe Aikido Antren&ouml;r lisans\u0131na sahiptir.)<\/strong>\n<\/p>\n<p>\n\tUzak Do\u011fu sava\u015f sanatlar\u0131na olan ilgisi sebebiyle belirli zaman aral\u0131klar\u0131yla, Karate Do, Taek Wan Do, Jujutsu gibi sanatlar\u0131 &ccedil;al\u0131\u015fma ve tan\u0131ma f\u0131rsat\u0131 oldu. 1990 senesinde ba\u015flad\u0131\u011f\u0131 Aikido &ccedil;al\u0131\u015fmalar\u0131na halen devam etmektedir. Aikido&rsquo;ya ba\u015flamas\u0131na ve devam etmesine \u0130hsan &Ouml;zg&uuml;n hocas\u0131n\u0131n b&uuml;y&uuml;k katk\u0131lar\u0131 olmu\u015ftur. Uzun s&uuml;re beraber &ccedil;al\u0131\u015fm\u0131\u015flard\u0131r.\n<\/p>\n<p>\n\tAikido Federasyonu&rsquo;nun kurucular\u0131ndand\u0131r. Pek &ccedil;ok antren&ouml;rl&uuml;k kursu ve geli\u015fim seminerlerinde e\u011fitmenlik yapm\u0131\u015ft\u0131r. Aikido&rsquo;nun kurucusu olan O&rsquo;Sensei Morihei UESHIBA ile en &ccedil;ok beraber kalan hoca olarak kabul edilen Morihiro SAITO Sensei ve o\u011flu Hitohiro SAITO Sensei ile Japonya&rsquo;da &ccedil;al\u0131\u015fma imkan\u0131 yakalam\u0131\u015f ender aikidoculardand\u0131r.\n<\/p>\n<p>\n\tAikidonun; K\u0131l\u0131&ccedil;, Jo vb.tekniklerinden &ccedil;\u0131kt\u0131\u011f\u0131n\u0131 idrak etmi\u015f, bu idrak ile aray\u0131\u015f i&ccedil;ine girip Jo ve Ken tekniklerini &ouml;\u011frenmek i&ccedil;in gerek Japonya&rsquo;ya giderek gerekse \u015fu an Avustralya&#39;da ya\u015fayan hocas\u0131n\u0131 T&uuml;rkiye&rsquo;de a\u011f\u0131rlay\u0131p Kenjutsu, Jojutsu, Tanjojutsu, Tantojutsu vb. silahlarla beraber Taijutsu&nbsp;(silahs\u0131z sava\u015fma sanat\u0131) &ccedil;al\u0131\u015f\u0131p Aikido tekniklerinin &ccedil;\u0131k\u0131\u015f sebepleri ve tekniklerin orijinal hallerini &ouml;\u011frenmi\u015ftir&hellip;\n<\/p>\n<p>\n\t<a href=\"https:\/\/www.shibumidojo.com\/wp-content\/uploads\/2011\/03\/jojutsu1.jpg\"><img decoding=\"async\" loading=\"lazy\" alt=\"\" height=\"140\" src=\"https:\/\/www.shibumidojo.com\/wp-content\/uploads\/2011\/03\/jojutsu1.jpg\" title=\"jojutsu\" width=\"220\" \/><\/a>\n<\/p>\n<p>\n\t<strong style=\"font-size: 12px; line-height: 19.2px;\">Shinto Muso Ryu Jo Jutsu<\/strong><strong style=\"font-size: 12px; line-height: 19.2px;\">&nbsp;<\/strong><span style=\"font-size: 12px; line-height: 19.2px;\">Yon Dan (4. Dan)<\/span><strong style=\"font-size: 12px; line-height: 19.2px;\">&nbsp;<\/strong><strong style=\"font-size: 12px; line-height: 19.2px;\">(<\/strong><strong style=\"font-size: 12px; line-height: 19.2px;\">Siyah Ku\u015fak 4. Dan)<\/strong><strong style=\"font-size: 12px; line-height: 19.2px;\">&nbsp;<\/strong>mazisi 600 seneye dayanan ve sondan bir evvelki durak diye adland\u0131r\u0131lan Shintu Muso Ryu Jojutsu ve Shinto Ryu Kenjutsu bran\u015f\u0131n\u0131&nbsp;T&uuml;rkiye&rsquo;de ba\u015flatm\u0131\u015ft\u0131r ve Shinto Muso Ryu Jojutsu T&uuml;rkiye temsilcisidir.\n<\/p>\n<p>\n\tJojutsu&rsquo;nun ya\u015fayan efsanesi olarak bilinen Nishioka Tsuneo sensei ile beraber &ccedil;al\u0131\u015f\u0131p Shinto Muso Ryu Jojutsu Deshi (ger&ccedil;ek izde\u015f) sertifikas\u0131n\u0131 alm\u0131\u015ft\u0131r. \u015eu anda bilgi ve birikimlerini Kad\u0131k&ouml;y Moda&rsquo;daki dojosunda &ouml;\u011frencileri ile payla\u015f\u0131yor.&nbsp;<a href=\"https:\/\/www.shibumidojo.com\/jojutsu\/turkiyede-jojutsu-dan-sahipleri\">T&uuml;rkiye&#39;deki Jo Jutsu DAN sahiplerini g&ouml;rmek i&ccedil;in t\u0131klay\u0131n<\/a>\n<\/p>\n<p>\n\t<strong>Judo (Siyah Ku\u015fak 5. Dan<\/strong><strong style=\"line-height: 20.8px;\">&nbsp;(3.Kademe Antren&ouml;r.),<\/strong><strong>&nbsp;<\/strong><strong style=\"line-height: 20.8px;\">Goshin Jujutsu 5. Dan,<\/strong><strong>&nbsp;Aikido 6. Dan (4.Kademe Antren&ouml;r), Shinto Muso Ryu Jojutsu 4.Dan&nbsp;(T&uuml;rkiye Sorumlusu),&nbsp;<\/strong><strong style=\"line-height: 20.8px;\">V&uuml;cut Geli\u015ftirme Milli Tak\u0131m Antren&ouml;rl&uuml;\u011f&uuml;&nbsp;<\/strong><strong style=\"line-height: 20.8px;\">(3. Kademe&nbsp;V&uuml;cut&nbsp;Geli\u015ftirme Antren&ouml;r) lisans\u0131na sahiptir.<\/strong>\n<\/p>\n<p>\n\t<strong>Kazand\u0131\u011f\u0131 &Ouml;d&uuml;ller<\/strong>\n<\/p>\n<table border=\"0\" cellpadding=\"0\" cellspacing=\"0\">\n<tbody>\n<tr>\n<td valign=\"bottom\">\n\t\t\t\t\u0130STANBUL\n\t\t\t<\/td>\n<td valign=\"bottom\">\n\t\t\t\t1971\n\t\t\t<\/td>\n<td valign=\"bottom\">\n\t\t\t\t\u0130STANBUL \u015eAMP\u0130YONASI\n\t\t\t<\/td>\n<td valign=\"bottom\">\n\t\t\t\t70 Kg\n\t\t\t<\/td>\n<td valign=\"bottom\">\n\t\t\t\t1.\n\t\t\t<\/td>\n<\/tr>\n<tr>\n<td valign=\"bottom\" width=\"87\">\n\t\t\t\tMERS\u0130N\n\t\t\t<\/td>\n<td valign=\"bottom\" width=\"35\">\n\t\t\t\t1973\n\t\t\t<\/td>\n<td valign=\"bottom\" width=\"377\">\n\t\t\t\tT&Uuml;RK\u0130YE \u015eAMP\u0130YONASI\n\t\t\t<\/td>\n<td valign=\"bottom\" width=\"44\">\n\t\t\t\t80 Kg\n\t\t\t<\/td>\n<td valign=\"bottom\" width=\"18\">\n\t\t\t\t3.\n\t\t\t<\/td>\n<\/tr>\n<tr>\n<td valign=\"bottom\" width=\"87\">\n\t\t\t\t\u0130STABUL\n\t\t\t<\/td>\n<td valign=\"bottom\" width=\"35\">\n\t\t\t\t1974\n\t\t\t<\/td>\n<td valign=\"bottom\" width=\"377\">\n\t\t\t\t\u0130STANBUL \u015eAMP\u0130YONASI\n\t\t\t<\/td>\n<td valign=\"bottom\" width=\"44\">\n\t\t\t\t80 Kg\n\t\t\t<\/td>\n<td valign=\"bottom\" width=\"18\">\n\t\t\t\t1.\n\t\t\t<\/td>\n<\/tr>\n<tr>\n<td valign=\"bottom\" width=\"87\">\n\t\t\t\tANKARA\n\t\t\t<\/td>\n<td valign=\"bottom\" width=\"35\">\n\t\t\t\t1975\n\t\t\t<\/td>\n<td valign=\"bottom\" width=\"377\">\n\t\t\t\tT&Uuml;RK\u0130YE JUDO L\u0130G\u0130 \u015eAMP\u0130YONASI F\u0130NAL\u0130\n\t\t\t<\/td>\n<td valign=\"bottom\" width=\"44\">\n\t\t\t\t80 Kg\n\t\t\t<\/td>\n<td valign=\"bottom\" width=\"18\">\n\t\t\t\t1.\n\t\t\t<\/td>\n<\/tr>\n<tr>\n<td valign=\"bottom\" width=\"87\">\n\t\t\t\tK\u0130EV\n\t\t\t<\/td>\n<td valign=\"bottom\" width=\"35\">\n\t\t\t\t1976\n\t\t\t<\/td>\n<td valign=\"bottom\" width=\"377\">\n\t\t\t\tAVRUPA JUDO \u015eAMP\u0130YONASI\n\t\t\t<\/td>\n<td valign=\"bottom\" width=\"44\">\n\t\t\t\tTAKIM\n\t\t\t<\/td>\n<td valign=\"bottom\" width=\"18\">\n\t\t\t\t4.\n\t\t\t<\/td>\n<\/tr>\n<tr>\n<td valign=\"bottom\" width=\"87\">\n\t\t\t\t&nbsp;\n\t\t\t<\/td>\n<td valign=\"bottom\" width=\"35\">\n\t\t\t\t1976\n\t\t\t<\/td>\n<td valign=\"bottom\" width=\"377\">\n\t\t\t\tB&Ouml;LGE JUDO \u015eAMP\u0130YONASI\n\t\t\t<\/td>\n<td valign=\"bottom\" width=\"44\">\n\t\t\t\t95 Kg\n\t\t\t<\/td>\n<td valign=\"bottom\" width=\"18\">\n\t\t\t\t1.\n\t\t\t<\/td>\n<\/tr>\n<tr>\n<td valign=\"bottom\" width=\"87\">\n\t\t\t\t\u0130ZM\u0130R\n\t\t\t<\/td>\n<td valign=\"bottom\" width=\"35\">\n\t\t\t\t1977\n\t\t\t<\/td>\n<td valign=\"bottom\" width=\"377\">\n\t\t\t\tT&Uuml;RK\u0130YE \u015eAMP\u0130YONASI\n\t\t\t<\/td>\n<td valign=\"bottom\" width=\"44\">\n\t\t\t\t86 Kg\n\t\t\t<\/td>\n<td valign=\"bottom\" width=\"18\">\n\t\t\t\t1.\n\t\t\t<\/td>\n<\/tr>\n<tr>\n<td valign=\"bottom\" width=\"87\">\n\t\t\t\tK.MARA\u015e\n\t\t\t<\/td>\n<td valign=\"bottom\" width=\"35\">\n\t\t\t\t1977\n\t\t\t<\/td>\n<td valign=\"bottom\" width=\"377\">\n\t\t\t\tKURTULU\u015e JUDO \u015eENL\u0130KLER\u0130\n\t\t\t<\/td>\n<td valign=\"bottom\" width=\"44\">\n\t\t\t\t78 Kg\n\t\t\t<\/td>\n<td valign=\"bottom\" width=\"18\">\n\t\t\t\t1.\n\t\t\t<\/td>\n<\/tr>\n<tr>\n<td valign=\"bottom\" width=\"87\">\n\t\t\t\tANKARA\n\t\t\t<\/td>\n<td valign=\"bottom\" width=\"35\">\n\t\t\t\t1978\n\t\t\t<\/td>\n<td valign=\"bottom\" width=\"377\">\n\t\t\t\tBEDEN TERB\u0130YES\u0130 GENEL M&Uuml;D&Uuml;RL&Uuml;K KUPASI\n\t\t\t<\/td>\n<td valign=\"bottom\" width=\"44\">\n\t\t\t\t86 Kg\n\t\t\t<\/td>\n<td valign=\"bottom\" width=\"18\">\n\t\t\t\t1.\n\t\t\t<\/td>\n<\/tr>\n<tr>\n<td valign=\"bottom\" width=\"87\">\n\t\t\t\t&nbsp;\n\t\t\t<\/td>\n<td valign=\"bottom\" width=\"35\">\n\t\t\t\t1978\n\t\t\t<\/td>\n<td valign=\"bottom\" width=\"377\">\n\t\t\t\tT&Uuml;RK\u0130YE \u015eAMP\u0130YONASI\n\t\t\t<\/td>\n<td valign=\"bottom\" width=\"44\">\n\t\t\t\t86 Kg\n\t\t\t<\/td>\n<td valign=\"bottom\" width=\"18\">\n\t\t\t\t2.\n\t\t\t<\/td>\n<\/tr>\n<tr>\n<td valign=\"bottom\" width=\"87\">\n\t\t\t\t&nbsp;\n\t\t\t<\/td>\n<td valign=\"bottom\" width=\"35\">\n\t\t\t\t1978\n\t\t\t<\/td>\n<td valign=\"bottom\" width=\"377\">\n\t\t\t\tS\u0130LAHLI KUVVETLER JUDO \u015eAMP\u0130YONASI\n\t\t\t<\/td>\n<td valign=\"bottom\" width=\"44\">\n\t\t\t\t95 Kg\n\t\t\t<\/td>\n<td valign=\"bottom\" width=\"18\">\n\t\t\t\t1.\n\t\t\t<\/td>\n<\/tr>\n<tr>\n<td valign=\"bottom\" width=\"87\">\n\t\t\t\t\u0130STANBUL\n\t\t\t<\/td>\n<td valign=\"bottom\" width=\"35\">\n\t\t\t\t1978\n\t\t\t<\/td>\n<td valign=\"bottom\" width=\"377\">\n\t\t\t\t\u0130STANBUL \u015eAMP\u0130YONASI\n\t\t\t<\/td>\n<td valign=\"bottom\" width=\"44\">\n\t\t\t\t86 Kg\n\t\t\t<\/td>\n<td valign=\"bottom\" width=\"18\">\n\t\t\t\t1.\n\t\t\t<\/td>\n<\/tr>\n<tr>\n<td valign=\"bottom\" width=\"87\">\n\t\t\t\t\u0130ZM\u0130R\n\t\t\t<\/td>\n<td valign=\"bottom\" width=\"35\">\n\t\t\t\t1979\n\t\t\t<\/td>\n<td valign=\"bottom\" width=\"377\">\n\t\t\t\tT&Uuml;RK\u0130YE JUDO B\u0130R\u0130NC\u0130L\u0130\u011e\u0130\n\t\t\t<\/td>\n<td valign=\"bottom\" width=\"44\">\n\t\t\t\t86 Kg\n\t\t\t<\/td>\n<td valign=\"bottom\" width=\"18\">\n\t\t\t\t2.\n\t\t\t<\/td>\n<\/tr>\n<tr>\n<td valign=\"bottom\" width=\"87\">\n\t\t\t\t\u0130STANBUL\n\t\t\t<\/td>\n<td valign=\"bottom\" width=\"35\">\n\t\t\t\t1979\n\t\t\t<\/td>\n<td valign=\"bottom\" width=\"377\">\n\t\t\t\tULUSLARARASI BARI\u015e TURNUVASI\n\t\t\t<\/td>\n<td valign=\"bottom\" width=\"44\">\n\t\t\t\t86 Kg\n\t\t\t<\/td>\n<td valign=\"bottom\" width=\"18\">\n\t\t\t\t1.\n\t\t\t<\/td>\n<\/tr>\n<tr>\n<td valign=\"bottom\" width=\"87\">\n\t\t\t\t&nbsp;\n\t\t\t<\/td>\n<td valign=\"bottom\" width=\"35\">\n\t\t\t\t1979\n\t\t\t<\/td>\n<td valign=\"bottom\" width=\"377\">\n\t\t\t\tGENEL M&Uuml;D&Uuml;RL&Uuml;K JUDO \u015eAMP\u0130YONASI\n\t\t\t<\/td>\n<td valign=\"bottom\" width=\"44\">\n\t\t\t\t95 Kg\n\t\t\t<\/td>\n<td valign=\"bottom\" width=\"18\">\n\t\t\t\t1.\n\t\t\t<\/td>\n<\/tr>\n<tr>\n<td valign=\"bottom\" width=\"87\">\n\t\t\t\t\u0130STANBUL\n\t\t\t<\/td>\n<td valign=\"bottom\" width=\"35\">\n\t\t\t\t1980\n\t\t\t<\/td>\n<td valign=\"bottom\" width=\"377\">\n\t\t\t\tT&Uuml;RK\u0130YE KURUMLAR VE KUL&Uuml;PLER \u015eAMP\u0130YONASI\n\t\t\t<\/td>\n<td valign=\"bottom\" width=\"44\">\n\t\t\t\t86 Kg\n\t\t\t<\/td>\n<td valign=\"bottom\" width=\"18\">\n\t\t\t\t1.\n\t\t\t<\/td>\n<\/tr>\n<tr>\n<td valign=\"bottom\" width=\"87\">\n\t\t\t\t\u0130STANBUL\n\t\t\t<\/td>\n<td valign=\"bottom\" width=\"35\">\n\t\t\t\t1980\n\t\t\t<\/td>\n<td valign=\"bottom\" width=\"377\">\n\t\t\t\tT&Uuml;RK\u0130YE \u015eAMP\u0130YONASI\n\t\t\t<\/td>\n<td valign=\"bottom\" width=\"44\">\n\t\t\t\t95 Kg\n\t\t\t<\/td>\n<td valign=\"bottom\" width=\"18\">\n\t\t\t\t2.\n\t\t\t<\/td>\n<\/tr>\n<tr>\n<td valign=\"bottom\" width=\"87\">\n\t\t\t\tKOCAEL\u0130\n\t\t\t<\/td>\n<td valign=\"bottom\" width=\"35\">\n\t\t\t\t1980\n\t\t\t<\/td>\n<td valign=\"bottom\" width=\"377\">\n\t\t\t\tKURUMLAR KUL&Uuml;PLER VE ASKER\u0130 G&Uuml;&Ccedil;LER JUDO \u015eAMP.\n\t\t\t<\/td>\n<td valign=\"bottom\" width=\"44\">\n\t\t\t\t95 Kg\n\t\t\t<\/td>\n<td valign=\"bottom\" width=\"18\">\n\t\t\t\t1.\n\t\t\t<\/td>\n<\/tr>\n<tr>\n<td valign=\"bottom\" width=\"87\">\n\t\t\t\tANTALYA\n\t\t\t<\/td>\n<td valign=\"bottom\" width=\"35\">\n\t\t\t\t1980\n\t\t\t<\/td>\n<td valign=\"bottom\" width=\"377\">\n\t\t\t\tANTALYA JUDO \u015eAMP\u0130YONASI\n\t\t\t<\/td>\n<td valign=\"bottom\" width=\"44\">\n\t\t\t\t95 Kg\n\t\t\t<\/td>\n<td valign=\"bottom\" width=\"18\">\n\t\t\t\t2.\n\t\t\t<\/td>\n<\/tr>\n<tr>\n<td valign=\"bottom\" width=\"87\">\n\t\t\t\tANKARA\n\t\t\t<\/td>\n<td valign=\"bottom\" width=\"35\">\n\t\t\t\t1981\n\t\t\t<\/td>\n<td valign=\"bottom\" width=\"377\">\n\t\t\t\tT&Uuml;RK\u0130YE \u015eAMP\u0130YONASI\n\t\t\t<\/td>\n<td valign=\"bottom\" width=\"44\">\n\t\t\t\t86 Kg\n\t\t\t<\/td>\n<td valign=\"bottom\" width=\"18\">\n\t\t\t\t3.\n\t\t\t<\/td>\n<\/tr>\n<tr>\n<td valign=\"bottom\" width=\"87\">\n\t\t\t\tANKARA\n\t\t\t<\/td>\n<td valign=\"bottom\" width=\"35\">\n\t\t\t\t1981\n\t\t\t<\/td>\n<td valign=\"bottom\" width=\"377\">\n\t\t\t\tT&Uuml;RK\u0130YE JUDO B\u0130R\u0130NC\u0130L\u0130\u011e\u0130\n\t\t\t<\/td>\n<td valign=\"bottom\" width=\"44\">\n\t\t\t\tA&Ccedil;IK\n\t\t\t<\/td>\n<td valign=\"bottom\" width=\"18\">\n\t\t\t\t3.\n\t\t\t<\/td>\n<\/tr>\n<tr>\n<td valign=\"bottom\" width=\"87\">\n\t\t\t\t&nbsp;\n\t\t\t<\/td>\n<td valign=\"bottom\" width=\"35\">\n\t\t\t\t1981\n\t\t\t<\/td>\n<td valign=\"bottom\" width=\"377\">\n\t\t\t\t100. YIL \u015eENL\u0130KLER\u0130\n\t\t\t<\/td>\n<td valign=\"bottom\" width=\"44\">\n\t\t\t\tA&Ccedil;IK\n\t\t\t<\/td>\n<td valign=\"bottom\" width=\"18\">\n\t\t\t\t2.\n\t\t\t<\/td>\n<\/tr>\n<tr>\n<td valign=\"bottom\" width=\"87\">\n\t\t\t\t\u0130STANBUL\n\t\t\t<\/td>\n<td valign=\"bottom\" width=\"35\">\n\t\t\t\t1981\n\t\t\t<\/td>\n<td valign=\"bottom\" width=\"377\">\n\t\t\t\tZAFER KUPASI\n\t\t\t<\/td>\n<td valign=\"bottom\" width=\"44\">\n\t\t\t\t86 Kg\n\t\t\t<\/td>\n<td valign=\"bottom\" width=\"18\">\n\t\t\t\t1.\n\t\t\t<\/td>\n<\/tr>\n<tr>\n<td valign=\"bottom\" width=\"87\">\n\t\t\t\tANKARA\n\t\t\t<\/td>\n<td valign=\"bottom\" width=\"35\">\n\t\t\t\t1982\n\t\t\t<\/td>\n<td valign=\"bottom\" width=\"377\">\n\t\t\t\tGENEL M&Uuml;D&Uuml;RL&Uuml;K JUDO \u015eAMP\u0130YONASI\n\t\t\t<\/td>\n<td valign=\"bottom\" width=\"44\">\n\t\t\t\t86 Kg\n\t\t\t<\/td>\n<td valign=\"bottom\" width=\"18\">\n\t\t\t\t2.\n\t\t\t<\/td>\n<\/tr>\n<tr>\n<td valign=\"bottom\" width=\"87\">\n\t\t\t\tANKARA\n\t\t\t<\/td>\n<td valign=\"bottom\" width=\"35\">\n\t\t\t\t1982\n\t\t\t<\/td>\n<td valign=\"bottom\" width=\"377\">\n\t\t\t\tANKARA JUDO \u015eAMP\u0130YONASI\n\t\t\t<\/td>\n<td valign=\"bottom\" width=\"44\">\n\t\t\t\tA&Ccedil;IK\n\t\t\t<\/td>\n<td valign=\"bottom\" width=\"18\">\n\t\t\t\t3.\n\t\t\t<\/td>\n<\/tr>\n<tr>\n<td valign=\"bottom\" width=\"87\">\n\t\t\t\tDEN\u0130ZL\u0130\n\t\t\t<\/td>\n<td valign=\"bottom\" width=\"35\">\n\t\t\t\t1982\n\t\t\t<\/td>\n<td valign=\"bottom\" width=\"377\">\n\t\t\t\tTAKIMLAR \u015eAMP\u0130YONASI\n\t\t\t<\/td>\n<td valign=\"bottom\" width=\"44\">\n\t\t\t\tTAKIM\n\t\t\t<\/td>\n<td valign=\"bottom\" width=\"18\">\n\t\t\t\t1.\n\t\t\t<\/td>\n<\/tr>\n<tr>\n<td valign=\"bottom\" width=\"87\">\n\t\t\t\tDEN\u0130ZL\u0130\n\t\t\t<\/td>\n<td valign=\"bottom\" width=\"35\">\n\t\t\t\t1982\n\t\t\t<\/td>\n<td valign=\"bottom\" width=\"377\">\n\t\t\t\tT&Uuml;RK\u0130YE KURUMLAR VE KUL&Uuml;PLER \u015eAMP\u0130YONASI\n\t\t\t<\/td>\n<td valign=\"bottom\" width=\"44\">\n\t\t\t\t95 Kg\n\t\t\t<\/td>\n<td valign=\"bottom\" width=\"18\">\n\t\t\t\t2.\n\t\t\t<\/td>\n<\/tr>\n<tr>\n<td valign=\"bottom\" width=\"87\">\n\t\t\t\t&Ccedil;ANKIRI\n\t\t\t<\/td>\n<td valign=\"bottom\" width=\"35\">\n\t\t\t\t1983\n\t\t\t<\/td>\n<td valign=\"bottom\" width=\"377\">\n\t\t\t\tT&Uuml;RK\u0130YE \u015eAMP\u0130YONASI\n\t\t\t<\/td>\n<td valign=\"bottom\" width=\"44\">\n\t\t\t\t95 Kg\n\t\t\t<\/td>\n<td valign=\"bottom\" width=\"18\">\n\t\t\t\t1.\n\t\t\t<\/td>\n<\/tr>\n<tr>\n<td valign=\"bottom\" width=\"87\">\n\t\t\t\t&nbsp;\n\t\t\t<\/td>\n<td valign=\"bottom\" width=\"35\">\n\t\t\t\t1983\n\t\t\t<\/td>\n<td valign=\"bottom\" width=\"377\">\n\t\t\t\tCASABLANCA AKDEN\u0130Z OL\u0130MP\u0130YAT OYUNLARI\n\t\t\t<\/td>\n<td valign=\"bottom\" width=\"44\">\n\t\t\t\t95 Kg\n\t\t\t<\/td>\n<td valign=\"bottom\" width=\"18\">\n\t\t\t\t4.\n\t\t\t<\/td>\n<\/tr>\n<tr>\n<td valign=\"bottom\" width=\"87\">\n\t\t\t\tESK\u0130\u015eEH\u0130R\n\t\t\t<\/td>\n<td valign=\"bottom\" width=\"35\">\n\t\t\t\t1983\n\t\t\t<\/td>\n<td valign=\"bottom\" width=\"377\">\n\t\t\t\tT&Uuml;RK\u0130YE KURUMLAR VE KUL&Uuml;PLER \u015eAMP\u0130YONASI\n\t\t\t<\/td>\n<td valign=\"bottom\" width=\"44\">\n\t\t\t\t95 Kg\n\t\t\t<\/td>\n<td valign=\"bottom\" width=\"18\">\n\t\t\t\t2.\n\t\t\t<\/td>\n<\/tr>\n<tr>\n<td valign=\"bottom\" width=\"87\">\n\t\t\t\tKOCAEL\u0130\n\t\t\t<\/td>\n<td valign=\"bottom\" width=\"35\">\n\t\t\t\t1984\n\t\t\t<\/td>\n<td valign=\"bottom\" width=\"377\">\n\t\t\t\tKOCAEL\u0130 JUDO \u015eAMP\u0130YONASI\n\t\t\t<\/td>\n<td valign=\"bottom\" width=\"44\">\n\t\t\t\t95 Kg\n\t\t\t<\/td>\n<td valign=\"bottom\" width=\"18\">\n\t\t\t\t2.\n\t\t\t<\/td>\n<\/tr>\n<tr>\n<td valign=\"bottom\" width=\"87\">\n\t\t\t\t\u0130STANBUL\n\t\t\t<\/td>\n<td valign=\"bottom\" width=\"35\">\n\t\t\t\t1984\n\t\t\t<\/td>\n<td valign=\"bottom\" width=\"377\">\n\t\t\t\tVAL\u0130L\u0130K KUPASI\n\t\t\t<\/td>\n<td valign=\"bottom\" width=\"44\">\n\t\t\t\t86 Kg\n\t\t\t<\/td>\n<td valign=\"bottom\" width=\"18\">\n\t\t\t\t1.\n\t\t\t<\/td>\n<\/tr>\n<tr>\n<td valign=\"bottom\" width=\"87\">\n\t\t\t\t&nbsp;\n\t\t\t<\/td>\n<td valign=\"bottom\" width=\"35\">\n\t\t\t\t1985\n\t\t\t<\/td>\n<td valign=\"bottom\" width=\"377\">\n\t\t\t\tGEN&Ccedil;L\u0130K VE SPOR BAYRAMI KUPASI\n\t\t\t<\/td>\n<td valign=\"bottom\" width=\"44\">\n\t\t\t\t86 Kg\n\t\t\t<\/td>\n<td valign=\"bottom\" width=\"18\">\n\t\t\t\t1.\n\t\t\t<\/td>\n<\/tr>\n<tr>\n<td valign=\"bottom\" width=\"87\">\n\t\t\t\t\u0130STANBUL\n\t\t\t<\/td>\n<td valign=\"bottom\" width=\"35\">\n\t\t\t\t1986\n\t\t\t<\/td>\n<td valign=\"bottom\" width=\"377\">\n\t\t\t\tFEDERASYONUN KURULU\u015eUNUN 20. YILI \u015eENL\u0130KLER\u0130\n\t\t\t<\/td>\n<td valign=\"bottom\" width=\"44\">\n\t\t\t\t95 Kg\n\t\t\t<\/td>\n<td valign=\"bottom\" width=\"18\">\n\t\t\t\t2.\n\t\t\t<\/td>\n<\/tr>\n<\/tbody>\n<\/table>\n","protected":false},"excerpt":{"rendered":"<p>&nbsp; &nbsp; &nbsp; &nbsp; &nbsp; &nbsp; &nbsp; Ahmet K&ouml;so\u011flu, 1956 senesinde Rize&rsquo;de do\u011fdu. 1966 senesinde Kad\u0131k&ouml;y Halk E\u011fitimi Merkezi&rsquo;nde Judo ile spora ba\u015flad\u0131. Milli formay\u0131 y&uuml;z defadan fazla giyerek Judo Milli Tak\u0131m\u0131&rsquo;n\u0131n de\u011fi\u015fmez eleman\u0131 oldu. 1974 K&ouml;ln judoda 1. DAN ald\u0131, 1984 BURSA judoda 3. DAN ald\u0131, 1989 IJF (Uluslararas\u0131 Judo Federasyonu) taraf\u0131ndan 5. DAN &hellip; <\/p>\n","protected":false},"author":1,"featured_media":0,"parent":0,"menu_order":5,"comment_status":"open","ping_status":"open","template":"","meta":{"om_disable_all_campaigns":false,"_mi_skip_tracking":false},"aioseo_notices":[],"_links":{"self":[{"href":"https:\/\/www.shibumidojo.com\/index.php\/wp-json\/wp\/v2\/pages\/112"}],"collection":[{"href":"https:\/\/www.shibumidojo.com\/index.php\/wp-json\/wp\/v2\/pages"}],"about":[{"href":"https:\/\/www.shibumidojo.com\/index.php\/wp-json\/wp\/v2\/types\/page"}],"author":[{"embeddable":true,"href":"https:\/\/www.shibumidojo.com\/index.php\/wp-json\/wp\/v2\/users\/1"}],"replies":[{"embeddable":true,"href":"https:\/\/www.shibumidojo.com\/index.php\/wp-json\/wp\/v2\/comments?post=112"}],"version-history":[{"count":0,"href":"https:\/\/www.shibumidojo.com\/index.php\/wp-json\/wp\/v2\/pages\/112\/revisions"}],"wp:attachment":[{"href":"https:\/\/www.shibumidojo.com\/index.php\/wp-json\/wp\/v2\/media?parent=112"}],"curies":[{"name":"wp","href":"https:\/\/api.w.org\/{rel}","templated":true}]}}