{"id":114,"date":"2011-03-05T20:25:17","date_gmt":"2011-03-05T20:25:17","guid":{"rendered":"https:\/\/www.shibumidojo.com\/?page_id=15"},"modified":"2011-03-05T20:25:17","modified_gmt":"2011-03-05T20:25:17","slug":"kenjutsu","status":"publish","type":"page","link":"https:\/\/www.shibumidojo.com\/index.php\/kenjutsu\/","title":{"rendered":"Kenjutsu"},"content":{"rendered":"<div id=\"_mcePaste\">\n\t<a href=\"https:\/\/www.shibumidojo.com\/wp-content\/uploads\/2011\/03\/kenjutsu.jpg\"><img decoding=\"async\" loading=\"lazy\" alt=\"\" class=\"alignleft size-medium wp-image-87\" height=\"189\" src=\"https:\/\/www.shibumidojo.com\/wp-content\/uploads\/2011\/03\/kenjutsu-300x189.jpg\" title=\"kenjutsu\" width=\"300\" \/><\/a>K\u0131l\u0131c\u0131n ilk bulunu\u015fu ge&ccedil;mi\u015fte her ne kadar T&uuml;rklere kadar uzansa da, konu Kenjutsu.. Japonlar k\u0131l\u0131&ccedil; yapma sanat\u0131n\u0131 &Ccedil;inli demircilerden &ouml;\u011frendiler. Eski k\u0131l\u0131&ccedil;lar &Ccedil;in tarz\u0131nda, d&uuml;z, tek ya da &ccedil;ift tarafl\u0131yd\u0131.\n<\/div>\n<div id=\"_mcePaste\">\n\t\u0130yi k\u0131l\u0131&ccedil; yap\u0131m\u0131 demiri bulan T&uuml;rkler taraf\u0131ndan ger&ccedil;ekle\u015ftirilmi\u015ftir. T&uuml;rk k\u0131l\u0131&ccedil;lar\u0131 d&ouml;vme demirden ve a\u011f\u0131rl\u0131klar\u0131 u&ccedil; tarafa toplanacak bi&ccedil;imde yap\u0131l\u0131rd\u0131. Her bozulu\u015f yada k\u0131r\u0131l\u0131\u015fta yeniden d&ouml;v&uuml;lerek k\u0131l\u0131&ccedil;a bi&ccedil;im veriliyordu. T&uuml;rkler, k\u0131l\u0131c\u0131n yap\u0131m\u0131nda ve kullan\u0131m\u0131nda da &uuml;st&uuml;n yetenek g&ouml;stermi\u015f ve k\u0131l\u0131c\u0131n kullan\u0131m tekni\u011finde b&uuml;y&uuml;k a\u015fama kaydetmi\u015flerdir. &Ouml;zel form&uuml;llerle yap\u0131lan k\u0131l\u0131&ccedil;lar yetenekli bileklerde b&uuml;y&uuml;k i\u015fler ba\u015farm\u0131\u015flard\u0131r. Tek vuru\u015fta bir deve yavrusunu ikiye ay\u0131ran bilek, yine tek vuru\u015fta bir atlas\u0131 ikiye b&ouml;l&uuml;yor, kat kat yap\u0131lm\u0131\u015f ke&ccedil;eyi do\u011fruyordu.\n<\/div>\n<div id=\"_mcePaste\">\n\tK\u0131l\u0131c\u0131 sald\u0131r\u0131 ve savunma arac\u0131 olarak kullanan T&uuml;rkler, k\u0131l\u0131 kesecek kadar h&uuml;nerli idi ve savunma arac\u0131 olarak kalkan\u0131 da ona e\u015fde\u011fer &ouml;zellikte kullan\u0131yordu. Avrupa k\u0131l\u0131&ccedil;lar\u0131 d&uuml;z ve iki taraf\u0131 da keskin olarak yap\u0131l\u0131yordu. T&uuml;rk k\u0131l\u0131&ccedil;lar\u0131n\u0131n ise bir taraf\u0131 keskin ve k\u0131vr\u0131kt\u0131r. Mezarlar\u0131na atlar\u0131 ve k\u0131l\u0131&ccedil;lar\u0131 ile g&ouml;m&uuml;lmelerini isteyen T&uuml;rklerin kaz\u0131larla sa\u011flanan bulgular\u0131nda bu tarihsel y&ouml;nlerini yans\u0131tan bir &ccedil;ok belge ele ge&ccedil;mi\u015ftir.\n<\/div>\n<div id=\"_mcePaste\">\n\tM.&Ouml;. 23-24. y&uuml;zy\u0131l &ouml;ncesine varan Do\u011fu Hun T&uuml;rkleri&#39;nin silahlar\u0131na ait &Ccedil;in kaynaklar\u0131nda geni\u015f a&ccedil;\u0131klamalar vard\u0131r. Bir b&ouml;l&uuml;mde \u015f&ouml;yle denilmektedir: &quot;Onlar\u0131n hepsi z\u0131rhl\u0131 s&uuml;varilerdi. Uza\u011fa mahsus silahlar\u0131 yay ve oktu, k\u0131sa silahlar\u0131 ise keskin k\u0131l\u0131&ccedil;lar ve m\u0131zrakt\u0131&quot;\n<\/div>\n<div id=\"_mcePaste\">\n\t1603 y\u0131l\u0131nda Edo Bakufu olarak adland\u0131r\u0131lan askeri diktat&ouml;rl&uuml;k rejimi zaman\u0131nda k\u0131l\u0131&ccedil; okullar\u0131 ve Ryu&#39;lar\u0131n say\u0131s\u0131 binlerle say\u0131l\u0131rken, 23 Ekim 1868&rsquo;den 30 Temmuz 1912&rsquo;ye kadar s&uuml;ren Meiji d&ouml;neminde ise bat\u0131l\u0131la\u015ft\u0131r\u0131lmaya zorlanan Japonya&#39;da bir&ccedil;ok sava\u015f sanat\u0131 yasaklanm\u0131\u015ft\u0131. Kenjutsu &ccedil;al\u0131\u015fan okul say\u0131s\u0131nda da bu d&ouml;nemde b&uuml;y&uuml;k bir azalma olmu\u015f ve otuza yak\u0131n Ryu g&uuml;n&uuml;m&uuml;ze kadar gelebilmi\u015ftir. Kanagava Anla\u015fmas\u0131, Japonya&#39;y\u0131 zorla d\u0131\u015f d&uuml;nya ile tan\u0131\u015ft\u0131r\u0131nca Meji Devrimi&#39;nin takip etti\u011fi h\u0131zl\u0131 modernle\u015fme s&uuml;reci ba\u015flad\u0131. 1876&rsquo;daki Hayitoreyi d&ouml;neminde silah ta\u015f\u0131man\u0131n yasaklanmas\u0131, samuraylar\u0131n halktan ay\u0131rt edilmesini zorla\u015ft\u0131rm\u0131\u015ft\u0131r. Katana bulundurman\u0131n yasaklanm\u0131\u015f olmas\u0131 sebebiyle bir&ccedil;ok katana saklanm\u0131\u015ft\u0131r. Bir anda k\u0131l\u0131&ccedil; pazar\u0131 bitmi\u015f, bir&ccedil;ok k\u0131l\u0131&ccedil; yap\u0131m ustas\u0131 i\u015fini\n<\/div>\n<div id=\"_mcePaste\">\n\tkaybetmi\u015ftir. 20. yy ba\u015flar\u0131nda askerlerin k\u0131l\u0131&ccedil; ile silahland\u0131r\u0131lmas\u0131 ihtiyac\u0131 ortaya &ccedil;\u0131k\u0131nca, y\u0131llar sonra k\u0131l\u0131&ccedil; yap\u0131m ustalar\u0131 eski kalitede olmasa da tekrar k\u0131l\u0131&ccedil; yapmaya ba\u015flam\u0131\u015flard\u0131r.\n<\/div>\n<div>\n\tABD&#39;nin Japonya&#39;y\u0131 i\u015fgali s\u0131ras\u0131nda t&uuml;m silahl\u0131 kuvvetler da\u011f\u0131t\u0131lm\u0131\u015ft\u0131r. Belediye ve polis izni d\u0131\u015f\u0131nda keskin kenarl\u0131 katana imalat\u0131 da yasaklanm\u0131\u015ft\u0131r. Daha sonra Dr. Homma Junji&rsquo;nin General Douglas MacArthur&rsquo;a ba\u015fvurmas\u0131 &uuml;zerine bu yasak kald\u0131r\u0131lm\u0131\u015ft\u0131r.<br \/>\n\t<img decoding=\"async\" loading=\"lazy\" alt=\"\" class=\"alignleft size-full wp-image-88\" height=\"192\" src=\"https:\/\/www.shibumidojo.com\/wp-content\/uploads\/2011\/03\/samurai.jpg\" title=\"samurai\" width=\"160\" \/>G&ouml;r&uuml;\u015fmeleri s\u0131ras\u0131nda Dr. Homma, Japon tarihinin &ccedil;e\u015fitli d&ouml;nemlerinden k\u0131l\u0131&ccedil;lar\u0131 g&ouml;stermi\u015f, General Mac Arthur da hangi k\u0131l\u0131&ccedil;lar\u0131n artistik de\u011feri oldu\u011funu, hangilerinin ise ger&ccedil;ek silah olarak d&uuml;\u015f&uuml;n&uuml;lmesi gerekti\u011fini tespit etmi\u015ftir. Bu toplant\u0131n\u0131n sonucunda hangi k\u0131l\u0131&ccedil;lar\u0131n yasaklanaca\u011f\u0131 d&uuml;zenlenmi\u015ftir. B&ouml;ylece gunto s\u0131n\u0131f\u0131 tamamen imha edilecek ve artistik de\u011fere sahip k\u0131l\u0131&ccedil;lara sahip olmak ve muhafaza etmek m&uuml;mk&uuml;n olacakt\u0131r. Hatta bir&ccedil;ok katana, kelepir fiyata ABD askerlerine sat\u0131lm\u0131\u015ft\u0131r. Baz\u0131lar\u0131 &ccedil;al\u0131nm\u0131\u015f, geri\n<\/div>\n<div>\n\tkalanlar ise muhafaza edilmi\u015ftir.\n<\/div>\n<p>\n\t<script type=\"text\/javascript\">\/\/ < ![CDATA[<\/p>\n<p>  var _gaq = _gaq || [];\n  _gaq.push(['_setAccount', 'UA-18302607-1']);\n  _gaq.push(['_trackPageview']);<\/p>\n<p>  (function() {\n    var ga = document.createElement('script'); ga.type = 'text\/javascript'; ga.async = true;\n    ga.src = ('https:' == document.location.protocol ? 'https:\/\/ssl' : 'http:\/\/www') + '.google-analytics.com\/ga.js';\n    var s = document.getElementsByTagName('script')[0]; s.parentNode.insertBefore(ga, s);\n  })();<\/p>\n<p>\/\/ ]]><\/p>\n<p><\/script><\/p>\n","protected":false},"excerpt":{"rendered":"<p>K\u0131l\u0131c\u0131n ilk bulunu\u015fu ge&ccedil;mi\u015fte her ne kadar T&uuml;rklere kadar uzansa da, konu Kenjutsu.. Japonlar k\u0131l\u0131&ccedil; yapma sanat\u0131n\u0131 &Ccedil;inli demircilerden &ouml;\u011frendiler. Eski k\u0131l\u0131&ccedil;lar &Ccedil;in tarz\u0131nda, d&uuml;z, tek ya da &ccedil;ift tarafl\u0131yd\u0131. \u0130yi k\u0131l\u0131&ccedil; yap\u0131m\u0131 demiri bulan T&uuml;rkler taraf\u0131ndan ger&ccedil;ekle\u015ftirilmi\u015ftir. T&uuml;rk k\u0131l\u0131&ccedil;lar\u0131 d&ouml;vme demirden ve a\u011f\u0131rl\u0131klar\u0131 u&ccedil; tarafa toplanacak bi&ccedil;imde yap\u0131l\u0131rd\u0131. Her bozulu\u015f yada k\u0131r\u0131l\u0131\u015fta yeniden d&ouml;v&uuml;lerek &hellip; <\/p>\n","protected":false},"author":1,"featured_media":0,"parent":0,"menu_order":2,"comment_status":"open","ping_status":"open","template":"","meta":{"om_disable_all_campaigns":false,"_mi_skip_tracking":false},"aioseo_notices":[],"_links":{"self":[{"href":"https:\/\/www.shibumidojo.com\/index.php\/wp-json\/wp\/v2\/pages\/114"}],"collection":[{"href":"https:\/\/www.shibumidojo.com\/index.php\/wp-json\/wp\/v2\/pages"}],"about":[{"href":"https:\/\/www.shibumidojo.com\/index.php\/wp-json\/wp\/v2\/types\/page"}],"author":[{"embeddable":true,"href":"https:\/\/www.shibumidojo.com\/index.php\/wp-json\/wp\/v2\/users\/1"}],"replies":[{"embeddable":true,"href":"https:\/\/www.shibumidojo.com\/index.php\/wp-json\/wp\/v2\/comments?post=114"}],"version-history":[{"count":0,"href":"https:\/\/www.shibumidojo.com\/index.php\/wp-json\/wp\/v2\/pages\/114\/revisions"}],"wp:attachment":[{"href":"https:\/\/www.shibumidojo.com\/index.php\/wp-json\/wp\/v2\/media?parent=114"}],"curies":[{"name":"wp","href":"https:\/\/api.w.org\/{rel}","templated":true}]}}