{"id":1343,"date":"2012-08-31T00:21:08","date_gmt":"2012-08-30T21:21:08","guid":{"rendered":"https:\/\/www.shibumidojo.com\/?page_id=1343"},"modified":"2012-08-31T00:21:08","modified_gmt":"2012-08-30T21:21:08","slug":"gelecegin-suclusunu-yetistirmenin-en-basit-kurallari","status":"publish","type":"page","link":"https:\/\/www.shibumidojo.com\/index.php\/gelecegin-suclusunu-yetistirmenin-en-basit-kurallari\/","title":{"rendered":"Gelecegin Su\u00e7lusunu Yeti\u015ftirmenin En Basit Kurallar\u0131"},"content":{"rendered":"<p><strong>Gelece\u011fin<\/strong><strong>\u00a0Su\u00e7lusunu Yeti\u015ftirmenin En Basit Kurallar\u0131<a href=\"https:\/\/www.shibumidojo.com\/wp-content\/uploads\/2012\/08\/potansiyel.gif\"><img decoding=\"async\" loading=\"lazy\" class=\"alignleft size-full wp-image-1344\" title=\"potansiyel\" src=\"https:\/\/www.shibumidojo.com\/wp-content\/uploads\/2012\/08\/potansiyel.gif\" alt=\"\" width=\"175\" height=\"218\" \/><\/a><\/strong><\/p>\n<p><strong>\u00a0<\/strong><strong>Daha k\u00fc\u00e7\u00fckken \u00e7ocu\u011fa istedi\u011fi\u00a0her \u015feyi\u00a0vermeye ba\u015flay\u0131n! Bu \u015fekilde o,<\/strong><\/p>\n<p align=\"center\"><strong>herkesin onun ge\u00e7imini sa\u011flamak zorunda oldu\u011funa inanacakt\u0131r.<\/strong><\/p>\n<p align=\"center\"><strong>\u00a0<\/strong><strong>K\u00f6t\u00fc s\u00f6zler s\u00f6yledi\u011fi zaman g\u00fcl\u00fcn! B\u00f6ylece o kendisinin ak\u0131ll\u0131 oldu\u011funa\u00a0<\/strong><strong>inanacakt\u0131r.<\/strong><\/p>\n<p align=\"center\"><strong>\u00a0<\/strong><strong>Ona d\u00fc\u015f\u00fcnmeyi ve beynini kullanmay\u0131 hi\u00e7 \u00f6\u011fretmeyin! 21 ya\u015f\u0131na gelince kendi<\/strong><\/p>\n<p align=\"center\"><strong>kararlar\u0131n\u0131, kendisi versin diye bekleyin!<\/strong><\/p>\n<p align=\"center\"><strong>\u00a0<\/strong><strong>Yerde b\u0131rakt\u0131\u011f\u0131\u00a0her \u015feyi\u00a0kald\u0131r\u0131n; kitaplar\u0131n\u0131, ayakkab\u0131lar\u0131n\u0131,<\/strong><\/p>\n<p align=\"center\"><strong>k\u0131yafetlerini, onun i\u00e7in her\u015feyi siz yap\u0131n ki; o b\u00fct\u00fcn sorumluluklar\u0131n\u0131<\/strong><\/p>\n<p align=\"center\"><strong>ba\u015fkalar\u0131na y\u00fcklemeye al\u0131\u015fs\u0131n!<\/strong><\/p>\n<p align=\"center\"><strong>\u00a0<\/strong><strong>Onun g\u00f6z\u00fcn\u00fcn \u00f6n\u00fcnde s\u0131k s\u0131k kavga edin ki; bu sayede aile bir g\u00fcn<\/strong><\/p>\n<p align=\"center\"><strong>par\u00e7alan\u0131rsa \u00e7ok fazla \u00fcz\u00fclmesin.<\/strong><\/p>\n<p align=\"center\"><strong>\u00a0<\/strong><strong>Ona istedi\u011fi kadar har\u00e7l\u0131k verin ki; hi\u00e7bir zaman kendi paras\u0131n\u0131 kazanman\u0131n<\/strong><\/p>\n<p align=\"center\"><strong>ne oldu\u011funu \u00f6\u011frenmesin.<\/strong><\/p>\n<p align=\"center\"><strong>Yiyecek, giyecek ve konforla ilgili b\u00fct\u00fcn arzular\u0131n\u0131 yerine getirin<\/strong><\/p>\n<p align=\"center\"><strong>istediklerine ula\u015fmak i\u00e7in \u00e7al\u0131\u015fmak gerekti\u011fini \u00f6\u011frenmesin.<\/strong><\/p>\n<p align=\"center\"><strong>Kom\u015fulara, \u00f6\u011fretmenlere, polislere kar\u015f\u0131 daima onun taraf\u0131n\u0131 tutun ki,<\/strong><\/p>\n<p align=\"center\"><strong>onlar\u0131n hepsine kar\u015f\u0131 pe\u015fin h\u00fck\u00fcmleri olu\u015fsun.<\/strong><\/p>\n<p align=\"center\"><strong>B\u00fct\u00fcn bunlar\u0131 ve benzerlerini yaparak yeti\u015ftirdi\u011finiz \u00e7ocu\u011funuz bir g\u00fcn su\u00e7<\/strong><\/p>\n<p align=\"center\"><strong>i\u015flerse, kendisinden \u00f6z\u00fcr dileyin! Ama onu felaket dolu bir hayata<\/strong><\/p>\n<p align=\"center\"><strong>haz\u0131rlad\u0131\u011f\u0131n\u0131z i\u00e7in kendinize te\u015fekk\u00fcr etmeyi ihmal etmeyin!!<\/strong><\/p>\n<p align=\"center\">\n<p align=\"center\"><strong>\u00a0<\/strong><strong>Bu\u00a0yukar\u0131da\u00a0yaz\u0131l\u0131 maddeler ABD Houston Polis M\u00fcd\u00fcrl\u00fc\u011f\u00fc taraf\u0131ndan<\/strong><\/p>\n<p align=\"center\"><strong>haz\u0131rlanm\u0131\u015f ve kentteki t\u00fcm evlere ve okullara da\u011f\u0131t\u0131lm\u0131\u015ft\u0131r.<\/strong><\/p>\n","protected":false},"excerpt":{"rendered":"<p>Gelece\u011fin\u00a0Su\u00e7lusunu Yeti\u015ftirmenin En Basit Kurallar\u0131 \u00a0Daha k\u00fc\u00e7\u00fckken \u00e7ocu\u011fa istedi\u011fi\u00a0her \u015feyi\u00a0vermeye ba\u015flay\u0131n! Bu \u015fekilde o, herkesin onun ge\u00e7imini sa\u011flamak zorunda oldu\u011funa inanacakt\u0131r. \u00a0K\u00f6t\u00fc s\u00f6zler s\u00f6yledi\u011fi zaman g\u00fcl\u00fcn! B\u00f6ylece o kendisinin ak\u0131ll\u0131 oldu\u011funa\u00a0inanacakt\u0131r. \u00a0Ona d\u00fc\u015f\u00fcnmeyi ve beynini kullanmay\u0131 hi\u00e7 \u00f6\u011fretmeyin! 21 ya\u015f\u0131na gelince kendi kararlar\u0131n\u0131, kendisi versin diye bekleyin! \u00a0Yerde b\u0131rakt\u0131\u011f\u0131\u00a0her \u015feyi\u00a0kald\u0131r\u0131n; kitaplar\u0131n\u0131, ayakkab\u0131lar\u0131n\u0131, k\u0131yafetlerini, onun i\u00e7in &hellip; <\/p>\n","protected":false},"author":1,"featured_media":0,"parent":0,"menu_order":0,"comment_status":"open","ping_status":"open","template":"","meta":{"om_disable_all_campaigns":false,"_mi_skip_tracking":false},"aioseo_notices":[],"_links":{"self":[{"href":"https:\/\/www.shibumidojo.com\/index.php\/wp-json\/wp\/v2\/pages\/1343"}],"collection":[{"href":"https:\/\/www.shibumidojo.com\/index.php\/wp-json\/wp\/v2\/pages"}],"about":[{"href":"https:\/\/www.shibumidojo.com\/index.php\/wp-json\/wp\/v2\/types\/page"}],"author":[{"embeddable":true,"href":"https:\/\/www.shibumidojo.com\/index.php\/wp-json\/wp\/v2\/users\/1"}],"replies":[{"embeddable":true,"href":"https:\/\/www.shibumidojo.com\/index.php\/wp-json\/wp\/v2\/comments?post=1343"}],"version-history":[{"count":0,"href":"https:\/\/www.shibumidojo.com\/index.php\/wp-json\/wp\/v2\/pages\/1343\/revisions"}],"wp:attachment":[{"href":"https:\/\/www.shibumidojo.com\/index.php\/wp-json\/wp\/v2\/media?parent=1343"}],"curies":[{"name":"wp","href":"https:\/\/api.w.org\/{rel}","templated":true}]}}