{"id":141,"date":"2011-03-06T21:37:34","date_gmt":"2011-03-06T21:37:34","guid":{"rendered":"https:\/\/www.shibumidojo.com"},"modified":"2011-03-06T21:37:34","modified_gmt":"2011-03-06T21:37:34","slug":"turkiyede-jojutsu-dan-sahipleri","status":"publish","type":"page","link":"https:\/\/www.shibumidojo.com\/index.php\/jojutsu\/turkiyede-jojutsu-dan-sahipleri\/","title":{"rendered":"T\u00fcrkiye\u2019 deki Shinto Muso Ryu Jojutsu Dan Sahipleri"},"content":{"rendered":"<h4>\n\t<span style=\"font-size: 14px\"><span style=\"font-family: arial, helvetica, sans-serif\"><strong><a href=\"https:\/\/www.shibumidojo.com\/wp-content\/uploads\/2011\/03\/tr1.gif\"><img decoding=\"async\" loading=\"lazy\" alt=\"\" class=\"wp-image-1277 aligncenter\" height=\"50\" src=\"https:\/\/www.shibumidojo.com\/wp-content\/uploads\/2011\/03\/tr1.gif\" style=\"opacity: 0.9\" title=\"tr\" width=\"68\" \/><\/a><\/strong><\/span><\/span><br \/>\n<\/h4>\n<table border=\"1\" cellpadding=\"0\" cellspacing=\"0\" style=\"line-height: 20px\">\n<tbody>\n<tr>\n<td colspan=\"2\" height=\"46\">\n<h3>\n\t\t\t\t\t<span style=\"font-size: 14px\"><span style=\"font-family: arial, helvetica, sans-serif\"><strong>&nbsp;&nbsp;<span style=\"color: #ff0000\">&nbsp; &nbsp;&nbsp;&nbsp;Ad\u0131 Soyad\u0131<\/span><\/strong><\/span><\/span><br \/>\n\t\t\t\t<\/h3>\n<\/td>\n<td height=\"46\" width=\"118\">\n<h3>\n\t\t\t\t\t<span style=\"font-size: 14px\"><span style=\"font-family: arial, helvetica, sans-serif\"><strong><span style=\"color: #ff0000\">&nbsp;&nbsp;&nbsp;Dojosu<\/span><\/strong><\/span><\/span><br \/>\n\t\t\t\t<\/h3>\n<\/td>\n<td align=\"middle\" height=\"46\">\n<h3 style=\"text-align: left\">\n\t\t\t\t\t<span style=\"font-size: 14px\"><span style=\"font-family: arial, helvetica, sans-serif\"><strong><span style=\"color: #ff0000\">Dan Seviyesi<\/span><\/strong><\/span><\/span><br \/>\n\t\t\t\t<\/h3>\n<\/td>\n<td align=\"middle\" height=\"46\">\n<h3 style=\"text-align: left\">\n\t\t\t\t\t<span style=\"font-size: 14px\"><span style=\"font-family: arial, helvetica, sans-serif\"><strong><span style=\"color: #ff0000\">Tarih<\/span><\/strong><\/span><\/span><br \/>\n\t\t\t\t<\/h3>\n<\/td>\n<\/tr>\n<tr>\n<td width=\"27\">\n\t\t\t\t<span style=\"font-size: 14px\"><span style=\"font-family: arial, helvetica, sans-serif\"><strong><em>1<\/em><\/strong><\/span><\/span>\n\t\t\t<\/td>\n<td>\n<h4>\n\t\t\t\t\t<span style=\"font-size: 14px\"><span style=\"font-family: arial, helvetica, sans-serif\"><strong>Ahmet K&ouml;so\u011flu<\/strong><\/span><\/span><br \/>\n\t\t\t\t<\/h4>\n<\/td>\n<td align=\"middle\" width=\"118\">\n<h4 style=\"text-align: left\">\n\t\t\t\t\t<span style=\"font-size: 14px\"><span style=\"font-family: arial, helvetica, sans-serif\"><strong>Shibumi Dojo<\/strong><\/span><\/span><br \/>\n\t\t\t\t<\/h4>\n<\/td>\n<td align=\"middle\">\n<h4 style=\"text-align: left\">\n\t\t\t\t\t<span style=\"font-size: 14px\"><span style=\"font-family: arial, helvetica, sans-serif\"><strong>Yon Dan (4. Dan)<\/strong><\/span><\/span><br \/>\n\t\t\t\t<\/h4>\n<\/td>\n<td>\n<h4 class=\"style2\">\n\t\t\t\t\t<span style=\"font-size: 14px\"><span style=\"font-family: arial, helvetica, sans-serif\"><strong>&nbsp;03 Eyl&uuml;l 2014<\/strong><\/span><\/span><br \/>\n\t\t\t\t<\/h4>\n<\/td>\n<\/tr>\n<tr>\n<td width=\"27\">\n<h4>\n\t\t\t\t\t<span style=\"font-size: 14px\"><span style=\"font-family: arial, helvetica, sans-serif\"><strong>2<\/strong><\/span><\/span><br \/>\n\t\t\t\t<\/h4>\n<\/td>\n<td>\n<h4>\n\t\t\t\t\t<span style=\"font-size: 14px\"><span style=\"font-family: arial, helvetica, sans-serif\"><strong>Burak Sungur<\/strong><\/span><\/span><br \/>\n\t\t\t\t<\/h4>\n<\/td>\n<td align=\"middle\" width=\"118\">\n<h4 style=\"text-align: left\">\n\t\t\t\t\t<span style=\"font-size: 14px\"><span style=\"font-family: arial, helvetica, sans-serif\"><strong>Shibumi Dojo<\/strong><\/span><\/span><br \/>\n\t\t\t\t<\/h4>\n<\/td>\n<td align=\"middle\">\n<h4 style=\"text-align: left\">\n\t\t\t\t\t<span style=\"font-size: 14px\"><span style=\"font-family: arial, helvetica, sans-serif\"><strong>San Dan&nbsp;(3. Dan)<\/strong><\/span><\/span><br \/>\n\t\t\t\t<\/h4>\n<\/td>\n<td>\n<h4>\n\t\t\t\t\t<span style=\"font-size: 14px\"><span style=\"font-family: arial, helvetica, sans-serif\"><strong>&nbsp;27 Mart 2011<\/strong><\/span><\/span><br \/>\n\t\t\t\t<\/h4>\n<\/td>\n<\/tr>\n<tr>\n<td width=\"27\">\n<h4>\n\t\t\t\t\t<span style=\"font-size: 14px\"><span style=\"font-family: arial, helvetica, sans-serif\"><strong>3<\/strong><\/span><\/span><br \/>\n\t\t\t\t<\/h4>\n<\/td>\n<td>\n<h4>\n\t\t\t\t\t<span style=\"font-size: 14px\"><span style=\"font-family: arial, helvetica, sans-serif\"><strong>Yavuz Bedir<\/strong><\/span><\/span><br \/>\n\t\t\t\t<\/h4>\n<\/td>\n<td align=\"middle\" width=\"118\">\n<h4 style=\"text-align: left\">\n\t\t\t\t\t<span style=\"font-size: 14px\"><span style=\"font-family: arial, helvetica, sans-serif\"><strong>Shibumi Dojo<\/strong><\/span><\/span><br \/>\n\t\t\t\t<\/h4>\n<\/td>\n<td align=\"middle\">\n<h4 style=\"text-align: left\">\n\t\t\t\t\t<span style=\"font-size: 14px\"><span style=\"font-family: arial, helvetica, sans-serif\"><strong>San Dan&nbsp;(3. Dan)<\/strong><\/span><\/span><br \/>\n\t\t\t\t<\/h4>\n<\/td>\n<td>\n<h4>\n\t\t\t\t\t<span style=\"font-size: 14px\"><span style=\"font-family: arial, helvetica, sans-serif\"><strong>&nbsp;24 Mart 2012<\/strong><\/span><\/span><br \/>\n\t\t\t\t<\/h4>\n<\/td>\n<\/tr>\n<tr>\n<td width=\"27\">\n<h4>\n\t\t\t\t\t<span style=\"font-size: 14px\"><span style=\"font-family: arial, helvetica, sans-serif\"><strong>4<\/strong><\/span><\/span><br \/>\n\t\t\t\t<\/h4>\n<\/td>\n<td>\n<h4>\n\t\t\t\t\t<span style=\"font-size: 14px\"><span style=\"font-family: arial, helvetica, sans-serif\"><strong>&Ouml;mer Mardin<\/strong><\/span><\/span><br \/>\n\t\t\t\t<\/h4>\n<\/td>\n<td align=\"middle\" width=\"118\">\n<h4 style=\"text-align: left\">\n\t\t\t\t\t<span style=\"font-size: 14px\"><span style=\"font-family: arial, helvetica, sans-serif\"><strong>Shibumi Dojo<\/strong><\/span><\/span><br \/>\n\t\t\t\t<\/h4>\n<\/td>\n<td align=\"middle\">\n<h4 style=\"text-align: left\">\n\t\t\t\t\t<span style=\"font-size: 14px\"><span style=\"font-family: arial, helvetica, sans-serif\"><strong>San Dan (3. Dan)<\/strong><\/span><\/span><br \/>\n\t\t\t\t<\/h4>\n<\/td>\n<td>\n<h4>\n\t\t\t\t\t<span style=\"font-size: 14px\"><span style=\"font-family: arial, helvetica, sans-serif\"><strong>&nbsp;03 Eyl&uuml;l 2014<\/strong><\/span><\/span><br \/>\n\t\t\t\t<\/h4>\n<\/td>\n<\/tr>\n<tr>\n<td width=\"27\">\n<h4>\n\t\t\t\t\t<span style=\"font-size: 14px\"><span style=\"font-family: arial, helvetica, sans-serif\"><strong>5<\/strong><\/span><\/span><br \/>\n\t\t\t\t<\/h4>\n<\/td>\n<td>\n<h4>\n\t\t\t\t\t<span style=\"font-size: 14px\"><span style=\"font-family: arial, helvetica, sans-serif\"><strong>Bar\u0131\u015f Erkin G&uuml;l<\/strong><\/span><\/span><br \/>\n\t\t\t\t<\/h4>\n<\/td>\n<td align=\"middle\" width=\"118\">\n<h4 style=\"text-align: left\">\n\t\t\t\t\t<span style=\"font-size: 14px\"><span style=\"font-family: arial, helvetica, sans-serif\"><strong>Shibumi Dojo<\/strong><\/span><\/span><br \/>\n\t\t\t\t<\/h4>\n<\/td>\n<td align=\"middle\">\n<h4 style=\"text-align: left\">\n\t\t\t\t\t<span style=\"font-size: 14px\"><span style=\"font-family: arial, helvetica, sans-serif\"><strong>San Dan (3. Dan)<\/strong><\/span><\/span><br \/>\n\t\t\t\t<\/h4>\n<\/td>\n<td>\n<h4>\n\t\t\t\t\t<span style=\"font-size: 14px\"><span style=\"font-family: arial, helvetica, sans-serif\"><strong>&nbsp;03 Eyl&uuml;l 2014<\/strong><\/span><\/span><br \/>\n\t\t\t\t<\/h4>\n<\/td>\n<\/tr>\n<tr>\n<td width=\"27\">\n<h4>\n\t\t\t\t\t<span style=\"font-size: 14px\"><span style=\"font-family: arial, helvetica, sans-serif\"><strong>6<\/strong><\/span><\/span><br \/>\n\t\t\t\t<\/h4>\n<\/td>\n<td>\n<h4>\n\t\t\t\t\t<span style=\"font-size: 14px\"><span style=\"font-family: arial, helvetica, sans-serif\"><strong>Sel&ccedil;uk B&uuml;y&uuml;kaltay<\/strong><\/span><\/span><br \/>\n\t\t\t\t<\/h4>\n<\/td>\n<td align=\"middle\" width=\"118\">\n<h4 style=\"text-align: left\">\n\t\t\t\t\t<span style=\"font-size: 14px\"><span style=\"font-family: arial, helvetica, sans-serif\"><strong>Shibumi Dojo<\/strong><\/span><\/span><br \/>\n\t\t\t\t<\/h4>\n<\/td>\n<td align=\"middle\">\n<h4 style=\"text-align: left\">\n\t\t\t\t\t<span style=\"font-size: 14px\"><span style=\"font-family: arial, helvetica, sans-serif\"><strong>San Dan (3. Dan)<\/strong><\/span><\/span><br \/>\n\t\t\t\t<\/h4>\n<\/td>\n<td>\n<h4>\n\t\t\t\t\t<span style=\"font-size: 14px\"><span style=\"font-family: arial, helvetica, sans-serif\"><strong>&nbsp;9 Ekim 2015<\/strong><\/span><\/span><br \/>\n\t\t\t\t<\/h4>\n<\/td>\n<\/tr>\n<tr>\n<td width=\"27\">\n<h4>\n\t\t\t\t\t<span style=\"font-size: 14px\"><span style=\"font-family: arial, helvetica, sans-serif\"><strong>7<\/strong><\/span><\/span><br \/>\n\t\t\t\t<\/h4>\n<\/td>\n<td>\n\t\t\t\t<span style=\"font-size: 14px\"><span style=\"font-family: arial, helvetica, sans-serif\"><strong>\u0130lknur K&uuml;&ccedil;&uuml;k<\/strong><\/span><\/span>\n\t\t\t<\/td>\n<td align=\"middle\" width=\"118\">\n<h4 style=\"text-align: left\">\n\t\t\t\t\t<span style=\"font-size: 14px\"><span style=\"font-family: arial, helvetica, sans-serif\"><strong>Shibumi Dojo<\/strong><\/span><\/span><br \/>\n\t\t\t\t<\/h4>\n<\/td>\n<td align=\"middle\">\n<h4 style=\"text-align: left\">\n\t\t\t\t\t<span style=\"font-size: 14px\"><span style=\"font-family: arial, helvetica, sans-serif\"><strong>Ni &nbsp;Dan &nbsp;(2. Dan)<\/strong><\/span><\/span><br \/>\n\t\t\t\t<\/h4>\n<\/td>\n<td>\n<h4>\n\t\t\t\t\t<span style=\"font-size: 14px\"><span style=\"font-family: arial, helvetica, sans-serif\"><strong>&nbsp;24 Mart 2012<\/strong><\/span><\/span><br \/>\n\t\t\t\t<\/h4>\n<\/td>\n<\/tr>\n<tr>\n<td width=\"27\">\n<h4>\n\t\t\t\t\t<span style=\"font-size: 14px\"><span style=\"font-family: arial, helvetica, sans-serif\"><strong>8<\/strong><\/span><\/span><br \/>\n\t\t\t\t<\/h4>\n<\/td>\n<td>\n<h4>\n\t\t\t\t\t<span style=\"font-size: 14px\"><span style=\"font-family: arial, helvetica, sans-serif\"><strong>Ceyhun Aslan<\/strong><\/span><\/span><br \/>\n\t\t\t\t<\/h4>\n<\/td>\n<td align=\"middle\" width=\"118\">\n<h4 style=\"text-align: left\">\n\t\t\t\t\t<span style=\"font-size: 14px\"><span style=\"font-family: arial, helvetica, sans-serif\"><strong>Shibumi Dojo<\/strong><\/span><\/span><br \/>\n\t\t\t\t<\/h4>\n<\/td>\n<td align=\"middle\">\n<h4 style=\"text-align: left\">\n\t\t\t\t\t<span style=\"font-size: 14px\"><span style=\"font-family: arial, helvetica, sans-serif\"><strong>Ni &nbsp;Dan &nbsp;(2. Dan)<\/strong><\/span><\/span><br \/>\n\t\t\t\t<\/h4>\n<\/td>\n<td>\n<h4>\n\t\t\t\t\t<span style=\"font-size: 14px\"><span style=\"font-family: arial, helvetica, sans-serif\"><strong>&nbsp;03 Eyl&uuml;l 2014<\/strong><\/span><\/span><br \/>\n\t\t\t\t<\/h4>\n<\/td>\n<\/tr>\n<tr>\n<td width=\"27\">\n<h4>\n\t\t\t\t\t<span style=\"font-size: 14px\"><span style=\"font-family: arial, helvetica, sans-serif\"><strong>9<\/strong><\/span><\/span><br \/>\n\t\t\t\t<\/h4>\n<\/td>\n<td>\n<h4>\n\t\t\t\t\t<span style=\"font-size: 14px\"><span style=\"font-family: arial, helvetica, sans-serif\"><strong>Faik Altu\u011f Okdemir<\/strong><\/span><\/span><br \/>\n\t\t\t\t<\/h4>\n<\/td>\n<td align=\"middle\" width=\"118\">\n<h4 style=\"text-align: left\">\n\t\t\t\t\t<span style=\"font-size: 14px\"><span style=\"font-family: arial, helvetica, sans-serif\"><strong>Shibumi Dojo<\/strong><\/span><\/span><br \/>\n\t\t\t\t<\/h4>\n<\/td>\n<td align=\"middle\">\n<h4 style=\"text-align: left\">\n\t\t\t\t\t<span style=\"font-size: 14px\"><span style=\"font-family: arial, helvetica, sans-serif\"><strong>Ni &nbsp;Dan &nbsp;(2. Dan)<\/strong><\/span><\/span><br \/>\n\t\t\t\t<\/h4>\n<\/td>\n<td>\n<h4>\n\t\t\t\t\t<span style=\"font-size: 14px\"><span style=\"font-family: arial, helvetica, sans-serif\"><strong>&nbsp;03 Eyl&uuml;l 2014<\/strong><\/span><\/span><br \/>\n\t\t\t\t<\/h4>\n<\/td>\n<\/tr>\n<tr>\n<td width=\"27\">\n<h4>\n\t\t\t\t\t<span style=\"font-size: 14px\"><span style=\"font-family: arial, helvetica, sans-serif\"><strong>10<\/strong><\/span><\/span><br \/>\n\t\t\t\t<\/h4>\n<\/td>\n<td>\n<h4>\n\t\t\t\t\t<span style=\"font-size: 14px\"><span style=\"font-family: arial, helvetica, sans-serif\"><strong>Ahmet Karatay<\/strong><\/span><\/span><br \/>\n\t\t\t\t<\/h4>\n<\/td>\n<td align=\"middle\" width=\"118\">\n<h4 style=\"text-align: left\">\n\t\t\t\t\t<span style=\"font-size: 14px\"><span style=\"font-family: arial, helvetica, sans-serif\"><strong>Shibumi Dojo<\/strong><\/span><\/span><br \/>\n\t\t\t\t<\/h4>\n<\/td>\n<td align=\"middle\">\n<h4 style=\"text-align: left\">\n\t\t\t\t\t<span style=\"font-size: 14px\"><span style=\"font-family: arial, helvetica, sans-serif\"><strong>Ni &nbsp;Dan &nbsp;(2. Dan)<\/strong><\/span><\/span><br \/>\n\t\t\t\t<\/h4>\n<\/td>\n<td>\n<h4>\n\t\t\t\t\t<span style=\"font-size: 14px\"><span style=\"font-family: arial, helvetica, sans-serif\"><strong>&nbsp;03 Eyl&uuml;l 2014<\/strong><\/span><\/span><br \/>\n\t\t\t\t<\/h4>\n<\/td>\n<\/tr>\n<tr>\n<td width=\"27\">\n<h4>\n\t\t\t\t\t<span style=\"font-size: 14px\"><span style=\"font-family: arial, helvetica, sans-serif\"><strong>11<\/strong><\/span><\/span><br \/>\n\t\t\t\t<\/h4>\n<\/td>\n<td>\n<h4>\n\t\t\t\t\t<span style=\"font-size: 14px\"><span style=\"font-family: arial, helvetica, sans-serif\"><strong>Erg&uuml;n G&ouml;k<\/strong><\/span><\/span><br \/>\n\t\t\t\t<\/h4>\n<\/td>\n<td align=\"middle\" width=\"118\">\n<h4 style=\"text-align: left\">\n\t\t\t\t\t<span style=\"font-size: 14px\"><span style=\"font-family: arial, helvetica, sans-serif\"><strong>Shibumi Dojo<\/strong><\/span><\/span><br \/>\n\t\t\t\t<\/h4>\n<\/td>\n<td align=\"middle\">\n<h4 style=\"text-align: left\">\n\t\t\t\t\t<span style=\"font-size: 14px\"><span style=\"font-family: arial, helvetica, sans-serif\"><strong>Sho dan (1. Dan)<\/strong><\/span><\/span><br \/>\n\t\t\t\t<\/h4>\n<\/td>\n<td>\n<h4>\n\t\t\t\t\t<span style=\"font-size: 14px\"><span style=\"font-family: arial, helvetica, sans-serif\"><strong>&nbsp;03 Eyl&uuml;l 2014<\/strong><\/span><\/span><br \/>\n\t\t\t\t<\/h4>\n<\/td>\n<\/tr>\n<tr>\n<td width=\"27\">\n<h4>\n\t\t\t\t\t<span style=\"font-size: 14px\"><span style=\"font-family: arial, helvetica, sans-serif\"><strong>12<\/strong><\/span><\/span><br \/>\n\t\t\t\t<\/h4>\n<\/td>\n<td>\n<h4>\n\t\t\t\t\t<span style=\"font-size: 14px\"><span style=\"font-family: arial, helvetica, sans-serif\"><strong>Levent B&uuml;t&uuml;n<\/strong><\/span><\/span><br \/>\n\t\t\t\t<\/h4>\n<\/td>\n<td align=\"middle\" width=\"118\">\n<h4 style=\"text-align: left\">\n\t\t\t\t\t<span style=\"font-size: 14px\"><span style=\"font-family: arial, helvetica, sans-serif\"><strong>Shibumi Dojo<\/strong><\/span><\/span><br \/>\n\t\t\t\t<\/h4>\n<\/td>\n<td align=\"middle\">\n<h4 style=\"text-align: left\">\n\t\t\t\t\t<span style=\"font-size: 14px\"><span style=\"font-family: arial, helvetica, sans-serif\"><strong>Sho dan (1. Dan)<\/strong><\/span><\/span><br \/>\n\t\t\t\t<\/h4>\n<\/td>\n<td>\n<h4>\n\t\t\t\t\t<span style=\"font-size: 14px\"><span style=\"font-family: arial, helvetica, sans-serif\"><strong>&nbsp;24 Mart 2012<\/strong><\/span><\/span><br \/>\n\t\t\t\t<\/h4>\n<\/td>\n<\/tr>\n<tr>\n<td width=\"27\">\n<h4>\n\t\t\t\t\t<span style=\"font-size: 14px\"><span style=\"font-family: arial, helvetica, sans-serif\"><strong>13<\/strong><\/span><\/span><br \/>\n\t\t\t\t<\/h4>\n<\/td>\n<td>\n<h4>\n\t\t\t\t\t<span style=\"font-size: 14px\"><span style=\"font-family: arial, helvetica, sans-serif\"><strong>Emre Okucu<\/strong><\/span><\/span><br \/>\n\t\t\t\t<\/h4>\n<\/td>\n<td align=\"middle\" width=\"118\">\n<h4 style=\"text-align: left\">\n\t\t\t\t\t<span style=\"font-size: 14px\"><span style=\"font-family: arial, helvetica, sans-serif\"><strong>Shibumi Dojo<\/strong><\/span><\/span><br \/>\n\t\t\t\t<\/h4>\n<\/td>\n<td align=\"middle\">\n<h4 style=\"text-align: left\">\n\t\t\t\t\t<span style=\"font-size: 14px\"><span style=\"font-family: arial, helvetica, sans-serif\"><strong>Sho dan (1. Dan)<\/strong><\/span><\/span><br \/>\n\t\t\t\t<\/h4>\n<\/td>\n<td>\n<h4>\n\t\t\t\t\t<span style=\"font-size: 14px\"><span style=\"font-family: arial, helvetica, sans-serif\"><strong>&nbsp;24 Mart 2012<\/strong><\/span><\/span><br \/>\n\t\t\t\t<\/h4>\n<\/td>\n<\/tr>\n<tr>\n<td width=\"27\">\n<h4>\n\t\t\t\t\t<span style=\"font-size: 14px\"><span style=\"font-family: arial, helvetica, sans-serif\"><strong>14<\/strong><\/span><\/span><br \/>\n\t\t\t\t<\/h4>\n<\/td>\n<td>\n<h4>\n\t\t\t\t\t<span style=\"font-size: 14px\"><span style=\"font-family: arial, helvetica, sans-serif\"><strong>S&uuml;ha&nbsp;Ba\u011fdat<\/strong><\/span><\/span><br \/>\n\t\t\t\t<\/h4>\n<\/td>\n<td align=\"middle\" width=\"118\">\n<h4 style=\"text-align: left\">\n\t\t\t\t\t<span style=\"font-size: 14px\"><span style=\"font-family: arial, helvetica, sans-serif\"><strong>Shibumi Dojo<\/strong><\/span><\/span><br \/>\n\t\t\t\t<\/h4>\n<\/td>\n<td align=\"middle\">\n<h4 style=\"text-align: left\">\n\t\t\t\t\t<span style=\"font-size: 14px\"><span style=\"font-family: arial, helvetica, sans-serif\"><strong>Sho dan (1. Dan)<\/strong><\/span><\/span><br \/>\n\t\t\t\t<\/h4>\n<\/td>\n<td>\n<h4>\n\t\t\t\t\t<span style=\"font-size: 14px\"><span style=\"font-family: arial, helvetica, sans-serif\"><strong>&nbsp;23 May\u0131s 2006<\/strong><\/span><\/span><br \/>\n\t\t\t\t<\/h4>\n<\/td>\n<\/tr>\n<tr>\n<td width=\"27\">\n<h4>\n\t\t\t\t\t<span style=\"font-size: 14px\"><span style=\"font-family: arial, helvetica, sans-serif\"><strong>15<\/strong><\/span><\/span><br \/>\n\t\t\t\t<\/h4>\n<\/td>\n<td>\n<h4>\n\t\t\t\t\t<span style=\"font-size: 14px\"><span style=\"font-family: arial, helvetica, sans-serif\"><strong>Kerem Dalgayaran<\/strong><\/span><\/span><br \/>\n\t\t\t\t<\/h4>\n<\/td>\n<td align=\"middle\" width=\"118\">\n<h4 style=\"text-align: left\">\n\t\t\t\t\t<span style=\"font-size: 14px\"><span style=\"font-family: arial, helvetica, sans-serif\"><strong>Shibumi Dojo<\/strong><\/span><\/span><br \/>\n\t\t\t\t<\/h4>\n<\/td>\n<td align=\"middle\">\n<h4 style=\"text-align: left\">\n\t\t\t\t\t<span style=\"font-size: 14px\"><span style=\"font-family: arial, helvetica, sans-serif\"><strong>Sho dan (1. Dan)<\/strong><\/span><\/span><br \/>\n\t\t\t\t<\/h4>\n<\/td>\n<td>\n<h4>\n\t\t\t\t\t<span style=\"font-size: 14px\"><span style=\"font-family: arial, helvetica, sans-serif\"><strong>&nbsp;08 Haziran 2008<\/strong><\/span><\/span><br \/>\n\t\t\t\t<\/h4>\n<\/td>\n<\/tr>\n<tr>\n<td width=\"27\">\n<h4 class=\"style2\">\n\t\t\t\t\t<span style=\"font-size: 14px\"><span style=\"font-family: arial, helvetica, sans-serif\"><strong>16<\/strong><\/span><\/span><br \/>\n\t\t\t\t<\/h4>\n<\/td>\n<td>\n<h4>\n\t\t\t\t\t<span style=\"font-size: 14px\"><span style=\"font-family: arial, helvetica, sans-serif\"><strong>&Ouml;zg&uuml;r &Ouml;zdural<\/strong><\/span><\/span><br \/>\n\t\t\t\t<\/h4>\n<\/td>\n<td align=\"middle\" width=\"118\">\n<h4 style=\"text-align: left\">\n\t\t\t\t\t<span style=\"font-size: 14px\"><span style=\"font-family: arial, helvetica, sans-serif\"><strong>Shibumi Dojo<\/strong><\/span><\/span><br \/>\n\t\t\t\t<\/h4>\n<\/td>\n<td align=\"middle\">\n<h4 style=\"text-align: left\">\n\t\t\t\t\t<span style=\"font-size: 14px\"><span style=\"font-family: arial, helvetica, sans-serif\"><strong>Sho dan (1. Dan)<\/strong><\/span><\/span><br \/>\n\t\t\t\t<\/h4>\n<\/td>\n<td>\n<h4>\n\t\t\t\t\t<span style=\"font-size: 14px\"><span style=\"font-family: arial, helvetica, sans-serif\"><strong>&nbsp;08 Haziran 2008<\/strong><\/span><\/span><br \/>\n\t\t\t\t<\/h4>\n<\/td>\n<\/tr>\n<\/tbody>\n<\/table>\n<p>\n\t&nbsp;\n<\/p>\n<h4>\n\t<span style=\"font-size: 14px\"><span style=\"font-family: arial, helvetica, sans-serif\"><strong>&nbsp;<\/strong><\/span><\/span><br \/>\n<\/h4>\n<p>\n\t&nbsp;<\/p>\n","protected":false},"excerpt":{"rendered":"<p>&nbsp;&nbsp;&nbsp; &nbsp;&nbsp;&nbsp;Ad\u0131 Soyad\u0131 &nbsp;&nbsp;&nbsp;Dojosu Dan Seviyesi Tarih 1 Ahmet K&ouml;so\u011flu Shibumi Dojo Yon Dan (4. Dan) &nbsp;03 Eyl&uuml;l 2014 2 Burak Sungur Shibumi Dojo San Dan&nbsp;(3. Dan) &nbsp;27 Mart 2011 3 Yavuz Bedir Shibumi Dojo San Dan&nbsp;(3. Dan) &nbsp;24 Mart 2012 4 &Ouml;mer Mardin Shibumi Dojo San Dan (3. Dan) &nbsp;03 Eyl&uuml;l 2014 5 Bar\u0131\u015f &hellip; <\/p>\n","protected":false},"author":1,"featured_media":0,"parent":130,"menu_order":0,"comment_status":"open","ping_status":"open","template":"","meta":{"om_disable_all_campaigns":false,"_mi_skip_tracking":false},"aioseo_notices":[],"_links":{"self":[{"href":"https:\/\/www.shibumidojo.com\/index.php\/wp-json\/wp\/v2\/pages\/141"}],"collection":[{"href":"https:\/\/www.shibumidojo.com\/index.php\/wp-json\/wp\/v2\/pages"}],"about":[{"href":"https:\/\/www.shibumidojo.com\/index.php\/wp-json\/wp\/v2\/types\/page"}],"author":[{"embeddable":true,"href":"https:\/\/www.shibumidojo.com\/index.php\/wp-json\/wp\/v2\/users\/1"}],"replies":[{"embeddable":true,"href":"https:\/\/www.shibumidojo.com\/index.php\/wp-json\/wp\/v2\/comments?post=141"}],"version-history":[{"count":0,"href":"https:\/\/www.shibumidojo.com\/index.php\/wp-json\/wp\/v2\/pages\/141\/revisions"}],"up":[{"embeddable":true,"href":"https:\/\/www.shibumidojo.com\/index.php\/wp-json\/wp\/v2\/pages\/130"}],"wp:attachment":[{"href":"https:\/\/www.shibumidojo.com\/index.php\/wp-json\/wp\/v2\/media?parent=141"}],"curies":[{"name":"wp","href":"https:\/\/api.w.org\/{rel}","templated":true}]}}