{"id":144,"date":"2011-03-06T21:40:11","date_gmt":"2011-03-06T21:40:11","guid":{"rendered":"https:\/\/www.shibumidojo.com"},"modified":"2011-03-06T21:40:11","modified_gmt":"2011-03-06T21:40:11","slug":"turkiyede-jojutsu-kyu-sahipleri","status":"publish","type":"page","link":"https:\/\/www.shibumidojo.com\/index.php\/jojutsu\/turkiyede-jojutsu-kyu-sahipleri\/","title":{"rendered":"T\u00fcrkiye&#8217; deki Jojutsu Kyu Sahipleri"},"content":{"rendered":"<p style=\"text-align: center;\">\n\t<strong><img decoding=\"async\" loading=\"lazy\" alt=\"\" class=\"wp-image-1288 aligncenter\" height=\"50\" src=\"https:\/\/www.shibumidojo.com\/wp-content\/uploads\/2011\/03\/tr3.gif\" title=\"tr\" width=\"68\" \/><\/strong>\n<\/p>\n<div style=\"text-align: left;\">\n<table border=\"1\" cellpadding=\"0\" cellspacing=\"0\" style=\"width:609px;\" width=\"609\">\n<tbody>\n<tr>\n<td colspan=\"2\" style=\"width:338px;\">\n<p>\n\t\t\t\t\t\t<em>&nbsp;&nbsp;&nbsp;&nbsp;&nbsp;&nbsp;&nbsp;&nbsp;&nbsp;&nbsp;&nbsp;&nbsp;&nbsp;&nbsp;&nbsp; <strong>Ad\u0131 Soyad\u0131<\/strong><\/em>\n\t\t\t\t\t<\/p>\n<\/td>\n<td style=\"width:139px;\">\n<p>\n\t\t\t\t\t\t<strong><em>Kyu Seviyesi<\/em><\/strong>\n\t\t\t\t\t<\/p>\n<\/td>\n<td style=\"width:132px;\">\n<p>\n\t\t\t\t\t\t<strong><em>Tarihi<\/em><\/strong>\n\t\t\t\t\t<\/p>\n<\/td>\n<\/tr>\n<tr>\n<td style=\"width:36px;\">\n<p>\n\t\t\t\t\t\t<em>1<\/em>\n\t\t\t\t\t<\/p>\n<\/td>\n<td>\n<p>\n\t\t\t\t\t\t<em>G&ouml;rkem Dosdo\u011fru<\/em>\n\t\t\t\t\t<\/p>\n<\/td>\n<td style=\"width:139px;\">\n<p>\n\t\t\t\t\t\t<em>1. Kyu<\/em>\n\t\t\t\t\t<\/p>\n<\/td>\n<td style=\"width:132px;\">\n<p>\n\t\t\t\t\t\t<em>&nbsp;03 Eyl&uuml;l&nbsp;2014<\/em>\n\t\t\t\t\t<\/p>\n<\/td>\n<\/tr>\n<tr>\n<td style=\"width:36px;\">\n<p>\n\t\t\t\t\t\t<em>2<\/em>\n\t\t\t\t\t<\/p>\n<\/td>\n<td>\n<p>\n\t\t\t\t\t\tEfe Sar\u0131ahmeto\u011flu\n\t\t\t\t\t<\/p>\n<\/td>\n<td style=\"width:139px;\">\n<p>\n\t\t\t\t\t\t<em>1. Kyu<\/em>\n\t\t\t\t\t<\/p>\n<\/td>\n<td style=\"width:132px;\">\n<p>\n\t\t\t\t\t\t<em>09 Ekim2015<\/em>\n\t\t\t\t\t<\/p>\n<\/td>\n<\/tr>\n<tr>\n<td style=\"width:36px;\">\n<p>\n\t\t\t\t\t\t<em>3<\/em>\n\t\t\t\t\t<\/p>\n<\/td>\n<td>\n<p>\n\t\t\t\t\t\t<em>&Uuml;nal Muhlis Ergen&ccedil;<\/em>\n\t\t\t\t\t<\/p>\n<\/td>\n<td style=\"width:139px;\">\n<p>\n\t\t\t\t\t\t<em>2. Kyu<\/em>\n\t\t\t\t\t<\/p>\n<\/td>\n<td style=\"width:132px;\">\n<p>\n\t\t\t\t\t\t<em>27 Mart 2011<\/em>\n\t\t\t\t\t<\/p>\n<\/td>\n<\/tr>\n<tr>\n<td style=\"width:36px;\">\n<p>\n\t\t\t\t\t\t<em>4<\/em>\n\t\t\t\t\t<\/p>\n<\/td>\n<td>\n<p>\n\t\t\t\t\t\t<em>Kadir Erdemci<\/em>\n\t\t\t\t\t<\/p>\n<\/td>\n<td style=\"width:139px;\">\n<p>\n\t\t\t\t\t\t<em>3. Kyu<\/em>\n\t\t\t\t\t<\/p>\n<\/td>\n<td style=\"width:132px;\">\n<p>\n\t\t\t\t\t\t<em>23 Mart 2005<\/em>\n\t\t\t\t\t<\/p>\n<\/td>\n<\/tr>\n<tr>\n<td style=\"width:36px;\">\n<p>\n\t\t\t\t\t\t<em>5<\/em>\n\t\t\t\t\t<\/p>\n<\/td>\n<td>\n<p>\n\t\t\t\t\t\t<em>Bo\u011fa&ccedil; &Ouml;zgen<\/em>\n\t\t\t\t\t<\/p>\n<\/td>\n<td style=\"width:139px;\">\n<p>\n\t\t\t\t\t\t<em>3. Kyu<\/em>\n\t\t\t\t\t<\/p>\n<\/td>\n<td style=\"width:132px;\">\n<p>\n\t\t\t\t\t\t<em>23 Mart 2005<\/em>\n\t\t\t\t\t<\/p>\n<\/td>\n<\/tr>\n<tr>\n<td style=\"width:36px;\">\n<p>\n\t\t\t\t\t\t<em>6<\/em>\n\t\t\t\t\t<\/p>\n<\/td>\n<td>\n<p>\n\t\t\t\t\t\t<em>Mehmet K\u0131l\u0131&ccedil;<\/em>\n\t\t\t\t\t<\/p>\n<\/td>\n<td style=\"width:139px;\">\n<p>\n\t\t\t\t\t\t<em>3. Kyu<\/em>\n\t\t\t\t\t<\/p>\n<\/td>\n<td style=\"width:132px;\">\n<p>\n\t\t\t\t\t\t<em>09 Mart 2007<\/em>\n\t\t\t\t\t<\/p>\n<\/td>\n<\/tr>\n<tr>\n<td style=\"width:36px;\">\n<p>\n\t\t\t\t\t\t<em>7<\/em>\n\t\t\t\t\t<\/p>\n<\/td>\n<td>\n<p>\n\t\t\t\t\t\t<em>Artur Kazanc\u0131<\/em>\n\t\t\t\t\t<\/p>\n<\/td>\n<td style=\"width:139px;\">\n<p>\n\t\t\t\t\t\t<em>3. Kyu<\/em>\n\t\t\t\t\t<\/p>\n<\/td>\n<td style=\"width:132px;\">\n<p>\n\t\t\t\t\t\t<em>21 Aral\u0131k 2007<\/em>\n\t\t\t\t\t<\/p>\n<\/td>\n<\/tr>\n<tr>\n<td style=\"width:36px;\">\n<p>\n\t\t\t\t\t\t<em>8<\/em>\n\t\t\t\t\t<\/p>\n<\/td>\n<td>\n<p>\n\t\t\t\t\t\t<em>Tayfun Toksoylu<\/em>\n\t\t\t\t\t<\/p>\n<\/td>\n<td style=\"width:139px;\">\n<p>\n\t\t\t\t\t\t<em>3. Kyu<\/em>\n\t\t\t\t\t<\/p>\n<\/td>\n<td style=\"width:132px;\">\n<p>\n\t\t\t\t\t\t<em>21 Aral\u0131k 2007<\/em>\n\t\t\t\t\t<\/p>\n<\/td>\n<\/tr>\n<tr>\n<td style=\"width:36px;\">\n<p>\n\t\t\t\t\t\t<em>9<\/em>\n\t\t\t\t\t<\/p>\n<\/td>\n<td>\n<p>\n\t\t\t\t\t\t<em>Fatih Akbulut<\/em>\n\t\t\t\t\t<\/p>\n<\/td>\n<td style=\"width:139px;\">\n<p>\n\t\t\t\t\t\t<em>3. Kyu<\/em>\n\t\t\t\t\t<\/p>\n<\/td>\n<td style=\"width:132px;\">\n<p>\n\t\t\t\t\t\t<em>11 Haziran 2008<\/em>\n\t\t\t\t\t<\/p>\n<\/td>\n<\/tr>\n<tr>\n<td style=\"width:36px;\">\n<p>\n\t\t\t\t\t\t<em>10<\/em>\n\t\t\t\t\t<\/p>\n<\/td>\n<td>\n<p>\n\t\t\t\t\t\t<em>Banu Dosdo\u011fru<\/em>\n\t\t\t\t\t<\/p>\n<\/td>\n<td style=\"width:139px;\">\n<p>\n\t\t\t\t\t\t<em>3. Kyu<\/em>\n\t\t\t\t\t<\/p>\n<\/td>\n<td style=\"width:132px;\">\n<p>\n\t\t\t\t\t\t<em>27 Mart 2011<\/em>\n\t\t\t\t\t<\/p>\n<\/td>\n<\/tr>\n<tr>\n<td style=\"width:36px;\">\n<p>\n\t\t\t\t\t\t<em>11<\/em>\n\t\t\t\t\t<\/p>\n<\/td>\n<td>\n<p>\n\t\t\t\t\t\t<em>G&ouml;khan G&uuml;rlek<\/em>\n\t\t\t\t\t<\/p>\n<\/td>\n<td style=\"width:139px;\">\n<p>\n\t\t\t\t\t\t<em>3. Kyu<\/em>\n\t\t\t\t\t<\/p>\n<\/td>\n<td style=\"width:132px;\">\n<p>\n\t\t\t\t\t\t<em>27 Mart 2011<\/em>\n\t\t\t\t\t<\/p>\n<\/td>\n<\/tr>\n<tr>\n<td style=\"width:36px;\">\n<p>\n\t\t\t\t\t\t<em>12<\/em>\n\t\t\t\t\t<\/p>\n<\/td>\n<td>\n<p>\n\t\t\t\t\t\t<em>G.G&uuml;rkan Yard\u0131mc\u0131<\/em>\n\t\t\t\t\t<\/p>\n<\/td>\n<td style=\"width:139px;\">\n<p>\n\t\t\t\t\t\t<em>4. Kyu<\/em>\n\t\t\t\t\t<\/p>\n<\/td>\n<td style=\"width:132px;\">\n<p>\n\t\t\t\t\t\t<em>23 Mart 2005<\/em>\n\t\t\t\t\t<\/p>\n<\/td>\n<\/tr>\n<tr>\n<td style=\"width:36px;\">\n<p>\n\t\t\t\t\t\t<em>13<\/em>\n\t\t\t\t\t<\/p>\n<\/td>\n<td>\n<p>\n\t\t\t\t\t\t<em>Muhsin K&ouml;so\u011flu<\/em>\n\t\t\t\t\t<\/p>\n<\/td>\n<td style=\"width:139px;\">\n<p>\n\t\t\t\t\t\t<em>4. Kyu<\/em>\n\t\t\t\t\t<\/p>\n<\/td>\n<td style=\"width:132px;\">\n<p>\n\t\t\t\t\t\t<em>23 Mart 2005<\/em>\n\t\t\t\t\t<\/p>\n<\/td>\n<\/tr>\n<tr>\n<td style=\"width:36px;\">\n<p>\n\t\t\t\t\t\t<em>14<\/em>\n\t\t\t\t\t<\/p>\n<\/td>\n<td>\n<p>\n\t\t\t\t\t\t<em>Salih Erdemci<\/em>\n\t\t\t\t\t<\/p>\n<\/td>\n<td style=\"width:139px;\">\n<p>\n\t\t\t\t\t\t<em>4. Kyu<\/em>\n\t\t\t\t\t<\/p>\n<\/td>\n<td style=\"width:132px;\">\n<p>\n\t\t\t\t\t\t<em>23 Mart 2005<\/em>\n\t\t\t\t\t<\/p>\n<\/td>\n<\/tr>\n<tr>\n<td style=\"width:36px;\">\n<p>\n\t\t\t\t\t\t<em>15<\/em>\n\t\t\t\t\t<\/p>\n<\/td>\n<td>\n<p>\n\t\t\t\t\t\t<em>Mehmet Demet<\/em>\n\t\t\t\t\t<\/p>\n<\/td>\n<td style=\"width:139px;\">\n<p>\n\t\t\t\t\t\t<em>4. Kyu<\/em>\n\t\t\t\t\t<\/p>\n<\/td>\n<td style=\"width:132px;\">\n<p>\n\t\t\t\t\t\t<em>23 Mart 2005<\/em>\n\t\t\t\t\t<\/p>\n<\/td>\n<\/tr>\n<tr>\n<td style=\"width:36px;\">\n<p>\n\t\t\t\t\t\t<em>16<\/em>\n\t\t\t\t\t<\/p>\n<\/td>\n<td>\n<p>\n\t\t\t\t\t\t<em>M. Akif Malatyal\u0131<\/em>\n\t\t\t\t\t<\/p>\n<\/td>\n<td style=\"width:139px;\">\n<p>\n\t\t\t\t\t\t<em>4. Kyu<\/em>\n\t\t\t\t\t<\/p>\n<\/td>\n<td style=\"width:132px;\">\n<p>\n\t\t\t\t\t\t<em>23 Mart 2005<\/em>\n\t\t\t\t\t<\/p>\n<\/td>\n<\/tr>\n<tr>\n<td style=\"width:36px;\">\n<p>\n\t\t\t\t\t\t<em>17<\/em>\n\t\t\t\t\t<\/p>\n<\/td>\n<td>\n<p>\n\t\t\t\t\t\t<em>Nedim Sarrac<\/em>\n\t\t\t\t\t<\/p>\n<\/td>\n<td style=\"width:139px;\">\n<p>\n\t\t\t\t\t\t<em>4. Kyu<\/em>\n\t\t\t\t\t<\/p>\n<\/td>\n<td style=\"width:132px;\">\n<p>\n\t\t\t\t\t\t<em>9 Mart 2007<\/em>\n\t\t\t\t\t<\/p>\n<\/td>\n<\/tr>\n<tr>\n<td style=\"width:36px;\">\n<p>\n\t\t\t\t\t\t<em>18<\/em>\n\t\t\t\t\t<\/p>\n<\/td>\n<td>\n<p>\n\t\t\t\t\t\t<em>\u0130lker Karamustafao\u011flu<\/em>\n\t\t\t\t\t<\/p>\n<\/td>\n<td style=\"width:139px;\">\n<p>\n\t\t\t\t\t\t<em>4. Kyu<\/em>\n\t\t\t\t\t<\/p>\n<\/td>\n<td style=\"width:132px;\">\n<p>\n\t\t\t\t\t\t<em>21 Aral\u0131k 2007<\/em>\n\t\t\t\t\t<\/p>\n<\/td>\n<\/tr>\n<tr>\n<td style=\"width:36px;\">\n<p>\n\t\t\t\t\t\t<em>19<\/em>\n\t\t\t\t\t<\/p>\n<\/td>\n<td>\n<p>\n\t\t\t\t\t\t<em>G&uuml;zin Yener<\/em>\n\t\t\t\t\t<\/p>\n<\/td>\n<td style=\"width:139px;\">\n<p>\n\t\t\t\t\t\t<em>4. Kyu<\/em>\n\t\t\t\t\t<\/p>\n<\/td>\n<td style=\"width:132px;\">\n<p>\n\t\t\t\t\t\t<em>11 Haziran 2008<\/em>\n\t\t\t\t\t<\/p>\n<\/td>\n<\/tr>\n<tr>\n<td style=\"width:36px;\">\n<p>\n\t\t\t\t\t\t<em>20<\/em>\n\t\t\t\t\t<\/p>\n<\/td>\n<td>\n<p>\n\t\t\t\t\t\t<em>Erol Akbulut<\/em>\n\t\t\t\t\t<\/p>\n<\/td>\n<td style=\"width:139px;\">\n<p>\n\t\t\t\t\t\t<em>4. Kyu<\/em>\n\t\t\t\t\t<\/p>\n<\/td>\n<td style=\"width:132px;\">\n<p>\n\t\t\t\t\t\t<em>23 Mart 2005<\/em>\n\t\t\t\t\t<\/p>\n<\/td>\n<\/tr>\n<tr>\n<td style=\"width:36px;\">\n<p>\n\t\t\t\t\t\t<em>21<\/em>\n\t\t\t\t\t<\/p>\n<\/td>\n<td>\n<p>\n\t\t\t\t\t\t<em>Erkan Aslan<\/em>\n\t\t\t\t\t<\/p>\n<\/td>\n<td style=\"width:139px;\">\n<p>\n\t\t\t\t\t\t<em>4. Kyu<\/em>\n\t\t\t\t\t<\/p>\n<\/td>\n<td style=\"width:132px;\">\n<p>\n\t\t\t\t\t\t<em>&nbsp;03 Mart2014<\/em>\n\t\t\t\t\t<\/p>\n<\/td>\n<\/tr>\n<tr>\n<td style=\"width:36px;\">\n<p>\n\t\t\t\t\t\t<em>22<\/em>\n\t\t\t\t\t<\/p>\n<\/td>\n<td>\n<p>\n\t\t\t\t\t\t<em>Serdar &Ouml;zdil<\/em>\n\t\t\t\t\t<\/p>\n<\/td>\n<td style=\"width:139px;\">\n<p>\n\t\t\t\t\t\t<em>5. Kyu<\/em>\n\t\t\t\t\t<\/p>\n<\/td>\n<td style=\"width:132px;\">\n<p>\n\t\t\t\t\t\t<em>&nbsp;09 Mart 2007<\/em>\n\t\t\t\t\t<\/p>\n<\/td>\n<\/tr>\n<tr>\n<td style=\"width:36px;\">\n<p>\n\t\t\t\t\t\t<em>23<\/em>\n\t\t\t\t\t<\/p>\n<\/td>\n<td>\n<p>\n\t\t\t\t\t\t<em>Roman Kolokovi&ccedil;<\/em>\n\t\t\t\t\t<\/p>\n<\/td>\n<td style=\"width:139px;\">\n<p>\n\t\t\t\t\t\t<em>5. Kyu<\/em>\n\t\t\t\t\t<\/p>\n<\/td>\n<td style=\"width:132px;\">\n<p>\n\t\t\t\t\t\t<em>&nbsp;09 Ekim2015<\/em>\n\t\t\t\t\t<\/p>\n<\/td>\n<\/tr>\n<tr>\n<td style=\"width:36px;\">\n<p>\n\t\t\t\t\t\t<em>24<\/em>\n\t\t\t\t\t<\/p>\n<\/td>\n<td>\n<p>\n\t\t\t\t\t\t<em>Kaan Can<\/em>\n\t\t\t\t\t<\/p>\n<\/td>\n<td style=\"width:139px;\">\n<p>\n\t\t\t\t\t\t<em>5. Kyu<\/em>\n\t\t\t\t\t<\/p>\n<\/td>\n<td style=\"width:132px;\">\n<p>\n\t\t\t\t\t\t<em>&nbsp;&nbsp;09 Ekim2015<\/em>\n\t\t\t\t\t<\/p>\n<\/td>\n<\/tr>\n<tr>\n<td style=\"width:36px;\">\n<p>\n\t\t\t\t\t\t<em>25<\/em>\n\t\t\t\t\t<\/p>\n<\/td>\n<td>\n<p>\n\t\t\t\t\t\t<em>Orhan De\u011firmencio\u011flu<\/em>\n\t\t\t\t\t<\/p>\n<\/td>\n<td style=\"width:139px;\">\n<p>\n\t\t\t\t\t\t<em>5. Kyu<\/em>\n\t\t\t\t\t<\/p>\n<\/td>\n<td style=\"width:132px;\">\n<p>\n\t\t\t\t\t\t<em>&nbsp;09 Ekim2015<\/em>\n\t\t\t\t\t<\/p>\n<\/td>\n<\/tr>\n<tr>\n<td style=\"width:36px;\">\n<p>\n\t\t\t\t\t\t<em>26<\/em>\n\t\t\t\t\t<\/p>\n<\/td>\n<td>\n<p>\n\t\t\t\t\t\t<em>Bar\u0131\u015f Aky\u0131ld\u0131z<\/em>\n\t\t\t\t\t<\/p>\n<\/td>\n<td style=\"width:139px;\">\n<p>\n\t\t\t\t\t\t<em>5. Kyu<\/em>\n\t\t\t\t\t<\/p>\n<\/td>\n<td style=\"width:132px;\">\n<p>\n\t\t\t\t\t\t<em>&nbsp;09 Ekim2015<\/em>\n\t\t\t\t\t<\/p>\n<\/td>\n<\/tr>\n<tr>\n<td style=\"width:36px;\">\n<p>\n\t\t\t\t\t\t<em>27<\/em>\n\t\t\t\t\t<\/p>\n<\/td>\n<td>\n<p>\n\t\t\t\t\t\t<em>Ulu\u011f &Uuml;r&uuml;n<\/em>\n\t\t\t\t\t<\/p>\n<\/td>\n<td style=\"width:139px;\">\n<p>\n\t\t\t\t\t\t<em>5. Kyu<\/em>\n\t\t\t\t\t<\/p>\n<\/td>\n<td style=\"width:132px;\">\n<p>\n\t\t\t\t\t\t<em>&nbsp;09 Ekim2015<\/em>\n\t\t\t\t\t<\/p>\n<\/td>\n<\/tr>\n<tr>\n<td style=\"width:36px;\">\n<p>\n\t\t\t\t\t\t<em>28<\/em>\n\t\t\t\t\t<\/p>\n<\/td>\n<td>\n<p>\n\t\t\t\t\t\t<em>Emre Esen<\/em>\n\t\t\t\t\t<\/p>\n<\/td>\n<td style=\"width:139px;\">\n<p>\n\t\t\t\t\t\t<em>5. Kyu<\/em>\n\t\t\t\t\t<\/p>\n<\/td>\n<td style=\"width:132px;\">\n<p>\n\t\t\t\t\t\t<em>&nbsp;09 Ekim2015<\/em>\n\t\t\t\t\t<\/p>\n<\/td>\n<\/tr>\n<tr>\n<td style=\"width:36px;\">\n<p>\n\t\t\t\t\t\t<em>29<\/em>\n\t\t\t\t\t<\/p>\n<\/td>\n<td>\n<p>\n\t\t\t\t\t\t<em>Canberk G&uuml;zgeren<\/em>\n\t\t\t\t\t<\/p>\n<\/td>\n<td style=\"width:139px;\">\n<p>\n\t\t\t\t\t\t<em>5. Kyu<\/em>\n\t\t\t\t\t<\/p>\n<\/td>\n<td style=\"width:132px;\">\n<p>\n\t\t\t\t\t\t<em>11 Haziran 2008<\/em>\n\t\t\t\t\t<\/p>\n<\/td>\n<\/tr>\n<tr>\n<td style=\"width:36px;\">\n<p>\n\t\t\t\t\t\t<em>30<\/em>\n\t\t\t\t\t<\/p>\n<\/td>\n<td>\n<p>\n\t\t\t\t\t\t<em>Seyhun Alt\u0131ok<\/em>\n\t\t\t\t\t<\/p>\n<\/td>\n<td style=\"width:139px;\">\n<p>\n\t\t\t\t\t\t<em>5. Kyu<\/em>\n\t\t\t\t\t<\/p>\n<\/td>\n<td style=\"width:132px;\">\n<p>\n\t\t\t\t\t\t<em>11 Haziran 2008<\/em>\n\t\t\t\t\t<\/p>\n<\/td>\n<\/tr>\n<tr>\n<td style=\"width:36px;\">\n<p>\n\t\t\t\t\t\t31\n\t\t\t\t\t<\/p>\n<\/td>\n<td>\n<p>\n\t\t\t\t\t\t<em>Deniz &Ouml;lmez<\/em>\n\t\t\t\t\t<\/p>\n<\/td>\n<td style=\"width:139px;\">\n<p>\n\t\t\t\t\t\t<em>5. Kyu<\/em>\n\t\t\t\t\t<\/p>\n<\/td>\n<td style=\"width:132px;\">\n<p>\n\t\t\t\t\t\t<em>18 Haziran&nbsp;2011<\/em>\n\t\t\t\t\t<\/p>\n<\/td>\n<\/tr>\n<tr>\n<td style=\"width:36px;height:23px;\">\n<p>\n\t\t\t\t\t\t<em>32<\/em>\n\t\t\t\t\t<\/p>\n<\/td>\n<td style=\"height:23px;\">\n<p>\n\t\t\t\t\t\t<em>Egehan E\u011fitim<\/em>\n\t\t\t\t\t<\/p>\n<\/td>\n<td style=\"width:139px;height:23px;\">\n<p>\n\t\t\t\t\t\t<em>5. Kyu<\/em>\n\t\t\t\t\t<\/p>\n<\/td>\n<td style=\"width:132px;height:23px;\">\n<p>\n\t\t\t\t\t\t<em>11 Haziran 2008<\/em>\n\t\t\t\t\t<\/p>\n<\/td>\n<\/tr>\n<tr>\n<td style=\"width:36px;\">\n<p>\n\t\t\t\t\t\t<em>33<\/em>\n\t\t\t\t\t<\/p>\n<\/td>\n<td>\n<p>\n\t\t\t\t\t\t<em>Efe Onur<\/em>\n\t\t\t\t\t<\/p>\n<\/td>\n<td style=\"width:139px;\">\n<p>\n\t\t\t\t\t\t<em>5. Kyu<\/em>\n\t\t\t\t\t<\/p>\n<\/td>\n<td style=\"width:132px;\">\n<p>\n\t\t\t\t\t\t<em>03 Eyl&uuml;l&nbsp;2014<\/em>\n\t\t\t\t\t<\/p>\n<\/td>\n<\/tr>\n<tr>\n<td style=\"width:36px;height:24px;\">\n<p>\n\t\t\t\t\t\t34\n\t\t\t\t\t<\/p>\n<\/td>\n<td style=\"height:24px;\">\n<p>\n\t\t\t\t\t\t<em>Melis S&uuml;er<\/em>\n\t\t\t\t\t<\/p>\n<\/td>\n<td style=\"width:139px;height:24px;\">\n<p>\n\t\t\t\t\t\t<em>5. Kyu<\/em>\n\t\t\t\t\t<\/p>\n<\/td>\n<td style=\"width:132px;height:24px;\">\n<p>\n\t\t\t\t\t\t<em>13 Haziran 2009<\/em>\n\t\t\t\t\t<\/p>\n<\/td>\n<\/tr>\n<tr>\n<td style=\"width:36px;\">\n<p>\n\t\t\t\t\t\t35\n\t\t\t\t\t<\/p>\n<\/td>\n<td>\n<p>\n\t\t\t\t\t\t<em>J&uuml;lide &Ccedil;a\u011fl\u0131<\/em>\n\t\t\t\t\t<\/p>\n<\/td>\n<td style=\"width:139px;\">\n<p>\n\t\t\t\t\t\t<em>6. Kyu<\/em>\n\t\t\t\t\t<\/p>\n<\/td>\n<td style=\"width:132px;\">\n<p>\n\t\t\t\t\t\t<em>03 Eyl&uuml;l&nbsp;2014<\/em>\n\t\t\t\t\t<\/p>\n<\/td>\n<\/tr>\n<tr>\n<td style=\"width:36px;height:24px;\">\n<p>\n\t\t\t\t\t\t36\n\t\t\t\t\t<\/p>\n<\/td>\n<td style=\"height:24px;\">\n<p>\n\t\t\t\t\t\t<em>Berk &Ouml;zbek<\/em>\n\t\t\t\t\t<\/p>\n<\/td>\n<td style=\"width:139px;height:24px;\">\n<p>\n\t\t\t\t\t\t<em>6.Kyu<\/em>\n\t\t\t\t\t<\/p>\n<\/td>\n<td style=\"width:132px;height:24px;\">\n<p>\n\t\t\t\t\t\t<em>03 Eyl&uuml;l&nbsp;2014<\/em>\n\t\t\t\t\t<\/p>\n<\/td>\n<\/tr>\n<tr>\n<td style=\"width:36px;height:24px;\">\n<p>\n\t\t\t\t\t\t37\n\t\t\t\t\t<\/p>\n<\/td>\n<td style=\"height:24px;\">\n<p>\n\t\t\t\t\t\tDemet Ezgi\n\t\t\t\t\t<\/p>\n<\/td>\n<td style=\"width:139px;height:24px;\">\n<p>\n\t\t\t\t\t\t<em>6.Kyu<\/em>\n\t\t\t\t\t<\/p>\n<\/td>\n<td style=\"width:132px;height:24px;\">\n<p>\n\t\t\t\t\t\t<em>09 Ekim2015<\/em>\n\t\t\t\t\t<\/p>\n<\/td>\n<\/tr>\n<tr>\n<td style=\"width:36px;height:24px;\">\n<p>\n\t\t\t\t\t\t38\n\t\t\t\t\t<\/p>\n<\/td>\n<td style=\"height:24px;\">\n<p>\n\t\t\t\t\t\t<em>Osman Saban<\/em>\n\t\t\t\t\t<\/p>\n<\/td>\n<td style=\"width:139px;height:24px;\">\n<p>\n\t\t\t\t\t\t<em>6.Kyu<\/em>\n\t\t\t\t\t<\/p>\n<\/td>\n<td style=\"width:132px;height:24px;\">\n<p>\n\t\t\t\t\t\t<em>09 Ekim2015<\/em>\n\t\t\t\t\t<\/p>\n<\/td>\n<\/tr>\n<tr>\n<td style=\"width:36px;height:22px;\">\n<p>\n\t\t\t\t\t\t39\n\t\t\t\t\t<\/p>\n<\/td>\n<td style=\"height:22px;\">\n<p>\n\t\t\t\t\t\t<em>Firdevs Bur&ccedil;kin<\/em>\n\t\t\t\t\t<\/p>\n<\/td>\n<td style=\"width:139px;height:22px;\">\n<p>\n\t\t\t\t\t\t<em>6.Kyu<\/em>\n\t\t\t\t\t<\/p>\n<\/td>\n<td style=\"width:132px;height:22px;\">\n<p>\n\t\t\t\t\t\t<em>13 Haziran 2009<\/em>\n\t\t\t\t\t<\/p>\n<\/td>\n<\/tr>\n<tr>\n<td style=\"width:36px;height:22px;\">\n<p>\n\t\t\t\t\t\t40\n\t\t\t\t\t<\/p>\n<\/td>\n<td style=\"height:22px;\">\n<p>\n\t\t\t\t\t\t<em>Levent Yavuz<\/em>\n\t\t\t\t\t<\/p>\n<\/td>\n<td style=\"width:139px;height:22px;\">\n<p>\n\t\t\t\t\t\t<em>7.Kyu<\/em>\n\t\t\t\t\t<\/p>\n<\/td>\n<td style=\"width:132px;height:22px;\">\n<p>\n\t\t\t\t\t\t<em>27 Mart 2011<\/em>\n\t\t\t\t\t<\/p>\n<\/td>\n<\/tr>\n<tr>\n<td style=\"width:36px;height:22px;\">\n<p>\n\t\t\t\t\t\t41\n\t\t\t\t\t<\/p>\n<\/td>\n<td style=\"height:22px;\">\n<p>\n\t\t\t\t\t\t<em>Oktay G&uuml;rsoy<\/em>\n\t\t\t\t\t<\/p>\n<\/td>\n<td style=\"width:139px;height:22px;\">\n<p>\n\t\t\t\t\t\t<em>7.Kyu<\/em>\n\t\t\t\t\t<\/p>\n<\/td>\n<td style=\"width:132px;height:22px;\">\n<p>\n\t\t\t\t\t\t<em>19 Haziran 2012<\/em>\n\t\t\t\t\t<\/p>\n<\/td>\n<\/tr>\n<tr>\n<td style=\"width:36px;\">\n<p>\n\t\t\t\t\t\t<em>42<\/em>\n\t\t\t\t\t<\/p>\n<\/td>\n<td>\n<p>\n\t\t\t\t\t\t<em>Sezer Ergun<\/em>\n\t\t\t\t\t<\/p>\n<\/td>\n<td style=\"width:139px;\">\n<p>\n\t\t\t\t\t\t<em>7.Kyu<\/em>\n\t\t\t\t\t<\/p>\n<\/td>\n<td style=\"width:132px;\">\n<p>\n\t\t\t\t\t\t<em>19 Haziran 2012<\/em>\n\t\t\t\t\t<\/p>\n<\/td>\n<\/tr>\n<tr>\n<td style=\"width:36px;height:18px;\">\n<p>\n\t\t\t\t\t\t<em>43<\/em>\n\t\t\t\t\t<\/p>\n<\/td>\n<td style=\"height:18px;\">\n<p>\n\t\t\t\t\t\t<em>Asl\u0131 y\u0131ld\u0131r\u0131m<\/em>\n\t\t\t\t\t<\/p>\n<\/td>\n<td style=\"width:139px;height:18px;\">\n<p>\n\t\t\t\t\t\t<em>7.Kyu<\/em>\n\t\t\t\t\t<\/p>\n<\/td>\n<td style=\"width:132px;height:18px;\">\n<p>\n\t\t\t\t\t\t<em>03 Eyl&uuml;l&nbsp;2014<\/em>\n\t\t\t\t\t<\/p>\n<\/td>\n<\/tr>\n<tr>\n<td style=\"width:36px;\">\n<p>\n\t\t\t\t\t\t44\n\t\t\t\t\t<\/p>\n<\/td>\n<td>\n<p>\n\t\t\t\t\t\t<em>\u015eevval Tu\u011f&ccedil;e<\/em>\n\t\t\t\t\t<\/p>\n<\/td>\n<td style=\"width:139px;\">\n<p>\n\t\t\t\t\t\t<em>7.Kyu<\/em>\n\t\t\t\t\t<\/p>\n<\/td>\n<td style=\"width:132px;\">\n<p>\n\t\t\t\t\t\t<em>03 Eyl&uuml;l&nbsp;2014<\/em>\n\t\t\t\t\t<\/p>\n<\/td>\n<\/tr>\n<tr>\n<td style=\"width:36px;\">\n<p>\n\t\t\t\t\t\t45\n\t\t\t\t\t<\/p>\n<\/td>\n<td>\n<p>\n\t\t\t\t\t\t<em>\u015eeref Umut<\/em>\n\t\t\t\t\t<\/p>\n<\/td>\n<td style=\"width:139px;\">\n<p>\n\t\t\t\t\t\t<em>7.Kyu<\/em>\n\t\t\t\t\t<\/p>\n<\/td>\n<td style=\"width:132px;\">\n<p>\n\t\t\t\t\t\t<em>03 Eyl&uuml;l&nbsp;2014<\/em>\n\t\t\t\t\t<\/p>\n<\/td>\n<\/tr>\n<tr>\n<td style=\"width:36px;height:22px;\">\n<p>\n\t\t\t\t\t\t46\n\t\t\t\t\t<\/p>\n<\/td>\n<td style=\"height:22px;\">\n<p>\n\t\t\t\t\t\t<em>An\u0131l Bolay\u0131r<\/em>\n\t\t\t\t\t<\/p>\n<\/td>\n<td style=\"width:139px;height:22px;\">\n<p>\n\t\t\t\t\t\t<em>7.Kyu<\/em>\n\t\t\t\t\t<\/p>\n<\/td>\n<td style=\"width:132px;height:22px;\">\n<p>\n\t\t\t\t\t\t<em>03 Eyl&uuml;l&nbsp;2014<\/em>\n\t\t\t\t\t<\/p>\n<\/td>\n<\/tr>\n<tr>\n<td style=\"width:36px;\">\n<p>\n\t\t\t\t\t\t47\n\t\t\t\t\t<\/p>\n<\/td>\n<td>\n<p>\n\t\t\t\t\t\t<em>An\u0131l Yurdakul<\/em>\n\t\t\t\t\t<\/p>\n<\/td>\n<td style=\"width:139px;\">\n<p>\n\t\t\t\t\t\t<em>7.Kyu<\/em>\n\t\t\t\t\t<\/p>\n<\/td>\n<td style=\"width:132px;\">\n<p>\n\t\t\t\t\t\t<em>03 Eyl&uuml;l&nbsp;2014<\/em>\n\t\t\t\t\t<\/p>\n<\/td>\n<\/tr>\n<tr>\n<td style=\"width:36px;\">\n<p>\n\t\t\t\t\t\t48\n\t\t\t\t\t<\/p>\n<\/td>\n<td>\n<p>\n\t\t\t\t\t\t<em>Rob Booth<\/em>\n\t\t\t\t\t<\/p>\n<\/td>\n<td style=\"width:139px;\">\n<p>\n\t\t\t\t\t\t<em>7.Kyu<\/em>\n\t\t\t\t\t<\/p>\n<\/td>\n<td style=\"width:132px;\">\n<p>\n\t\t\t\t\t\t<em>03 Eyl&uuml;l&nbsp;2014<\/em>\n\t\t\t\t\t<\/p>\n<\/td>\n<\/tr>\n<tr>\n<td style=\"width:36px;\">\n<p>\n\t\t\t\t\t\t49\n\t\t\t\t\t<\/p>\n<\/td>\n<td>\n<p>\n\t\t\t\t\t\t<em>Nevzat Bozta\u015f<\/em>\n\t\t\t\t\t<\/p>\n<\/td>\n<td style=\"width:139px;\">\n<p>\n\t\t\t\t\t\t<em>7.Kyu<\/em>\n\t\t\t\t\t<\/p>\n<\/td>\n<td style=\"width:132px;\">\n<p>\n\t\t\t\t\t\t<em>03 Eyl&uuml;l&nbsp;2014<\/em>\n\t\t\t\t\t<\/p>\n<\/td>\n<\/tr>\n<tr>\n<td style=\"width:36px;\">\n<p>\n\t\t\t\t\t\t50\n\t\t\t\t\t<\/p>\n<\/td>\n<td>\n<p>\n\t\t\t\t\t\tAda Ba\u015far\n\t\t\t\t\t<\/p>\n<\/td>\n<td style=\"width:139px;\">\n<p>\n\t\t\t\t\t\t<em>7.Kyu<\/em>\n\t\t\t\t\t<\/p>\n<\/td>\n<td style=\"width:132px;\">\n<p>\n\t\t\t\t\t\t<em>09 Ekim2015<\/em>\n\t\t\t\t\t<\/p>\n<\/td>\n<\/tr>\n<tr>\n<td style=\"width:36px;\">\n<p>\n\t\t\t\t\t\t<em>51<\/em>\n\t\t\t\t\t<\/p>\n<\/td>\n<td>\n<p>\n\t\t\t\t\t\tSarp Sa\u011fd\u0131&ccedil;\n\t\t\t\t\t<\/p>\n<\/td>\n<td style=\"width:139px;\">\n<p>\n\t\t\t\t\t\t<em>7.Kyu<\/em>\n\t\t\t\t\t<\/p>\n<\/td>\n<td style=\"width:132px;\">\n<p>\n\t\t\t\t\t\t<em>09 Ekim2015<\/em>\n\t\t\t\t\t<\/p>\n<\/td>\n<\/tr>\n<tr>\n<td style=\"width:36px;\">\n<p>\n\t\t\t\t\t\t<em>52<\/em>\n\t\t\t\t\t<\/p>\n<\/td>\n<td>\n<p>\n\t\t\t\t\t\t<em>Ufuk Aykol<\/em>\n\t\t\t\t\t<\/p>\n<\/td>\n<td style=\"width:139px;\">\n<p>\n\t\t\t\t\t\t<em>7.Kyu<\/em>\n\t\t\t\t\t<\/p>\n<\/td>\n<td style=\"width:132px;\">\n<p>\n\t\t\t\t\t\t<em>19 Haziran 2012<\/em>\n\t\t\t\t\t<\/p>\n<\/td>\n<\/tr>\n<\/tbody>\n<\/table>\n<p>\n\t\t<strong><em>09 Ekim2015<\/em><\/strong>\n\t<\/p>\n<p>\n\t\t<strong><a href=\"mailto:info@shibumidojo.com\" style=\"font-family: Verdana;\"><em>info@shibumidojo.com<\/em><\/a><\/strong>\n\t<\/p>\n<\/div>\n","protected":false},"excerpt":{"rendered":"<p>&nbsp;&nbsp;&nbsp;&nbsp;&nbsp;&nbsp;&nbsp;&nbsp;&nbsp;&nbsp;&nbsp;&nbsp;&nbsp;&nbsp;&nbsp; Ad\u0131 Soyad\u0131 Kyu Seviyesi Tarihi 1 G&ouml;rkem Dosdo\u011fru 1. Kyu &nbsp;03 Eyl&uuml;l&nbsp;2014 2 Efe Sar\u0131ahmeto\u011flu 1. Kyu 09 Ekim2015 3 &Uuml;nal Muhlis Ergen&ccedil; 2. Kyu 27 Mart 2011 4 Kadir Erdemci 3. Kyu 23 Mart 2005 5 Bo\u011fa&ccedil; &Ouml;zgen 3. Kyu 23 Mart 2005 6 Mehmet K\u0131l\u0131&ccedil; 3. Kyu 09 Mart 2007 7 Artur &hellip; <\/p>\n","protected":false},"author":1,"featured_media":0,"parent":130,"menu_order":0,"comment_status":"open","ping_status":"open","template":"","meta":{"om_disable_all_campaigns":false,"_mi_skip_tracking":false},"aioseo_notices":[],"_links":{"self":[{"href":"https:\/\/www.shibumidojo.com\/index.php\/wp-json\/wp\/v2\/pages\/144"}],"collection":[{"href":"https:\/\/www.shibumidojo.com\/index.php\/wp-json\/wp\/v2\/pages"}],"about":[{"href":"https:\/\/www.shibumidojo.com\/index.php\/wp-json\/wp\/v2\/types\/page"}],"author":[{"embeddable":true,"href":"https:\/\/www.shibumidojo.com\/index.php\/wp-json\/wp\/v2\/users\/1"}],"replies":[{"embeddable":true,"href":"https:\/\/www.shibumidojo.com\/index.php\/wp-json\/wp\/v2\/comments?post=144"}],"version-history":[{"count":0,"href":"https:\/\/www.shibumidojo.com\/index.php\/wp-json\/wp\/v2\/pages\/144\/revisions"}],"up":[{"embeddable":true,"href":"https:\/\/www.shibumidojo.com\/index.php\/wp-json\/wp\/v2\/pages\/130"}],"wp:attachment":[{"href":"https:\/\/www.shibumidojo.com\/index.php\/wp-json\/wp\/v2\/media?parent=144"}],"curies":[{"name":"wp","href":"https:\/\/api.w.org\/{rel}","templated":true}]}}