{"id":190,"date":"2011-03-09T14:51:51","date_gmt":"2011-03-09T14:51:51","guid":{"rendered":"https:\/\/www.shibumidojo.com"},"modified":"2011-03-09T14:51:51","modified_gmt":"2011-03-09T14:51:51","slug":"jojutsu-ile-jodo-arasindaki-fark","status":"publish","type":"page","link":"https:\/\/www.shibumidojo.com\/index.php\/jojutsu\/jojutsu-ile-jodo-arasindaki-fark\/","title":{"rendered":"Jojutsu \u0130le Jodo Aras\u0131ndaki Fark"},"content":{"rendered":"<div id=\"_mcePaste\">K\u0131l\u0131\u00e7 kullanan bir sald\u0131rgana kar\u015f\u0131 1.28 m.lik sopa kullan\u0131lan e\u015fsiz bir savunma sanat\u0131d\u0131r. Jojutsu \u00f6zellikle ve sadece bu ama\u00e7 i\u00e7in geli\u015ftirilmedi. Ger\u00e7ek ama\u00e7; belirli bir sava\u015f\u00e7\u0131y\u0131 bozguna u\u011fratmakt\u0131. Bir \u201cK\u0131l\u0131\u00e7 Aziz\u201di t\u00fcm zamanlar\u0131n en \u00fcnl\u00fc ve en sayg\u0131n samuray\u0131 Miyamoto Musashi ve Muso Gonnosuke nin efsanevi d\u00fcellosu Jojutsu sanat\u0131n\u0131 ortaya \u00e7\u0131kard\u0131. Daha do\u011frusu \u201cJojutsu tarihini \u201dyazm\u0131\u015f oldular.<\/p>\n<p>Jojutsu, bu olay\u0131 takip eden y\u0131llar boyunca, 12 ana blok ve sald\u0131r\u0131 temeline dayanan 64 \u00f6zel teknikle geli\u015fti. Daha yak\u0131n tarihinde ise 12 Seitei Jodo Kata \u015fekli \u00f6z\u00fcmsendi (Kata; standart e\u015fli \u00e7al\u0131\u015fma \u015fablonu). B\u00f6ylece 12 modern kata JODO (JO\u2019nun yolu), 64 eski waza ise <strong>JOJUTSU<\/strong> olarak \u015fekillenmi\u015f oldu.<\/div>\n<div id=\"_mcePaste\"><\/div>\n<div><strong>JO NED\u0130R?<\/strong><\/div>\n<div><\/div>\n<div id=\"_mcePaste\">Samuray\u2019\u0131n her sava\u015f sanat\u0131nda oldu\u011fu gibi, JOJUTSU da BUSHIDO ilkeleriyle demlenmi\u015ftir (\u015fekillenmi\u015ftir). Bununla birlikte, Jojutsu\u2019nun karakteri Jo\u2019nun olu\u015ftu\u011fu \u015fartlar\u0131 g\u00f6z\u00f6n\u00fcne al\u0131nd\u0131\u011f\u0131nda e\u015fsizli\u011fini \u00a0korumaktad\u0131r. \u0130lk bak\u0131\u015fta Jo\u2019yu zalim bir samuray k\u0131l\u0131c\u0131ndan korunmak i\u00e7in yeterli g\u00f6rmek \u00e7ok zordur. Yine de Jo, k\u0131l\u0131ca kar\u015f\u0131 daha kesici olabilecek \u00f6zelliklere ve fazla avantajlara sahiptir.<\/div>\n","protected":false},"excerpt":{"rendered":"<p>K\u0131l\u0131\u00e7 kullanan bir sald\u0131rgana kar\u015f\u0131 1.28 m.lik sopa kullan\u0131lan e\u015fsiz bir savunma sanat\u0131d\u0131r. Jojutsu \u00f6zellikle ve sadece bu ama\u00e7 i\u00e7in geli\u015ftirilmedi. Ger\u00e7ek ama\u00e7; belirli bir sava\u015f\u00e7\u0131y\u0131 bozguna u\u011fratmakt\u0131. Bir \u201cK\u0131l\u0131\u00e7 Aziz\u201di t\u00fcm zamanlar\u0131n en \u00fcnl\u00fc ve en sayg\u0131n samuray\u0131 Miyamoto Musashi ve Muso Gonnosuke nin efsanevi d\u00fcellosu Jojutsu sanat\u0131n\u0131 ortaya \u00e7\u0131kard\u0131. Daha do\u011frusu \u201cJojutsu tarihini &hellip; <\/p>\n","protected":false},"author":1,"featured_media":0,"parent":130,"menu_order":0,"comment_status":"open","ping_status":"open","template":"","meta":{"om_disable_all_campaigns":false,"_mi_skip_tracking":false},"aioseo_notices":[],"_links":{"self":[{"href":"https:\/\/www.shibumidojo.com\/index.php\/wp-json\/wp\/v2\/pages\/190"}],"collection":[{"href":"https:\/\/www.shibumidojo.com\/index.php\/wp-json\/wp\/v2\/pages"}],"about":[{"href":"https:\/\/www.shibumidojo.com\/index.php\/wp-json\/wp\/v2\/types\/page"}],"author":[{"embeddable":true,"href":"https:\/\/www.shibumidojo.com\/index.php\/wp-json\/wp\/v2\/users\/1"}],"replies":[{"embeddable":true,"href":"https:\/\/www.shibumidojo.com\/index.php\/wp-json\/wp\/v2\/comments?post=190"}],"version-history":[{"count":0,"href":"https:\/\/www.shibumidojo.com\/index.php\/wp-json\/wp\/v2\/pages\/190\/revisions"}],"up":[{"embeddable":true,"href":"https:\/\/www.shibumidojo.com\/index.php\/wp-json\/wp\/v2\/pages\/130"}],"wp:attachment":[{"href":"https:\/\/www.shibumidojo.com\/index.php\/wp-json\/wp\/v2\/media?parent=190"}],"curies":[{"name":"wp","href":"https:\/\/api.w.org\/{rel}","templated":true}]}}