{"id":199,"date":"2011-03-09T15:00:23","date_gmt":"2011-03-09T15:00:23","guid":{"rendered":"https:\/\/www.shibumidojo.com"},"modified":"2011-03-09T15:00:23","modified_gmt":"2011-03-09T15:00:23","slug":"jodo-terminoloji-ve-kisa-sozluk","status":"publish","type":"page","link":"https:\/\/www.shibumidojo.com\/index.php\/jojutsu\/jodo-terminoloji-ve-kisa-sozluk\/","title":{"rendered":"Jodo Terminoloji ve K\u0131sa S\u00f6zl\u00fck"},"content":{"rendered":"<p><strong>Komuta S\u00f6zc\u00fckleri<\/strong><\/p>\n<table border=\"0\" cellpadding=\"0\">\n<tbody>\n<tr>\n<td width=\"171\" valign=\"top\"><em>Tai So Yoi<\/em><\/td>\n<td width=\"565\" valign=\"top\">Jo sol kolun arkas\u0131na yerle\u015ftirilir, yere dik bir \u015fekilde elde tutulur.<\/td>\n<\/tr>\n<tr>\n<td width=\"171\" valign=\"top\"><em>Sage Jo<\/em><\/td>\n<td width=\"565\" valign=\"top\">Jo sa\u011f kolun arkas\u0131na yerle\u015ftirilir ve dik bir \u015fekilde silah gibi tutularak y\u00fcr\u00fcn\u00fcr.<\/td>\n<\/tr>\n<tr>\n<td width=\"171\" valign=\"top\"><em>Tsune No Kamae<\/em><\/td>\n<td width=\"565\" valign=\"top\">V\u00fccut ger\u00e7ek, do\u011fal duru\u015fu al\u0131r, Jo sa\u011f tarafta tutularak ucu rakibi merkezler.<\/td>\n<\/tr>\n<tr>\n<td width=\"171\" valign=\"top\"><em>Honte No Kamae<\/em><\/td>\n<td width=\"565\" valign=\"top\">V\u00fccut do\u011fal duru\u015funu gardla beraber al\u0131r ve Jo rakibin g\u00f6zlerine do\u011fru merkezlenir, \u00f6ndeki el d\u00fczg\u00fcn pozisyondad\u0131r.<\/td>\n<\/tr>\n<tr>\n<td width=\"171\" valign=\"top\"><em>Gyakute No Kamae<\/em><\/td>\n<td width=\"565\" valign=\"top\">V\u00fccut do\u011fal duru\u015funu\u00a0gardla beraber al\u0131r ve Jo rakibin g\u00f6zlerine do\u011fru merkezlenir, \u00f6ndeki el ters pozisyondad\u0131r.<\/td>\n<\/tr>\n<tr>\n<td width=\"171\" valign=\"top\"><em>Hiki Otoshi No Kamae<\/em><\/td>\n<td width=\"565\" valign=\"top\">V\u00fccudun do\u011fal gard duru\u015fu Jo ile birlikte yan pozisyondad\u0131r.<\/td>\n<\/tr>\n<tr>\n<td width=\"171\" valign=\"top\"><em>Ichi Monji No Kamae<\/em><\/td>\n<td width=\"565\" valign=\"top\">Jo pozisyonunu \u2018Tsuki Hazushi Uchi\u2019 i\u00e7in al\u0131n, Jo&#8217;yu ba\u015f\u0131n \u00fczerinde dik bir \u015fekilde tutun, ellerden <em>herbiri Jo&#8217;nun bitimini kavrayacak.<\/em><\/td>\n<\/tr>\n<tr>\n<td width=\"171\" valign=\"top\"><em>Hasso No Kamae<\/em><\/td>\n<td width=\"565\" valign=\"top\">K\u0131l\u0131\u00e7 pozisyonunu al\u0131n ve sa\u011f tarafta tutun, ucunu yukar\u0131 kald\u0131r\u0131n ve 45\u02dalik bir a\u00e7\u0131yla d\u00f6n\u00fcp tsubay\u0131 rakibin a\u011fz\u0131na g\u00f6stercek \u015fekilde merkezleyin.<\/td>\n<\/tr>\n<tr>\n<td width=\"171\" valign=\"top\"><em>Yamae<\/em><\/td>\n<td width=\"565\" valign=\"top\">B\u00fct\u00fcn aktiviteleri hemen durdurun, Jo&#8217;yu Honte No Kamae pozisyonuna getirin ve daha fazla talimat i\u00e7in bekleyin.<\/td>\n<\/tr>\n<tr>\n<td width=\"171\" valign=\"top\"><em>Motoe<\/em><\/td>\n<td width=\"565\" valign=\"top\">Tsune No Kamae pozisyonuna d\u00f6n\u00fcn.<\/td>\n<\/tr>\n<tr>\n<td width=\"171\" valign=\"top\"><em>Itchi Kotai<\/em><\/td>\n<td width=\"565\" valign=\"top\">E\u015finizle pozisyonunuzu de\u011fi\u015ftirin, silahlar\u0131 de\u011fi\u015ftirmeyin.<\/td>\n<\/tr>\n<tr>\n<td width=\"171\" valign=\"top\"><em>Shi Uchi Kotai<\/em><\/td>\n<td width=\"565\" valign=\"top\">Silah\u0131n\u0131z\u0131 e\u015finizinkiyle de\u011fi\u015ftirin.<\/td>\n<\/tr>\n<tr>\n<td width=\"171\" valign=\"top\"><em>Osame<\/em><\/td>\n<td width=\"565\" valign=\"top\">K\u0131l\u0131c\u0131 kald\u0131r\u0131n (yerine koyun)<\/td>\n<\/tr>\n<tr>\n<td width=\"171\" valign=\"top\"><em>Jo Osame<\/em><\/td>\n<td width=\"565\" valign=\"top\">Jo&#8217;yu kald\u0131r\u0131n<\/td>\n<\/tr>\n<tr>\n<td width=\"171\" valign=\"top\"><em>Yoi<\/em><\/td>\n<td width=\"565\" valign=\"top\">Ba\u015flamak i\u00e7in haz\u0131rlan\u0131n<\/td>\n<\/tr>\n<tr>\n<td width=\"171\" valign=\"top\"><em>Hajime<\/em><\/td>\n<td width=\"565\" valign=\"top\">Ba\u015flay\u0131n<\/td>\n<\/tr>\n<tr>\n<td width=\"171\" valign=\"top\"><em>Kiyotsuke<\/em><\/td>\n<td width=\"565\" valign=\"top\">Dikkat (ba\u015flang\u0131\u015f ya da biti\u015f i\u00e7in)<\/td>\n<\/tr>\n<tr>\n<td width=\"171\" valign=\"top\"><em>Rei<\/em><\/td>\n<td width=\"565\" valign=\"top\">Selamlama<\/td>\n<\/tr>\n<tr>\n<td width=\"171\" valign=\"top\"><em>Sensei Ni Rei<\/em><\/td>\n<td width=\"565\" valign=\"top\">Hocay\u0131 selamlay\u0131n<\/td>\n<\/tr>\n<tr>\n<td width=\"171\" valign=\"top\"><em>Maware Migi<\/em><\/td>\n<td width=\"565\" valign=\"top\">Hakk\u0131nda-y\u00fcz (sa\u011f taraf\u0131 eksenleyin)<\/td>\n<\/tr>\n<\/tbody>\n<\/table>\n<table border=\"0\" cellpadding=\"0\">\n<tbody>\n<tr>\n<td colspan=\"2\"><strong>KISA S\u00d6ZL\u00dcK<\/strong><\/td>\n<\/tr>\n<tr>\n<td valign=\"top\"><em>Shin<\/em><\/td>\n<td valign=\"top\">Ruh, Kami de denilebiliyor<\/td>\n<\/tr>\n<tr>\n<td valign=\"top\"><em>Do<\/em><\/td>\n<td valign=\"top\">Yol, ki\u015fisel geli\u015fim i\u00e7in y\u00f6n ya da y\u00f6ntem<\/td>\n<\/tr>\n<tr>\n<td valign=\"top\"><em>Muso<\/em><\/td>\n<td valign=\"top\">Hayal ya da g\u00f6rme g\u00fcc\u00fc, ayn\u0131 zamanda Jodo\u2019nun kurucusunun ismi, Muso Gonnusuke<\/td>\n<\/tr>\n<tr>\n<td valign=\"top\"><em>Ryu<\/em><\/td>\n<td valign=\"top\">Sava\u015f\u00e7\u0131 yetene\u011fi olanlar\u0131n topland\u0131klar\u0131 okul<\/td>\n<\/tr>\n<tr>\n<td valign=\"top\"><em>Jodo<\/em><\/td>\n<td valign=\"top\">K\u0131sa bir asayla yap\u0131lan idman<\/td>\n<\/tr>\n<tr>\n<td valign=\"top\"><em>Tandoku<\/em><\/td>\n<td valign=\"top\">Ki\u015fisel (tek) \u00e7al\u0131\u015fma (kihon tandoku), ayn\u0131 zamanda shitori geiko da denilir<\/td>\n<\/tr>\n<tr>\n<td valign=\"top\"><em>Sotai<\/em><\/td>\n<td valign=\"top\">2 ki\u015finin bokken ve jo ile \u00e7al\u0131\u015fmas\u0131 (kihon sotai), ayn\u0131 zamanda futari geiko da denilir<\/td>\n<\/tr>\n<tr>\n<td valign=\"top\"><em>Kihon<\/em><\/td>\n<td valign=\"top\">Basit hareketler ve teknikler<\/td>\n<\/tr>\n<tr>\n<td valign=\"top\"><em>Kata<\/em><\/td>\n<td valign=\"top\">\u0130lkeleri kullanma amac\u0131 g\u00fcden, idmandaki hareketlerin d\u00fczenli olarak s\u0131ralanmas\u0131<\/td>\n<\/tr>\n<tr>\n<td valign=\"top\"><em>Kamae<\/em><\/td>\n<td valign=\"top\">M\u00fccadeleci ruhun ve g\u00f6n\u00fcll\u00fcl\u00fc\u011f\u00fcn duru\u015fu<\/td>\n<\/tr>\n<tr>\n<td valign=\"top\"><em>Shisei<\/em><\/td>\n<td valign=\"top\">V\u00fccut duru\u015fu<\/td>\n<\/tr>\n<tr>\n<td valign=\"top\"><em>Migi<\/em><\/td>\n<td valign=\"top\">Sa\u011f<\/td>\n<\/tr>\n<tr>\n<td valign=\"top\"><em>Hidari<\/em><\/td>\n<td valign=\"top\">Sol<\/td>\n<\/tr>\n<tr>\n<td valign=\"top\"><em>Ma-Ai<\/em><\/td>\n<td valign=\"top\">Rakiple aran\u0131zdaki m\u00fccadele mesafesi, karar ve ni\u015fan mesafesi<\/td>\n<\/tr>\n<tr>\n<td valign=\"top\"><em>Sensei<\/em><\/td>\n<td valign=\"top\">Hoca &#8211; e\u011fitmen<\/td>\n<\/tr>\n<tr>\n<td valign=\"top\"><em>Shihan<\/em><\/td>\n<td valign=\"top\">B\u00fcy\u00fck &#8211; usta hoca<\/td>\n<\/tr>\n<tr>\n<td valign=\"top\"><em>Bokken<\/em><\/td>\n<td valign=\"top\">Tahtadan idman k\u0131l\u0131c\u0131<\/td>\n<\/tr>\n<tr>\n<td valign=\"top\"><em>Jo<\/em><\/td>\n<td valign=\"top\">Tahta asa<\/td>\n<\/tr>\n<tr>\n<td valign=\"top\"><em>Shidachi<\/em><\/td>\n<td valign=\"top\">Jo kullanmak<\/td>\n<\/tr>\n<tr>\n<td valign=\"top\"><em>Uchidachi<\/em><\/td>\n<td valign=\"top\">Bokken kullanmak<\/td>\n<\/tr>\n<\/tbody>\n<\/table>\n","protected":false},"excerpt":{"rendered":"<p>Komuta S\u00f6zc\u00fckleri Tai So Yoi Jo sol kolun arkas\u0131na yerle\u015ftirilir, yere dik bir \u015fekilde elde tutulur. Sage Jo Jo sa\u011f kolun arkas\u0131na yerle\u015ftirilir ve dik bir \u015fekilde silah gibi tutularak y\u00fcr\u00fcn\u00fcr. Tsune No Kamae V\u00fccut ger\u00e7ek, do\u011fal duru\u015fu al\u0131r, Jo sa\u011f tarafta tutularak ucu rakibi merkezler. Honte No Kamae V\u00fccut do\u011fal duru\u015funu gardla beraber al\u0131r &hellip; <\/p>\n","protected":false},"author":1,"featured_media":0,"parent":130,"menu_order":0,"comment_status":"open","ping_status":"open","template":"","meta":{"om_disable_all_campaigns":false,"_mi_skip_tracking":false},"aioseo_notices":[],"_links":{"self":[{"href":"https:\/\/www.shibumidojo.com\/index.php\/wp-json\/wp\/v2\/pages\/199"}],"collection":[{"href":"https:\/\/www.shibumidojo.com\/index.php\/wp-json\/wp\/v2\/pages"}],"about":[{"href":"https:\/\/www.shibumidojo.com\/index.php\/wp-json\/wp\/v2\/types\/page"}],"author":[{"embeddable":true,"href":"https:\/\/www.shibumidojo.com\/index.php\/wp-json\/wp\/v2\/users\/1"}],"replies":[{"embeddable":true,"href":"https:\/\/www.shibumidojo.com\/index.php\/wp-json\/wp\/v2\/comments?post=199"}],"version-history":[{"count":0,"href":"https:\/\/www.shibumidojo.com\/index.php\/wp-json\/wp\/v2\/pages\/199\/revisions"}],"up":[{"embeddable":true,"href":"https:\/\/www.shibumidojo.com\/index.php\/wp-json\/wp\/v2\/pages\/130"}],"wp:attachment":[{"href":"https:\/\/www.shibumidojo.com\/index.php\/wp-json\/wp\/v2\/media?parent=199"}],"curies":[{"name":"wp","href":"https:\/\/api.w.org\/{rel}","templated":true}]}}