{"id":201,"date":"2011-03-09T15:03:16","date_gmt":"2011-03-09T15:03:16","guid":{"rendered":"https:\/\/www.shibumidojo.com"},"modified":"2011-03-09T15:03:16","modified_gmt":"2011-03-09T15:03:16","slug":"jojutsu-calisma-ve-gelisim-evresi","status":"publish","type":"page","link":"https:\/\/www.shibumidojo.com\/index.php\/jojutsu\/jojutsu-calisma-ve-gelisim-evresi\/","title":{"rendered":"Jojutsu \u00c7al\u0131\u015fma ve Geli\u015fim Evresi"},"content":{"rendered":"<table style=\"height: 95px;\" border=\"1\" cellspacing=\"12\" cellpadding=\"0\" width=\"848\">\n<tbody>\n<tr>\n<td width=\"125\" height=\"65\"><strong>DERECE<\/strong><\/td>\n<td width=\"597\" height=\"65\"><strong>KYU VE DAN SEV\u0130YES\u0130 \u0130\u00c7\u0130N\u00a0\u00a0B\u0130L\u0130NMES\u0130 GEREKEN HAREKETLER<\/strong><\/td>\n<\/tr>\n<\/tbody>\n<\/table>\n<table style=\"height: 3896px;\" border=\"1\" cellspacing=\"12\" cellpadding=\"0\" width=\"848\">\n<tbody>\n<tr>\n<td width=\"125\" height=\"240\" valign=\"top\"><strong>HACHIKYU<\/strong><\/td>\n<td width=\"597\" height=\"240\" valign=\"top\">\n<table border=\"1\" width=\"101%\">\n<tbody>\n<tr>\n<td height=\"192\"><strong>8. KYU<\/strong><strong>JO SUBUR\u0130<\/strong>\u00a0\u00a0<strong>1) KAMAE\u00a0\u00a0\u00a0\u00a0\u00a0\u00a0\u00a0\u00a0\u00a0\u00a0\u00a0\u00a0\u00a0\u00a0\u00a0\u00a0\u00a0\u00a0\u00a0\u00a0\u00a0\u00a0\u00a0\u00a0 ( DURU\u015eLAR )<\/strong>\u00a0\u00a0\u00a0\u00a0<\/p>\n<div><strong>2) SHOMENUCHI\u00a0\u00a0\u00a0\u00a0\u00a0\u00a0\u00a0\u00a0\u00a0\u00a0\u00a0 ( SA\u011e, SOL )\u00a0\u00a0 ( JO SUBUR\u0130 )<\/strong><\/div>\n<p>\u00a0\u00a0\u00a0\u00a0<\/p>\n<div><strong>3)\u00a0 HONTEUCHI\u00a0\u00a0\u00a0\u00a0\u00a0\u00a0\u00a0\u00a0\u00a0\u00a0\u00a0 \u00a0\u00a0 ( JO SUBUR\u0130 )\u00a0\u00a0<\/strong><\/div>\n<p>\u00a0\u00a0<\/p>\n<p><strong><strong>4) GYAKUTEUCHI\u00a0\u00a0\u00a0\u00a0\u00a0\u00a0\u00a0\u00a0\u00a0\u00a0 ( JO SUBUR\u0130 )<\/strong>\u00a0\u00a0\u00a0\u00a0<\/p>\n<p><strong>5) HIKIOTOSHIUCHI\u00a0\u00a0\u00a0 \u00a0 ( JO SUBUR\u0130 )<\/strong>\u00a0\u00a0\u00a0\u00a0<\/p>\n<p><\/strong><\/td>\n<\/tr>\n<\/tbody>\n<\/table>\n<\/td>\n<\/tr>\n<tr>\n<td width=\"125\" height=\"241\" valign=\"top\"><strong>NANAKYU<\/strong><strong> <\/strong><\/td>\n<td width=\"597\" height=\"241\" valign=\"top\">\n<table border=\"1\" width=\"101%\">\n<tbody>\n<tr>\n<td height=\"192\"><strong>7<\/strong><strong>. KYU <\/strong><strong>JO\u00d7UCHIKOMI<\/strong><br \/>\n<strong>1) JODANUCHI (R\u00d7L)<br \/>\n2) HONTEUCHI<br \/>\n3) GYAKUTEUCHI<br \/>\n4) HIKIOTOSHIUCHI<br \/>\n<\/strong>\u00a0\u00a0<\/td>\n<\/tr>\n<\/tbody>\n<\/table>\n<\/td>\n<\/tr>\n<tr>\n<td width=\"125\" height=\"294\" valign=\"top\"><strong>ROKUKYU<\/strong><\/td>\n<td width=\"597\" height=\"294\" valign=\"top\">\n<table border=\"1\" width=\"101%\">\n<tbody>\n<tr>\n<td><strong>6. KYU<\/strong><strong>TANDOKUDOSA<\/strong>\u00a0\u00a0<span style=\"text-decoration: underline;\"><strong>JO TARAFI<\/strong><\/span>\u00a0\u00a0\u00a0\u00a0<\/p>\n<p><strong>1) HONTEUCHI<br \/>\n2) GYAKUTEUCHI<br \/>\n3) HIKIOTOSHIUCHI<br \/>\n4) KAESHIZUKI<br \/>\n5) GYAKUTEZUKI<br \/>\n6) MAKIOTOSHI<br \/>\n<\/strong>\u00a0\u00a0\u00a0\u00a0<\/td>\n<\/tr>\n<\/tbody>\n<\/table>\n<\/td>\n<\/tr>\n<tr>\n<td width=\"125\" height=\"309\" valign=\"top\"><strong>GOKYU<\/strong><\/td>\n<td width=\"597\" height=\"309\" valign=\"top\">\n<table border=\"1\" width=\"101%\">\n<tbody>\n<tr>\n<td><strong>5. KYU<\/strong><strong>TANDOKUDOSA<\/strong>\u00a0\u00a0<span style=\"text-decoration: underline;\"><strong>JO TARAFI<\/strong><\/span>\u00a0\u00a0\u00a0\u00a0<\/p>\n<p><strong>7) KURITSUKE<br \/>\n8) KURIHANASHI<br \/>\n9) TAIATARI<br \/>\n10) TSUKIHAZUSHI<br \/>\n11) DO BARAI<br \/>\n12) TAIHAZUSHIUCHI (R\u00d7L)<br \/>\n<\/strong>\u00a0\u00a0\u00a0\u00a0<\/td>\n<\/tr>\n<\/tbody>\n<\/table>\n<\/td>\n<\/tr>\n<tr>\n<td width=\"125\" height=\"284\" valign=\"top\"><strong>YONKYU<\/strong><\/td>\n<td width=\"597\" height=\"284\" valign=\"top\">\n<table border=\"1\" width=\"101%\">\n<tbody>\n<tr>\n<td><strong>4. KYU<\/strong><strong>SOTAI DOSA<\/strong>\u00a0\u00a0<strong>KEN VE JO TARAFI<\/strong>\u00a0\u00a0\u00a0\u00a0<\/p>\n<p><strong>1) HONTEUCHI<br \/>\n2) GYAKUTEUCHI<br \/>\n3) HIKIOTOSHIUCHI<br \/>\n4) KAESHIZUKI<br \/>\n5) GYAKUTEZUKI<br \/>\n6) MAKIOTOSHI<\/strong>\u00a0\u00a0\u00a0\u00a0<\/td>\n<\/tr>\n<\/tbody>\n<\/table>\n<\/td>\n<\/tr>\n<tr>\n<td width=\"125\" height=\"244\" valign=\"top\"><strong>SAN<\/strong><strong>KYU<\/strong><strong> <\/strong><\/td>\n<td width=\"597\" height=\"244\" valign=\"top\">\n<table border=\"1\" width=\"101%\">\n<tbody>\n<tr>\n<td><strong>3. KYU<\/strong><strong>SOTAI DOSA<\/strong>\u00a0\u00a0<strong>7) KURITSUKE<br \/>\n8) KURIHANASHI<br \/>\n9) TAIATARI<br \/>\n10) TSUKIHAZUSHI<br \/>\n11) DO BARAI<br \/>\n12) TAIHAZUSHIUCHI (R\u00d7L)<\/strong>\u00a0\u00a0\u00a0\u00a0<\/td>\n<\/tr>\n<\/tbody>\n<\/table>\n<\/td>\n<\/tr>\n<tr>\n<td width=\"125\" height=\"225\" valign=\"top\"><strong>NIKYU<\/strong><\/td>\n<td width=\"597\" height=\"225\" valign=\"top\">\n<table border=\"1\" width=\"101%\">\n<tbody>\n<tr>\n<td><strong>2. KYU<\/strong><strong>SEITEI KATA<\/strong>\u00a0\u00a0<strong>KEN VE JO TARAFI<\/strong>\u00a0\u00a0\u00a0\u00a0<\/p>\n<p><strong>1) TSUKIZUE<br \/>\n2) SUIGETSU<br \/>\n3) HITSAGE<\/strong>\u00a0\u00a0\u00a0\u00a0<\/td>\n<\/tr>\n<\/tbody>\n<\/table>\n<\/td>\n<\/tr>\n<tr>\n<td width=\"125\" height=\"263\" valign=\"top\"><strong>ICHI<\/strong><strong>KYU<\/strong><\/td>\n<td width=\"597\" height=\"263\" valign=\"top\">\n<table border=\"1\" width=\"101%\">\n<tbody>\n<tr>\n<td><strong>1. KYU<\/strong><strong>SEITEI KATA<\/strong>\u00a0\u00a0<strong>KEN VE JO TARAFI<\/strong>\u00a0\u00a0\u00a0\u00a0<\/p>\n<p><strong>4) SHAMEN<br \/>\n5) SAKAN<br \/>\n6) MONOMI<br \/>\n7) KASUMI<\/strong>\u00a0\u00a0\u00a0\u00a0<\/td>\n<\/tr>\n<\/tbody>\n<\/table>\n<\/td>\n<\/tr>\n<tr>\n<td width=\"125\" height=\"225\" valign=\"top\"><strong>SHODAN<\/strong><strong>\u00a0<\/strong>\u00a0\u00a0<\/td>\n<td width=\"597\" height=\"225\" valign=\"top\">\n<table border=\"1\" width=\"101%\">\n<tbody>\n<tr>\n<td><strong>1. DAN<\/strong><strong>SEITEI KATA<\/strong>\u00a0\u00a0<strong>8) TACHI OTOSHI<br \/>\n9)\u00a0RAI UCHI<br \/>\n10) SEIGAN<br \/>\n11) MIDARIDOME<\/strong>\u00a0\u00a0\u00a0\u00a0<\/td>\n<\/tr>\n<\/tbody>\n<\/table>\n<\/td>\n<\/tr>\n<tr>\n<td width=\"125\" height=\"395\" valign=\"top\"><strong>NIDAN<\/strong><\/td>\n<td width=\"597\" height=\"395\" valign=\"top\"><strong>2. DAN<\/strong><\/p>\n<table border=\"1\" width=\"101%\">\n<tbody>\n<tr>\n<td width=\"276\"><strong>OMOTE<\/strong><strong>1) TACHIOTOSHI<br \/>\n2) TSUBAWARI<br \/>\n3) TSUKIZUE<br \/>\n4) HITSAGE<br \/>\n5) SAKAN<br \/>\n6) UKAN<br \/>\n7) KASUMI<br \/>\n8) MONOMI<br \/>\n9) KASANOSHITA<br \/>\n10) ICHIREI<br \/>\n11) NEYANOUCHI<br \/>\n12) HOSOMICHI<br \/>\n<\/strong>\u00a0\u00a0<\/td>\n<td><strong>CHUDAN<\/strong><strong> <\/strong><strong>1) ICHIRIKI<br \/>\n2) OSHIZUME<br \/>\n3) MIDAREDOME<br \/>\n4) USHIROZUE\u00d7ZEN<br \/>\n5) TAISHA<br \/>\n6) KENGOME<br \/>\n7) KIRIKAKE<br \/>\n8) SHINSHIN<br \/>\n9) RAIUCHI<br \/>\n10) YOKOGIRIDOME<br \/>\n11) HARAIDOME<br \/>\n12) SEIGAN<\/strong>\u00a0\u00a0<strong>RAN AI<\/strong>\u00a0\u00a0\u00a0\u00a0<\/td>\n<\/tr>\n<\/tbody>\n<\/table>\n<\/td>\n<\/tr>\n<tr>\n<td width=\"125\" height=\"390\" valign=\"top\"><strong>SANDAN<\/strong><\/td>\n<td width=\"597\" height=\"390\" valign=\"top\">\n<table border=\"1\" width=\"101%\">\n<tbody>\n<tr>\n<td><strong>3. DAN <\/strong><strong>KAGE<\/strong>\u00a0\u00a0<strong>\u0130simleri OMOTE gibi<\/strong>\u00a0\u00a0\u00a0\u00a0<\/p>\n<p><strong>1) TACHIOTOSHI<br \/>\n2) TSUBAWARI<br \/>\n3) TSUKIZUE<br \/>\n4) HITSAGE<br \/>\n5) SAKAN<br \/>\n6) UKAN<br \/>\n7) KASUMI<br \/>\n8) MONOMI<br \/>\n9) KASANOSHITA<br \/>\n10) ICHIREI<br \/>\n11) NEYANOUCHI<br \/>\n12) HOSOMICHI<\/strong>\u00a0\u00a0\u00a0\u00a0<\/td>\n<\/tr>\n<\/tbody>\n<\/table>\n<\/td>\n<\/tr>\n<tr>\n<td width=\"125\" height=\"224\" valign=\"top\"><strong>YONDAN<\/strong><\/td>\n<td width=\"597\" height=\"224\" valign=\"top\"><strong>4. DAN<\/strong><\/p>\n<table style=\"width: 615px; height: 108px;\" border=\"1\" width=\"615\">\n<tbody>\n<tr>\n<td width=\"268\"><strong>\u00a0SAMIDARE<\/strong>\u00a0<strong>1) ICHIMONJI<br \/>\n2) JUMONJI<br \/>\n3) NITO KODACHI OTOSHI<br \/>\n4) MIJIN\u00d7ZEN<br \/>\n5) MIJIN\u00d7GO<br \/>\n6) GANTSUBUSHI<\/strong>\u00a0\u00a0\u00a0<\/td>\n<td><strong>\u00a0GOHON NO MIDARE<\/strong><strong>)<\/strong>\u00a0<strong>\u00a01)TACHIOTOSHI\u00d7NO\u00d7MIDARE<br \/>\n2) SAKAN\u00d7NO\u00d7MIDARE<br \/>\n3) KENGOME\u00d7NO\u00d7MIDARE<br \/>\n4) KASUMI\u00d7NO\u00d7MIDARE<br \/>\n5) SHAMEN\u00d7NO\u00d7MIDARE<\/strong>\u00a0\u00a0\u00a0<\/td>\n<\/tr>\n<\/tbody>\n<\/table>\n<\/td>\n<\/tr>\n<tr>\n<td width=\"125\" height=\"386\" valign=\"top\"><strong>GODAN<\/strong><\/td>\n<td width=\"597\" height=\"386\" valign=\"top\">\n<table border=\"1\" width=\"101%\">\n<tbody>\n<tr>\n<td><strong>5. DAN<\/strong><\/p>\n<table border=\"1\" width=\"101%\">\n<tbody>\n<tr>\n<td width=\"286\"><strong>OKU<\/strong><strong>1) SEN GACHI<br \/>\n2) TSUKIDASHI<br \/>\n3) UCHITSUKE<br \/>\n4) KOTEDOME<br \/>\n5) HIKISUTE<br \/>\n6) KOTEGARAMI<br \/>\n7) JITTE<br \/>\n8) MIKAERI<br \/>\n9) AUN<br \/>\n10) UCHIWAKE<br \/>\n11) SUIGETSU<br \/>\n12) SAYUDOME<\/strong>\u00a0\u00a0<\/td>\n<td><strong>HIDEN<\/strong><strong>OKU&#8217;DAN SONRA<\/strong>\u00a0\u00a0<strong>( OKUIRI )<\/strong>\u00a0\u00a0\u00a0\u00a0<\/p>\n<p><strong>SHOMOKUROKU<\/strong>\u00a0\u00a0\u00a0\u00a0<\/p>\n<p><strong>GOMOKUROKU<\/strong>\u00a0\u00a0\u00a0\u00a0<\/p>\n<p><strong>MENKYO<\/strong>\u00a0\u00a0\u00a0\u00a0<\/p>\n<p><strong>MENKYO KAIDEN<\/strong>\u00a0\u00a0\u00a0\u00a0<\/p>\n<p><strong>G\u0130ZL\u0130 TEKN\u0130KLER \u0130\u00c7ER\u0130R.<\/strong>\u00a0\u00a0\u00a0\u00a0<\/td>\n<\/tr>\n<\/tbody>\n<\/table>\n<\/td>\n<\/tr>\n<\/tbody>\n<\/table>\n<\/td>\n<\/tr>\n<\/tbody>\n<\/table>\n<p><strong>SHINTO MUSO RYU JOJUTSU \u00d6\u011eRET\u0130S\u0130<\/strong><\/p>\n<table border=\"1\" width=\"86%\">\n<tbody>\n<tr>\n<td><strong>SHINTO MUSO RYU JOJUTSU<br \/>\n<\/strong><strong>(1) KEN\u00d7SUBURI<\/strong>\u00a0\u00a0<strong>1) SHOMEN\u00d7UCHI<br \/>\n2) KIRIKAESHI<br \/>\n3) KESAGIRI<br \/>\n4) UKEMAWASHI<br \/>\n5) UCHIOTOSHI<br \/>\n<\/strong>\u00a0\u00a0\u00a0<\/p>\n<p><strong>(2) KEN\u00d7BATTO<\/strong>\u00a0\u00a0\u00a0\u00a0<\/p>\n<p><strong>1) NUKITSUKE<br \/>\n2) SEIGAN\u00d7NO\u00d7TACHI<br \/>\n3) ICHIREI\u00d7NO\u00d7TACHI<br \/>\n4) RAN\u00d7AI\u00d7 NO\u00d7TACHI<br \/>\n5) TSUBAWARI\u00d7NO\u00d7TACH\u0130<\/strong>\u00a0\u00a0\u00a0\u00a0<\/td>\n<\/tr>\n<\/tbody>\n<\/table>\n<table style=\"height: 91px;\" border=\"1\" width=\"850\">\n<tbody>\n<tr>\n<td width=\"840\"><strong>(3) JO\u00d7SUBURI<\/strong><strong>1) SHOMENUCHI (R\u00d7L)<br \/>\n2) HONTEUCHI<br \/>\n3) GYAKUTEUCHI<br \/>\n4) HIKIOTOSHIUCHI<br \/>\n5) UKEMAWASHI<br \/>\n<\/strong>\u00a0\u00a0<\/td>\n<\/tr>\n<\/tbody>\n<\/table>\n<table border=\"1\" width=\"86%\">\n<tbody>\n<tr>\n<td><strong>(3) JO\u00d7SUBURI<\/strong><strong><br \/>\n1) SHOMENUCHI (R\u00d7L)<br \/>\n2) HONTEUCHI<br \/>\n3) GYAKUTEUCHI<br \/>\n4) HIKIOTOSHIUCHI<br \/>\n5) UKEMAWASHI<br \/>\n<\/strong>\u00a0\u00a0<\/td>\n<\/tr>\n<tr>\n<td height=\"192\"><strong>(4) JO\u00d7UCHIKOMI<\/strong><br \/>\n<strong>1) JODANUCHI (R\u00d7L)<br \/>\n2) HONTEUCHI<br \/>\n3) GYAKUTEUCHI<br \/>\n4) HIKIOTOSHIUCHI<br \/>\n5) MAKIOTOSHI<\/strong><\/td>\n<\/tr>\n<tr>\n<td><strong>(5) TANDOKUDOSA<\/strong><strong>1) HONTEUCHI<br \/>\n2) GYAKUTEUCHI<br \/>\n3) HIKIOTOSHIUCHI<br \/>\n4) KAESHIZUKI<br \/>\n5) GYAKUTEZUKI<br \/>\n6) MAKIOTOSHI<br \/>\n7) KURITSUKE<br \/>\n8) KURIHANASHI<br \/>\n9) TAIATARI<br \/>\n10) TSUKIHAZUSHI<br \/>\n11) DO BARAI<br \/>\n12) TAIHAZUSHIUCHI (R\u00d7L)<br \/>\n<\/strong>\u00a0\u00a0<\/td>\n<\/tr>\n<tr>\n<td height=\"115\"><strong>(6) SOTAI DOSA<\/strong><strong><br \/>\n1\u00a0\u00a0\u00a0\u00a0\u00a0\u00a0\u00a0\u00a0\u00a0\u00a0\u00a0\u00a0\u00a0\u00a0\u00a0\u00a0 12<br \/>\nSame names as TANDOKU DOSA<\/strong>\u00a0\u00a0<\/td>\n<\/tr>\n<tr>\n<td height=\"310\"><strong>(7) SEITEIGATA<\/strong><strong>1) TSUKIZUE<br \/>\n2) SUIGETSU<br \/>\n3) HITSAGE<br \/>\n4) SHAMEN<br \/>\n5) SAKAN<br \/>\n6) MONOMI<br \/>\n7) KASUMI<br \/>\n8) TACHIOTOSHI<br \/>\n9) RAIUCHI<br \/>\n10) SEIGAN<br \/>\n11) MIDAREDOME<br \/>\n12) RAN\u00d7AI<\/strong>\u00a0\u00a0<\/td>\n<\/tr>\n<tr>\n<td><strong>(8) OMOTE<\/strong><strong>1) TACHIOTOSHI<br \/>\n2) TSUBAWARI<br \/>\n3) TSUKIZUE<br \/>\n4) HITSAGE<br \/>\n5) SAKAN<br \/>\n6) UKAN<br \/>\n7) KASUMI<br \/>\n8) MONOMI<br \/>\n9) KASANOSHITA<br \/>\n10) ICHIREI<br \/>\n11) NEYANOUCHI<br \/>\n12) HOSOMICHI<br \/>\n<\/strong>\u00a0\u00a0<\/td>\n<\/tr>\n<\/tbody>\n<\/table>\n<table border=\"1\" width=\"849\">\n<tbody>\n<tr>\n<td><strong>(9) CHUDAN<\/strong><strong>1) ICHIRIKI<br \/>\n2) OSHIZUME<br \/>\n3) MIDAREDOME<br \/>\n4) USHIROZUE ZEN<br \/>\n5) TAISHA<br \/>\n6) KENGOME<br \/>\n7) KIRIKAKE<br \/>\n8) SHINSHIN<br \/>\n9) RAIUCHI<br \/>\n10) YOKOGIRIDOME<br \/>\n11) HARAIDOME<br \/>\n12) SEIGAN<br \/>\n<\/strong>\u00a0\u00a0<\/td>\n<\/tr>\n<tr>\n<td width=\"0\" height=\"0\"><strong>(10) RAN AI<\/strong><strong><br \/>\n1) RAN AI<br \/>\n(O\u00d7DACHI)<\/strong><strong><br \/>\n2)\u00a0 RAN AI<br \/>\n(KO\u00d7DACHI)<br \/>\n<\/strong>\u00a0\u00a0<\/td>\n<\/tr>\n<tr>\n<td height=\"139\"><strong>(11) KAGE<\/strong><strong>1\u00a0\u00a0\u00a0\u00a0\u00a0\u00a0\u00a0\u00a0\u00a0\u00a0\u00a0\u00a012<\/strong><strong><em>\u00a0<\/em><\/strong>\u00a0\u00a0<strong>Same names as\u00a0OMOTE<\/strong>\u00a0\u00a0\u00a0<\/td>\n<\/tr>\n<tr>\n<td><strong>\u00a0<\/strong>\u00a0<strong>SAMIDARE\u00a0<\/strong>\u00a0<\/p>\n<p><strong>\u00a0<\/strong><strong><br \/>\n1) ICHIMONJI<br \/>\n2) JUMONJI<br \/>\n3) NITO KODACHI OTOSHI<br \/>\n4) MIJIN ZEN<br \/>\n5) MIJIN GO<br \/>\n6) GANTSUBUSHI<\/strong>\u00a0\u00a0<\/td>\n<\/tr>\n<tr>\n<td><strong>GOHON\u00d7NO\u00d7MIDARE<\/strong>\u00a0<\/p>\n<p><strong>1) TACHIOTOSHI NO MIDARE<br \/>\n2) SAKAN NO MIDARE<br \/>\n3) KENGOME NO MIDARE<br \/>\n4) KASUMI NO MIDARE<br \/>\n5) SHAMEN NO MIDARE<\/strong>\u00a0\u00a0\u00a0<\/td>\n<\/tr>\n<tr>\n<td align=\"left\"><strong>(14) OKU<\/strong>\u00a0<\/p>\n<p><strong>1) SEN GACHI<br \/>\n2) TSUKIDASHI<br \/>\n3) UCHITSUKE<br \/>\n4) KOTEDOME<br \/>\n5) HIKISUTE<br \/>\n6) KOTEGARAMI<br \/>\n7) JITTE<br \/>\n8) MIKAERI<\/strong><br \/>\n<strong>9) AUN<br \/>\n10) UCHIWAKE<br \/>\n11) SUIGETSU<br \/>\n12) SAYUDOME<\/strong>\u00a0\u00a0\u00a0<\/td>\n<\/tr>\n<\/tbody>\n<\/table>\n","protected":false},"excerpt":{"rendered":"<p>DERECE KYU VE DAN SEV\u0130YES\u0130 \u0130\u00c7\u0130N\u00a0\u00a0B\u0130L\u0130NMES\u0130 GEREKEN HAREKETLER HACHIKYU 8. KYUJO SUBUR\u0130\u00a0\u00a01) KAMAE\u00a0\u00a0\u00a0\u00a0\u00a0\u00a0\u00a0\u00a0\u00a0\u00a0\u00a0\u00a0\u00a0\u00a0\u00a0\u00a0\u00a0\u00a0\u00a0\u00a0\u00a0\u00a0\u00a0\u00a0 ( DURU\u015eLAR )\u00a0\u00a0\u00a0\u00a0 2) SHOMENUCHI\u00a0\u00a0\u00a0\u00a0\u00a0\u00a0\u00a0\u00a0\u00a0\u00a0\u00a0 ( SA\u011e, SOL )\u00a0\u00a0 ( JO SUBUR\u0130 ) \u00a0\u00a0\u00a0\u00a0 3)\u00a0 HONTEUCHI\u00a0\u00a0\u00a0\u00a0\u00a0\u00a0\u00a0\u00a0\u00a0\u00a0\u00a0 \u00a0\u00a0 ( JO SUBUR\u0130 )\u00a0\u00a0 \u00a0\u00a0 4) GYAKUTEUCHI\u00a0\u00a0\u00a0\u00a0\u00a0\u00a0\u00a0\u00a0\u00a0\u00a0 ( JO SUBUR\u0130 )\u00a0\u00a0\u00a0\u00a0 5) HIKIOTOSHIUCHI\u00a0\u00a0\u00a0 \u00a0 ( JO SUBUR\u0130 )\u00a0\u00a0\u00a0\u00a0 NANAKYU 7. KYU JO\u00d7UCHIKOMI 1) JODANUCHI (R\u00d7L) &hellip; <\/p>\n","protected":false},"author":1,"featured_media":0,"parent":130,"menu_order":0,"comment_status":"open","ping_status":"open","template":"","meta":{"om_disable_all_campaigns":false,"_mi_skip_tracking":false},"aioseo_notices":[],"_links":{"self":[{"href":"https:\/\/www.shibumidojo.com\/index.php\/wp-json\/wp\/v2\/pages\/201"}],"collection":[{"href":"https:\/\/www.shibumidojo.com\/index.php\/wp-json\/wp\/v2\/pages"}],"about":[{"href":"https:\/\/www.shibumidojo.com\/index.php\/wp-json\/wp\/v2\/types\/page"}],"author":[{"embeddable":true,"href":"https:\/\/www.shibumidojo.com\/index.php\/wp-json\/wp\/v2\/users\/1"}],"replies":[{"embeddable":true,"href":"https:\/\/www.shibumidojo.com\/index.php\/wp-json\/wp\/v2\/comments?post=201"}],"version-history":[{"count":0,"href":"https:\/\/www.shibumidojo.com\/index.php\/wp-json\/wp\/v2\/pages\/201\/revisions"}],"up":[{"embeddable":true,"href":"https:\/\/www.shibumidojo.com\/index.php\/wp-json\/wp\/v2\/pages\/130"}],"wp:attachment":[{"href":"https:\/\/www.shibumidojo.com\/index.php\/wp-json\/wp\/v2\/media?parent=201"}],"curies":[{"name":"wp","href":"https:\/\/api.w.org\/{rel}","templated":true}]}}