{"id":223,"date":"2011-03-09T15:25:12","date_gmt":"2011-03-09T15:25:12","guid":{"rendered":"https:\/\/www.shibumidojo.com"},"modified":"2011-03-09T15:25:12","modified_gmt":"2011-03-09T15:25:12","slug":"aikidoda-hasim-yoktur","status":"publish","type":"page","link":"https:\/\/www.shibumidojo.com\/index.php\/aikido-2\/aikidoda-hasim-yoktur\/","title":{"rendered":"Aikido&#8217;da Has\u0131m Yoktur"},"content":{"rendered":"<div id=\"_mcePaste\">\n\t<a href=\"https:\/\/www.shibumidojo.com\/wp-content\/uploads\/2011\/03\/ahmetaikidojpg2.jpg\"><img decoding=\"async\" loading=\"lazy\" alt=\"\" class=\"alignright size-full wp-image-224\" height=\"190\" src=\"https:\/\/www.shibumidojo.com\/wp-content\/uploads\/2011\/03\/ahmetaikidojpg2.jpg\" title=\"ahmetaikidojpg\" width=\"241\" \/><\/a>Aikido m&uuml;sabakay\u0131, kar\u015f\u0131la\u015fmay\u0131, yar\u0131\u015fmay\u0131 reddeder. Aikido &ccedil;al\u0131\u015f\u0131rken her iki taraf da kazanan taraft\u0131r.&nbsp;Kazanmak i&ccedil;in rakip ve d&uuml;\u015fman gerekir. &nbsp;Aikido&#39;da rakip yoktur&#8230; d&uuml;\u015fman yoktur,&nbsp;b&ouml;yle olunca her iki taraf da kazanm\u0131\u015f olur.&nbsp;Kazan\u0131lan \u015feyin ne oldu\u011fu &ouml;nemlidir. Yenmeye, ezmeye &ccedil;al\u0131\u015fmak yerine daha iyi yapma akl\u0131 ve bedeni daha iyi kullanma iste\u011fi vard\u0131r.&nbsp;Kazand\u0131\u011f\u0131m\u0131z kar\u015f\u0131m\u0131zdakinin kalbi olmal\u0131d\u0131r. &Ccedil;al\u0131\u015fmaya ba\u015flarken ve bitirirken birbirimize verilen selam\u0131n bir anlam\u0131 da; &quot; Bedenimi sana teslim ediyorum onu kullan ama bana sa\u011flam teslim et &quot;\n<\/div>\n<div id=\"_mcePaste\">\n\t&Ccedil;&uuml;nk&uuml; siz ne kadar iyi d&uuml;\u015ferseniz d&uuml;\u015f&uuml;n, e\u011fer kar\u015f\u0131n\u0131zdaki dikkat etmezse ve de isterse sizi rahatl\u0131kla sakatlar. Her \u015feyin kazanmak, yenmek, alt etmek oldu\u011fu g&uuml;n&uuml;m&uuml;z d&uuml;nyas\u0131nda &ldquo;Aikido mant\u0131\u011f\u0131 ne i\u015fime yarar&rdquo; sorusunun cevab\u0131n\u0131 gene hayat bize \u015f&ouml;yle veriyor. Daha &ccedil;ok kazanmak i&ccedil;in havay\u0131, karay\u0131, denizi, hayvan\u0131, a\u011fac\u0131, bar\u0131\u015f\u0131 ve insan\u0131 kirletti insan. Do\u011fa ise kimseyle yar\u0131\u015fmaz, rakibi yoktur sadece bir verene onlarca verir ve hep kazanan o ve onunla uyumlu oland\u0131r.\n<\/div>\n<p>\n\tAhmet K&ouml;so\u011flu\n<\/p>\n<p style=\"text-align: center;\">\n\t&nbsp;&nbsp;<a href=\"https:\/\/www.shibumidojo.com\/wp-content\/uploads\/2011\/04\/emailed4.gif\"><img decoding=\"async\" loading=\"lazy\" alt=\"\" height=\"52\" src=\"https:\/\/www.shibumidojo.com\/wp-content\/uploads\/2011\/04\/emailed4.gif\" title=\"emailed\" width=\"45\" \/><\/a><a href=\"mailto:info@shibumidojo.com\">info@sh<\/a><a href=\"mailto:info@shibumidojo.com\">ibumidojo.com<\/a><\/p>\n","protected":false},"excerpt":{"rendered":"<p>Aikido m&uuml;sabakay\u0131, kar\u015f\u0131la\u015fmay\u0131, yar\u0131\u015fmay\u0131 reddeder. Aikido &ccedil;al\u0131\u015f\u0131rken her iki taraf da kazanan taraft\u0131r.&nbsp;Kazanmak i&ccedil;in rakip ve d&uuml;\u015fman gerekir. &nbsp;Aikido&#39;da rakip yoktur&#8230; d&uuml;\u015fman yoktur,&nbsp;b&ouml;yle olunca her iki taraf da kazanm\u0131\u015f olur.&nbsp;Kazan\u0131lan \u015feyin ne oldu\u011fu &ouml;nemlidir. Yenmeye, ezmeye &ccedil;al\u0131\u015fmak yerine daha iyi yapma akl\u0131 ve bedeni daha iyi kullanma iste\u011fi vard\u0131r.&nbsp;Kazand\u0131\u011f\u0131m\u0131z kar\u015f\u0131m\u0131zdakinin kalbi olmal\u0131d\u0131r. &Ccedil;al\u0131\u015fmaya ba\u015flarken ve &hellip; <\/p>\n","protected":false},"author":1,"featured_media":0,"parent":5120,"menu_order":0,"comment_status":"open","ping_status":"open","template":"","meta":{"om_disable_all_campaigns":false,"_mi_skip_tracking":false},"aioseo_notices":[],"_links":{"self":[{"href":"https:\/\/www.shibumidojo.com\/index.php\/wp-json\/wp\/v2\/pages\/223"}],"collection":[{"href":"https:\/\/www.shibumidojo.com\/index.php\/wp-json\/wp\/v2\/pages"}],"about":[{"href":"https:\/\/www.shibumidojo.com\/index.php\/wp-json\/wp\/v2\/types\/page"}],"author":[{"embeddable":true,"href":"https:\/\/www.shibumidojo.com\/index.php\/wp-json\/wp\/v2\/users\/1"}],"replies":[{"embeddable":true,"href":"https:\/\/www.shibumidojo.com\/index.php\/wp-json\/wp\/v2\/comments?post=223"}],"version-history":[{"count":0,"href":"https:\/\/www.shibumidojo.com\/index.php\/wp-json\/wp\/v2\/pages\/223\/revisions"}],"up":[{"embeddable":true,"href":"https:\/\/www.shibumidojo.com\/index.php\/wp-json\/wp\/v2\/pages\/5120"}],"wp:attachment":[{"href":"https:\/\/www.shibumidojo.com\/index.php\/wp-json\/wp\/v2\/media?parent=223"}],"curies":[{"name":"wp","href":"https:\/\/api.w.org\/{rel}","templated":true}]}}