{"id":431,"date":"2017-04-03T09:56:39","date_gmt":"2017-04-03T09:56:39","guid":{"rendered":"http:\/\/shibumidojo.com\/?page_id=431"},"modified":"2025-05-20T23:21:22","modified_gmt":"2025-05-20T20:21:22","slug":"iletisim","status":"publish","type":"page","link":"https:\/\/www.shibumidojo.com\/index.php\/iletisim\/","title":{"rendered":"\u200b\u0130leti\u015fim"},"content":{"rendered":"<p style=\"text-align: center;\"><strong>UZAK DO\u011eU SAVA\u015e SANATLARI VE K\u00dcLT\u00dcR MERKEZ\u0130<\/strong><\/p>\n<p style=\"text-align: center;\"><span style=\"font-family: arial, helvetica, sans-serif;\"><img decoding=\"async\" loading=\"lazy\" class=\"alignnone size-thumbnail wp-image-7341\" src=\"https:\/\/www.shibumidojo.com\/wp-content\/uploads\/2017\/04\/dojo-logo-1-1-150x32.png\" alt=\"\" width=\"150\" height=\"32\" \/><\/span><\/p>\n<p style=\"text-align: center;\"><strong><span style=\"font-size: 14pt; font-family: arial, helvetica, sans-serif;\">M\u00fch\u00fcrdar Caddesi R\u0131zapa\u015fa Sokak No:32\/A<\/span><\/strong><\/p>\n<p style=\"text-align: center;\"><strong><span style=\"font-size: 14pt; font-family: arial, helvetica, sans-serif;\">MODA \u2013 Kad\u0131k\u00f6y \u2013 \u0130stanbul<\/span><\/strong><\/p>\n<p style=\"text-align: center;\"><strong><span style=\"font-size: 14pt; font-family: arial, helvetica, sans-serif;\">tel; 0216 345 58 46<\/span><\/strong><\/p>\n<p style=\"text-align: center;\"><strong><span style=\"font-size: 14pt; font-family: arial, helvetica, sans-serif;\">\u00a0 Tel; 533 657 01 34<\/span><\/strong><\/p>\n<p style=\"text-align: center;\"><span style=\"font-size: 18px; color: #0000ff;\">E-posta; info@shibumidojo.com<\/span><\/p>\n","protected":false},"excerpt":{"rendered":"<p>UZAK DO\u011eU SAVA\u015e SANATLARI VE K\u00dcLT\u00dcR MERKEZ\u0130 M\u00fch\u00fcrdar Caddesi R\u0131zapa\u015fa Sokak No:32\/A MODA \u2013 Kad\u0131k\u00f6y \u2013 \u0130stanbul tel; 0216 345 58 46 \u00a0 Tel; 533 657 01 34 E-posta; info@shibumidojo.com<\/p>\n","protected":false},"author":1,"featured_media":0,"parent":0,"menu_order":0,"comment_status":"closed","ping_status":"closed","template":"","meta":{"om_disable_all_campaigns":false,"_mi_skip_tracking":false},"aioseo_notices":[],"_links":{"self":[{"href":"https:\/\/www.shibumidojo.com\/index.php\/wp-json\/wp\/v2\/pages\/431"}],"collection":[{"href":"https:\/\/www.shibumidojo.com\/index.php\/wp-json\/wp\/v2\/pages"}],"about":[{"href":"https:\/\/www.shibumidojo.com\/index.php\/wp-json\/wp\/v2\/types\/page"}],"author":[{"embeddable":true,"href":"https:\/\/www.shibumidojo.com\/index.php\/wp-json\/wp\/v2\/users\/1"}],"replies":[{"embeddable":true,"href":"https:\/\/www.shibumidojo.com\/index.php\/wp-json\/wp\/v2\/comments?post=431"}],"version-history":[{"count":17,"href":"https:\/\/www.shibumidojo.com\/index.php\/wp-json\/wp\/v2\/pages\/431\/revisions"}],"predecessor-version":[{"id":7754,"href":"https:\/\/www.shibumidojo.com\/index.php\/wp-json\/wp\/v2\/pages\/431\/revisions\/7754"}],"wp:attachment":[{"href":"https:\/\/www.shibumidojo.com\/index.php\/wp-json\/wp\/v2\/media?parent=431"}],"curies":[{"name":"wp","href":"https:\/\/api.w.org\/{rel}","templated":true}]}}