{"id":458,"date":"2017-04-03T18:02:13","date_gmt":"2017-04-03T18:02:13","guid":{"rendered":"http:\/\/shibumidojo.com\/?page_id=458"},"modified":"2017-04-03T18:02:13","modified_gmt":"2017-04-03T18:02:13","slug":"yazilar-2","status":"publish","type":"page","link":"https:\/\/www.shibumidojo.com\/index.php\/yazilar-2\/","title":{"rendered":"Yaz\u0131lar"},"content":{"rendered":"<p style=\"text-align: center;\"><strong>Bu sayfada ki ba\u015fl\u0131klara t\u0131klarsan\u0131z yaz\u0131n\u0131n b\u00fct\u00fcn\u00fcne ula\u015fabilirsiniz,<\/strong><\/p>\n<h4 style=\"text-align: center;\"><a href=\"http:\/\/shibumidojo.com\/?p=449\">\u201cSava\u015f her \u015feyin babas\u0131 ve efendisidir.\u201d<\/a><\/h4>\n<h4 style=\"text-align: center;\"><a href=\"http:\/\/shibumidojo.com\/?p=3330\">Ahmet K\u00f6so\u011flu ile spor ve sava\u015f sanatlar\u0131n\u0131n ba\u015flang\u0131c\u0131 hakk\u0131nda bir s\u00f6yle\u015fi.<\/a><\/h4>\n<h4 style=\"text-align: center;\"><a href=\"http:\/\/shibumidojo.com\/?p=476\">G\u00fcnl\u00fck\u00a0ya\u015famda\u00a0g\u00fcvenlik<\/a><\/h4>\n<h4 style=\"text-align: center;\"><a href=\"http:\/\/shibumidojo.com\/?p=4404\">Gelece\u011fin\u00a0Su\u00e7lusunu Yeti\u015ftirmenin En Basit Kurallar\u0131<\/a><\/h4>\n<h4 style=\"text-align: center;\"><a href=\"http:\/\/shibumidojo.com\/?p=480\">Ya\u015fama uyanma, Kim oldu\u011funa uyanma.<\/a><\/h4>\n<h4 style=\"text-align: center;\"><a href=\"http:\/\/shibumidojo.com\/?p=486\">\u00a0Ger\u00e7ek bir usta kendini belli etmez.<\/a><\/h4>\n<p style=\"text-align: center;\">\n","protected":false},"excerpt":{"rendered":"<p>Bu sayfada ki ba\u015fl\u0131klara t\u0131klarsan\u0131z yaz\u0131n\u0131n b\u00fct\u00fcn\u00fcne ula\u015fabilirsiniz, \u201cSava\u015f her \u015feyin babas\u0131 ve efendisidir.\u201d Ahmet K\u00f6so\u011flu ile spor ve sava\u015f sanatlar\u0131n\u0131n ba\u015flang\u0131c\u0131 hakk\u0131nda bir s\u00f6yle\u015fi. G\u00fcnl\u00fck\u00a0ya\u015famda\u00a0g\u00fcvenlik Gelece\u011fin\u00a0Su\u00e7lusunu Yeti\u015ftirmenin En Basit Kurallar\u0131 Ya\u015fama uyanma, Kim oldu\u011funa uyanma. \u00a0Ger\u00e7ek bir usta kendini belli etmez.<\/p>\n","protected":false},"author":1,"featured_media":0,"parent":0,"menu_order":0,"comment_status":"closed","ping_status":"closed","template":"","meta":{"om_disable_all_campaigns":false,"_mi_skip_tracking":false},"aioseo_notices":[],"_links":{"self":[{"href":"https:\/\/www.shibumidojo.com\/index.php\/wp-json\/wp\/v2\/pages\/458"}],"collection":[{"href":"https:\/\/www.shibumidojo.com\/index.php\/wp-json\/wp\/v2\/pages"}],"about":[{"href":"https:\/\/www.shibumidojo.com\/index.php\/wp-json\/wp\/v2\/types\/page"}],"author":[{"embeddable":true,"href":"https:\/\/www.shibumidojo.com\/index.php\/wp-json\/wp\/v2\/users\/1"}],"replies":[{"embeddable":true,"href":"https:\/\/www.shibumidojo.com\/index.php\/wp-json\/wp\/v2\/comments?post=458"}],"version-history":[{"count":0,"href":"https:\/\/www.shibumidojo.com\/index.php\/wp-json\/wp\/v2\/pages\/458\/revisions"}],"wp:attachment":[{"href":"https:\/\/www.shibumidojo.com\/index.php\/wp-json\/wp\/v2\/media?parent=458"}],"curies":[{"name":"wp","href":"https:\/\/api.w.org\/{rel}","templated":true}]}}