{"id":4689,"date":"2016-04-27T03:35:31","date_gmt":"2016-04-27T03:35:31","guid":{"rendered":"http:\/\/wp451m.a10-52-158-154.qa.plesk.ru\/wordpress\/?page_id=2"},"modified":"2021-10-04T23:13:45","modified_gmt":"2021-10-04T20:13:45","slug":"sample-page","status":"publish","type":"page","link":"https:\/\/www.shibumidojo.com\/index.php\/sample-page\/","title":{"rendered":"Hakk\u0131m\u0131zda"},"content":{"rendered":"<div class=\"post-header-wrapper clear\">\n<header class=\"entry-header clear\">\n<p class=\"entry-title\"><span style=\"font-size: 16px;\"><img decoding=\"async\" loading=\"lazy\" class=\"size-full wp-image-9 alignleft\" src=\"https:\/\/www.shibumidojo.com\/wp-content\/uploads\/2016\/04\/samurai1-1.jpg\" alt=\"samurai1\" width=\"121\" height=\"160\" \/>1978 senesinde Kad\u0131k\u00f6y Yo\u011furt\u00e7u park\u0131n\u0131n kar\u015f\u0131s\u0131nda a\u00e7t\u0131\u011f\u0131m\u0131z K\u00f6so\u011flu Spor Merkezi ile ba\u015flayan e\u011fitimlerimiz\u00a02002 senesinden bu yana Shibumi Dojo,da\u00a0Judo, Aikido, jujutsu, Kenjutsu, Jojutsu \u00e7al\u0131\u015fmalar\u0131.\u00a0Uzak Do\u011fu Sava\u015f Sanatlar\u0131 Ve K\u00fclt\u00fcr Derne\u011fi olarak, Shibumi Dojo da halen devam ediyor. \u0130nsanlara iyi bir \u015feyler sunman\u0131n,T\u00fcrkiye, Avrupa ve \u00a0D\u00fcnya\u2019da derece yapm\u0131\u015f sporcular\u0131n hocal\u0131\u011f\u0131n\u0131 yapm\u0131\u015f olman\u0131n huzurunu ve mutlulu\u011funu ya\u015f\u0131yorum. T\u00fcrkiye\u2019de ilk defa\u00a0Uzak Do\u011fu Sava\u015f Sanatlar\u0131 Ve K\u00fclt\u00fcr Derne\u011fi Shibumi Dojo olarak, Ger\u00e7ek bir Ryu\u2026 Yani geleneksel Sava\u015f Sanat\u0131 okulu olan\u00a0\u00a0Shinto Muso Ryu Jo jutsu yu T\u00fcrkiye\u2019 de ba\u015flat\u0131p 2003 senesinden bu yana devam etmesi sadece benim de\u011fil, benimle beraber ba\u015flay\u0131p hep yan\u0131mda olan Jodo ya g\u00f6n\u00fcl veren arkada\u015flar\u0131m\u0131n da ba\u015far\u0131s\u0131d\u0131r. Yol arkada\u015flar\u0131ma tekrar te\u015fekk\u00fcr ederim. Sa\u011fl\u0131kl\u0131 bir toplumun olu\u015fmas\u0131 i\u00e7in \u00e7al\u0131\u015fmalara yeni ve \u00e7a\u011fda\u015f bir anlay\u0131\u015fla devam ediyoruz.<\/span><\/p>\n<p><span style=\"font-size: 16px;\">Uzak Do\u011fu Sava\u015f Sanatlar\u0131 Ve K\u00fclt\u00fcr Merkezi<\/span><\/p>\n<p>&nbsp;<\/p>\n<\/header>\n<\/div>\n","protected":false},"excerpt":{"rendered":"<p>1978 senesinde Kad\u0131k\u00f6y Yo\u011furt\u00e7u park\u0131n\u0131n kar\u015f\u0131s\u0131nda a\u00e7t\u0131\u011f\u0131m\u0131z K\u00f6so\u011flu Spor Merkezi ile ba\u015flayan e\u011fitimlerimiz\u00a02002 senesinden bu yana Shibumi Dojo,da\u00a0Judo, Aikido, jujutsu, Kenjutsu, Jojutsu \u00e7al\u0131\u015fmalar\u0131.\u00a0Uzak Do\u011fu Sava\u015f Sanatlar\u0131 Ve K\u00fclt\u00fcr Derne\u011fi olarak, Shibumi Dojo da halen devam ediyor. \u0130nsanlara iyi bir \u015feyler sunman\u0131n,T\u00fcrkiye, Avrupa ve \u00a0D\u00fcnya\u2019da derece yapm\u0131\u015f sporcular\u0131n hocal\u0131\u011f\u0131n\u0131 yapm\u0131\u015f olman\u0131n huzurunu ve mutlulu\u011funu ya\u015f\u0131yorum. T\u00fcrkiye\u2019de &hellip; <\/p>\n","protected":false},"author":1,"featured_media":6635,"parent":0,"menu_order":0,"comment_status":"closed","ping_status":"open","template":"","meta":{"om_disable_all_campaigns":false,"_mi_skip_tracking":false},"aioseo_notices":[],"_links":{"self":[{"href":"https:\/\/www.shibumidojo.com\/index.php\/wp-json\/wp\/v2\/pages\/4689"}],"collection":[{"href":"https:\/\/www.shibumidojo.com\/index.php\/wp-json\/wp\/v2\/pages"}],"about":[{"href":"https:\/\/www.shibumidojo.com\/index.php\/wp-json\/wp\/v2\/types\/page"}],"author":[{"embeddable":true,"href":"https:\/\/www.shibumidojo.com\/index.php\/wp-json\/wp\/v2\/users\/1"}],"replies":[{"embeddable":true,"href":"https:\/\/www.shibumidojo.com\/index.php\/wp-json\/wp\/v2\/comments?post=4689"}],"version-history":[{"count":1,"href":"https:\/\/www.shibumidojo.com\/index.php\/wp-json\/wp\/v2\/pages\/4689\/revisions"}],"predecessor-version":[{"id":6781,"href":"https:\/\/www.shibumidojo.com\/index.php\/wp-json\/wp\/v2\/pages\/4689\/revisions\/6781"}],"wp:featuredmedia":[{"embeddable":true,"href":"https:\/\/www.shibumidojo.com\/index.php\/wp-json\/wp\/v2\/media\/6635"}],"wp:attachment":[{"href":"https:\/\/www.shibumidojo.com\/index.php\/wp-json\/wp\/v2\/media?parent=4689"}],"curies":[{"name":"wp","href":"https:\/\/api.w.org\/{rel}","templated":true}]}}