{"id":4691,"date":"2017-04-03T06:24:08","date_gmt":"2017-04-03T06:24:08","guid":{"rendered":"http:\/\/shibumidojo.com\/?page_id=19"},"modified":"2021-10-04T23:19:12","modified_gmt":"2021-10-04T20:19:12","slug":"judo-2","status":"publish","type":"page","link":"https:\/\/www.shibumidojo.com\/index.php\/judo-2\/","title":{"rendered":"Judo"},"content":{"rendered":"<p>&nbsp;<\/p>\n<p><span style=\"font-size: 16px;\"><img decoding=\"async\" loading=\"lazy\" class=\"aligncenter size-full wp-image-24\" style=\"float: left;\" src=\"https:\/\/www.shibumidojo.com\/wp-content\/uploads\/2017\/04\/jigarokano-1.jpg\" alt=\"jigarokano\" width=\"235\" height=\"303\" srcset=\"https:\/\/www.shibumidojo.com\/wp-content\/uploads\/2017\/04\/jigarokano-1.jpg 235w, https:\/\/www.shibumidojo.com\/wp-content\/uploads\/2017\/04\/jigarokano-1-233x300.jpg 233w\" sizes=\"(max-width: 235px) 100vw, 235px\" \/><\/span><\/p>\n<p>&nbsp;<\/p>\n<p>&nbsp;<\/p>\n<p>&nbsp;<\/p>\n<p><a href=\"https:\/\/www.shibumidojo.com\/wp-content\/uploads\/2017\/04\/cocukjudosu1-2.png\" rel=\"attachment wp-att-21\"><img decoding=\"async\" loading=\"lazy\" class=\"aligncenter size-full wp-image-21\" src=\"https:\/\/www.shibumidojo.com\/wp-content\/uploads\/2017\/04\/cocukjudosu1-2.png\" alt=\"cocukjudosu1\" width=\"296\" height=\"60\" \/><\/a><\/p>\n<article id=\"post-50\">\n<header>\n<h1><span style=\"font-size: 16px;\">\u00a0Judo\u2019nun temelleri aslen Jujutsu olarak adland\u0131r\u0131lan ba\u015fka bir savunma sanat\u0131na dayan\u0131r. Hanedan d\u00f6nemlerinde Jujutsu, okullarda ders olarak g\u00f6r\u00fclmeye ba\u015flanm\u0131\u015ft\u0131r. Bu d\u00f6nemde okullar sanat\u0131n kullan\u0131m\u0131 a\u00e7s\u0131ndan \u00e7e\u015fitli kollara ayr\u0131lm\u0131\u015flard\u0131. Baz\u0131 okullar vuru\u015flarda (atemi-waza) ustala\u015fmay\u0131 tercih etmi\u015ftir. Okullar\u0131n ortak d\u00fc\u015f\u00fcncesi; k\u0131l\u0131\u00e7 sanat\u0131nda da oldu\u011fu gibi an\u0131nda topyekun sald\u0131r\u0131 yapmak ve sald\u0131r\u0131lar\u0131 tek hamleyle bertaraf etme yolunu izlemi\u015ftir. Dr. Jigoro Kano modern judonun kurucusu olarak bilinir. Kendisi Judo-Seiryoku Zenyo (fiziksel ve mant\u0131ksal olarak maksimum etki) prensibini benimsemi\u015ftir. Bu \u00f6\u011fretisini Eishoji Tap\u0131na\u011f\u0131nda 1882 tarihinden itibaren \u00f6\u011fretmeye ba\u015flam\u0131\u015ft\u0131r. Genel anlamda hanedan zaman\u0131 okullar\u0131n farkl\u0131la\u015ft\u0131\u011f\u0131 konular\u0131 tek \u00f6\u011freti alt\u0131nda yani Judo ba\u015fl\u0131\u011f\u0131nda birle\u015ftirmi\u015ftir. 4 May\u0131s1938\u2019deki \u00f6l\u00fcm\u00fcnden sonra \u00f6\u011fretisi d\u00fcnyaca kabul edilmi\u015ftir. 1964 y\u0131l\u0131nda olimpiyatlara dahil edilmi\u015ftir..<\/span><\/h1>\n<\/header>\n<p><span style=\"font-size: 16px;\">Judonun ilk d\u00f6nemlerinin ve onun temellerini atm\u0131\u015f olan matematik \u00f6\u011fretmeni Kano Jigaro (1860-1938) (Japonca\u2019da soyad\u0131 \u00f6nce gelir) tarih\u00e7esi birbirinden ayr\u0131 d\u00fc\u015f\u00fcn\u00fclemez. Kano yap\u0131lacak i\u015fi olan bir ailede do\u011fmu\u015ftu. Dedesi Japonya merkezindeki Shinto B\u00f6lgesinde kendi ge\u00e7imini sa\u011flayan bir sake \u00fcreticisiydi. Kano\u2019nun babas\u0131 en b\u00fcy\u00fck evlat olma\u011f\u0131<\/span><\/p>\n<blockquote><p><span style=\"font-size: 16px;\">i\u00e7in i\u015fi devralmad\u0131 ve bir Shiton Rahibi ve Devlet Memuru olup, o\u011flunun Japonya \u0130mparatorluk \u00dcniversitesindeki ikinci senesine devam etmesini sa\u011flayacak yeterli feyzi o\u011fluna verdi.<\/span><\/p>\n<p><span style=\"font-size: 16px;\"><strong>Geleneksel Judo\u2019 nun karakteristiklerinden biri mutlak itaat ve resmiyet<\/strong><\/span><\/p>\n<p><span style=\"font-size: 16px;\">Kano 17 ya\u015f\u0131nda iken Jujutsu ile ba\u015flad\u0131, o zamanlarda bay\u0131nd\u0131r bir sanatt\u0131, ama kendisini ciddiye alacak bir hoca bulman\u0131n da zorlu\u011fu ile az bir ilerleme g\u00f6sterdi. 18 ya\u015f\u0131nda edebiyat \u00f6\u011frenmek i\u00e7in gitti\u011fi \u00fcniversitede, d\u00f6v\u00fc\u015f sanat\u0131 \u00e7al\u0131\u015fmalar\u0131n\u0131 s\u00fcrd\u00fcrd\u00fc, sonunda ya\u015fayan en ya\u015fl\u0131 Kano \u00f6\u011frencisi ve say\u0131l\u0131 bir Japon\/Amerikal\u0131 Judoka olan Keiko Fukuda\u2019n\u0131n Atas\u0131 ve Tenjin Shinyo Ryu ustas\u0131 Hachinosuke Fukuda\u2019n\u0131n \u00f6\u011fretilerini benimsedi. Fukuda Judo\u2019da bi\u00e7imsel idmanlar\u0131n \u00fczerine \u00f6nemli bir tekni\u011fe sahip olman\u0131n, Kano\u2019nun vurgulad\u0131\u011f\u0131 randori veya serbest judo \u00e7al\u0131\u015fman\u0131n tohumlar\u0131n\u0131 ekti\u011fini s\u00f6ylemi\u015ftir.<\/span><\/p>\n<p><span style=\"font-size: 16px;\">Kano, Fukuda\u2019n\u0131n Okuluna kat\u0131ld\u0131ktan bir y\u0131l\u0131 a\u015fk\u0131n bir s\u00fcre sonra Fukuda hastaland\u0131 ve \u00f6ld\u00fc. Sonras\u0131nda Kano, bi\u00e7imsel katalara Fukuda\u2019dan daha \u00e7ok \u00f6nem veren Masatomo Iso\u2019nun Tenjin Shinyo okuluna kat\u0131ld\u0131. Kano kendisini aday\u0131p k\u0131sa zamanda shihan yani usta unvan\u0131n\u0131 al\u0131p Iso\u2019nun yard\u0131mc\u0131s\u0131 oldu\u011funda 21 ya\u015f\u0131nda idi. Iso\u2019nun da hastalanmas\u0131 \u00fczerine daha \u00f6\u011frenmesi gereken \u00e7ok \u015fey oldu\u011funu d\u00fc\u015f\u00fcnen Kano, ba\u015fka bir stil daha edindi, Kito Ryu hocas\u0131 Tsunetoshi Iikubo\u2019nun \u00f6\u011frencisi oldu. Fukuda gibi likubo da serbest \u00e7al\u0131\u015fmadan daha \u00f6nemli oldu\u011funa inan\u0131yordu ve di\u011fer yandan Kito Ryu f\u0131rlatma tekniklerine Tenjin Shinyo Ryu dan \u00e7ok daha \u00fcst derecede \u00f6nem veriyordu.<\/span><\/p>\n<p><span style=\"font-size: 16px;\">Bu zaman i\u00e7inde, Kano, kata guruma, uki goshi gibi teknikler geli\u015ftiriyordu. Fikirleri \u00e7oktan Kito ve Tenjin Shinyo Ryu\u2019 nun ilkelerini geni\u015fletmenin \u00f6tesine ge\u00e7mi\u015fti, yeni gayeler ile doluydu, k\u0131smen e\u011fitiminin bir sonucu olarak, sa\u011flam bilimsel ilkelere dayanan tekniklerle ve d\u00f6v\u00fc\u015f sanatlar\u0131ndaki ilerlemeye ilaveten gen\u00e7 insanlar\u0131n kafa, karakter, v\u00fccut geli\u015fimine \u00f6nem vererek, kafas\u0131nda jujutsuyu yeniden bi\u00e7imlendirmi\u015fti. Kano 22 ya\u015f\u0131nda \u00fcniversiteyi bitirdikten hemen sonra, Eishoji Tap\u0131na\u011f\u0131nda kendi himayesinden jujutsu \u00e7al\u0131\u015fmak i\u00e7in Iikubo\u2019nun okulundan 9 \u00f6\u011frenciyi yan\u0131na ald\u0131. Yerleri bu isimle an\u0131lmadan \u00f6nce iki y\u0131l ge\u00e7ti, Kano hen\u00fcz Kito ryu da usta unvan\u0131n\u0131 almam\u0131\u015ft\u0131, Iikubo \u00f6\u011fretime yard\u0131m i\u00e7in haftada \u00fc\u00e7 g\u00fcn tap\u0131na\u011fa geldi. Kodokan veya \u201cyolu \u00f6\u011frenmek i\u00e7in mek\u00e2n\u201d b\u00f6yle kuruldu.<\/span><\/p>\n<p><span style=\"font-size: 16px;\">Judo kelimesi, nazik olmak veya yol vermek anlam\u0131na gelen \u201cju\u201d ve ya\u015fam\u0131n yolu anlam\u0131na gelen \u201cdo\u201d, kanjilerinden t\u00fcretilmi\u015ftir. Kelime kar\u015f\u0131l\u0131\u011f\u0131 \u201cnezaket yolu\u201d veya \u201cyol verme yolu\u201d dur, \u201cesneklik yolu\u201d, \u201cuyum yolu\u201d, \u201cb\u00fck\u00fclme yolu\u201d \u015feklinde isimlendirildi\u011fi de olur.<\/span><\/p>\n<p><span style=\"font-size: 16px;\"><img decoding=\"async\" loading=\"lazy\" class=\"aligncenter size-full wp-image-21\" src=\"https:\/\/www.shibumidojo.com\/wp-content\/uploads\/2017\/04\/cocukjudosu1-2.png\" alt=\"cocukjudosu1\" width=\"296\" height=\"60\" \/><\/span><\/p><\/blockquote>\n<footer><span style=\"font-size: 16px;\">\u00a0<\/span><strong>Ahmet K\u00f6so\u011flu Milli Tak\u0131m Antren\u00f6r\u00fc<\/strong><\/footer>\n<\/article>\n<p><span style=\"font-size: 16px;\"><strong> D\u00fcnya Judo Federasyonu \u00a05. Dan \u2013 Aikido 6. Dan \u2013 Shinto Muso Ryu JoJutsu 4. DAN ( Sho Moku Roku )<\/strong><\/span><\/p>\n<aside id=\"secondary\" role=\"complementary\">\n<section id=\"the_newsmag_728x90_widget-3\">\u00a0<\/section>\n<\/aside>\n","protected":false},"excerpt":{"rendered":"<p>&nbsp; &nbsp; &nbsp; &nbsp; \u00a0Judo\u2019nun temelleri aslen Jujutsu olarak adland\u0131r\u0131lan ba\u015fka bir savunma sanat\u0131na dayan\u0131r. Hanedan d\u00f6nemlerinde Jujutsu, okullarda ders olarak g\u00f6r\u00fclmeye ba\u015flanm\u0131\u015ft\u0131r. Bu d\u00f6nemde okullar sanat\u0131n kullan\u0131m\u0131 a\u00e7s\u0131ndan \u00e7e\u015fitli kollara ayr\u0131lm\u0131\u015flard\u0131. Baz\u0131 okullar vuru\u015flarda (atemi-waza) ustala\u015fmay\u0131 tercih etmi\u015ftir. Okullar\u0131n ortak d\u00fc\u015f\u00fcncesi; k\u0131l\u0131\u00e7 sanat\u0131nda da oldu\u011fu gibi an\u0131nda topyekun sald\u0131r\u0131 yapmak ve sald\u0131r\u0131lar\u0131 tek hamleyle &hellip; <\/p>\n","protected":false},"author":1,"featured_media":6042,"parent":0,"menu_order":0,"comment_status":"closed","ping_status":"closed","template":"","meta":{"om_disable_all_campaigns":false,"_mi_skip_tracking":false},"aioseo_notices":[],"_links":{"self":[{"href":"https:\/\/www.shibumidojo.com\/index.php\/wp-json\/wp\/v2\/pages\/4691"}],"collection":[{"href":"https:\/\/www.shibumidojo.com\/index.php\/wp-json\/wp\/v2\/pages"}],"about":[{"href":"https:\/\/www.shibumidojo.com\/index.php\/wp-json\/wp\/v2\/types\/page"}],"author":[{"embeddable":true,"href":"https:\/\/www.shibumidojo.com\/index.php\/wp-json\/wp\/v2\/users\/1"}],"replies":[{"embeddable":true,"href":"https:\/\/www.shibumidojo.com\/index.php\/wp-json\/wp\/v2\/comments?post=4691"}],"version-history":[{"count":2,"href":"https:\/\/www.shibumidojo.com\/index.php\/wp-json\/wp\/v2\/pages\/4691\/revisions"}],"predecessor-version":[{"id":6784,"href":"https:\/\/www.shibumidojo.com\/index.php\/wp-json\/wp\/v2\/pages\/4691\/revisions\/6784"}],"wp:featuredmedia":[{"embeddable":true,"href":"https:\/\/www.shibumidojo.com\/index.php\/wp-json\/wp\/v2\/media\/6042"}],"wp:attachment":[{"href":"https:\/\/www.shibumidojo.com\/index.php\/wp-json\/wp\/v2\/media?parent=4691"}],"curies":[{"name":"wp","href":"https:\/\/api.w.org\/{rel}","templated":true}]}}