{"id":4693,"date":"2017-04-03T07:06:48","date_gmt":"2017-04-03T07:06:48","guid":{"rendered":"http:\/\/shibumidojo.com\/?page_id=59"},"modified":"2021-02-14T14:10:18","modified_gmt":"2021-02-14T11:10:18","slug":"video-2","status":"publish","type":"page","link":"https:\/\/www.shibumidojo.com\/index.php\/video-2\/","title":{"rendered":"Video"},"content":{"rendered":"<header>\n<h1><iframe loading=\"lazy\" src=\"\/\/player.vimeo.com\/video\/50281589?title=0&amp;amp;byline=0\" width=\"640\" height=\"456\" frameborder=\"0\" allowfullscreen=\"allowfullscreen\" data-mce-fragment=\"1\"><\/iframe><\/h1>\n<\/header>\n<p>Shibumidojo da \u00e7ekimi yap\u0131lan World Travel Channel da yay\u0131nlanan, Ahmet K\u00f6so\u011flu ile sava\u015f sanatlar\u0131 hakk\u0131nda s\u00f6yle\u015fi ve Aikido, Kenjutsu, jojutsu ile ilgili video.<\/p>\n<p><iframe loading=\"lazy\" src=\"\/\/player.vimeo.com\/video\/31706863?title=0&amp;amp;byline=0\" width=\"640\" height=\"573\" frameborder=\"0\" allowfullscreen=\"allowfullscreen\" data-mce-fragment=\"1\"><\/iframe><\/p>\n<p>Rusya\u2019dan gelen Aikido\u2019cular\u0131n kameras\u0131ndan Mart 2011 \u0130stanbul Shibumidojo Aikido ve Jojutsu semineri. Seminer \u00fc\u00e7 g\u00fcn s\u00fcrse de zihinlerde kalan g\u00fczelli\u011fi devam ediyor. Videoyu haz\u0131rlayan Rus Aikidocu arkada\u015flar\u0131m\u0131za \u00e7ok te\u015fekk\u00fcr ederiz.<\/p>\n<p><iframe loading=\"lazy\" src=\"\/\/player.vimeo.com\/video\/23389496?title=0&amp;amp;byline=0\" width=\"640\" height=\"764\" frameborder=\"0\" allowfullscreen=\"allowfullscreen\" data-mce-fragment=\"1\"><\/iframe><\/p>\n<p>Sevdas\u0131 t\u00fcrk\u00fc olan Soner Olgun \u00fcstad ile budo hakk\u0131nda s\u00f6yle\u015fi.\u00a0 \u201c\u0130yi Bayramlar\u201d bildirisi ile ya\u015fad\u0131\u011f\u0131 d\u00fcnyay\u0131 bayram yerine \u00e7eviren Soner Olgun\u2019un sava\u015f sanatlar\u0131na bak\u0131\u015f\u0131. Bir sanatta ustala\u015fan ustan\u0131n ustal\u0131\u011f\u0131 di\u011fer i\u015flerine de yans\u0131r.<\/p>\n<p><iframe loading=\"lazy\" src=\"\/\/player.vimeo.com\/video\/32984450?title=0&amp;amp;byline=0\" width=\"640\" height=\"352\" frameborder=\"0\" allowfullscreen=\"allowfullscreen\" data-mce-fragment=\"1\"><\/iframe><\/p>\n<p>Avrupa Judo \u015eampiyonas\u0131 2011 \u0130stanbul Shibumi Dojo G\u00f6sterisi<\/p>\n<p><iframe loading=\"lazy\" src=\"\/\/player.vimeo.com\/video\/32876810?title=0&amp;amp;byline=0\" width=\"640\" height=\"560\" frameborder=\"0\" allowfullscreen=\"allowfullscreen\" data-mce-fragment=\"1\"><\/iframe><\/p>\n<p>Hasan Ali Y\u00fccel k\u00fclt\u00fcr merkezinde, D\u00fcnya Uyu\u015fturucu \u0130le M\u00fccadele Eden Sporcular Federasyonunun d\u00fczenledi\u011fi gecede Shibumi Dojo Jojutsu g\u00f6sterisi.<\/p>\n<p><iframe loading=\"lazy\" src=\"\/\/player.vimeo.com\/video\/23390735?title=0&amp;amp;byline=0\" width=\"640\" height=\"764\" frameborder=\"0\" allowfullscreen=\"allowfullscreen\" data-mce-fragment=\"1\"><\/iframe><\/p>\n<p>Derya Oru\u00e7o\u011flu\u2019 nun \u00fcst\u00fcn kabiliyeti bir derste Kenjutsu \u00f6\u011frendi. \u201dKa\u00e7 sene beraber \u00e7al\u0131\u015ft\u0131n\u0131z\u201d sorusuna sadece bir saat kadar deyince, soruyu soran insanlar Derya han\u0131m\u0131n, isminin \u00f6zelli\u011fini ta\u015f\u0131d\u0131\u011f\u0131n\u0131 anlad\u0131lar.<\/p>\n<p><iframe loading=\"lazy\" src=\"\/\/player.vimeo.com\/video\/23384646?title=0&amp;amp;byline=0\" width=\"640\" height=\"694\" frameborder=\"0\" allowfullscreen=\"allowfullscreen\" data-mce-fragment=\"1\"><\/iframe><\/p>\n<p>Skyt\u00fcrk TV\u2019 de Katsuhiko Arai Sensei ile Shinto Muso Ryu Jojutsu Felsefesi ve Budo\u2019ya farkl\u0131 bak\u0131\u015f a\u00e7\u0131s\u0131.<\/p>\n<p><iframe loading=\"lazy\" src=\"\/\/player.vimeo.com\/video\/23468212?title=0&amp;amp;byline=0\" width=\"640\" height=\"764\" frameborder=\"0\" allowfullscreen=\"allowfullscreen\" data-mce-fragment=\"1\"><\/iframe><\/p>\n<p>Sava\u015f sanatlar\u0131n\u0131n biyomekanik yap\u0131s\u0131n\u0131 tam olarak anlamak i\u00e7in bedeni d\u0131\u015far\u0131dan ve i\u00e7eriden tetkik etmek gerekir. Baz\u0131 teknikleri yapabilmeniz i\u00e7in fiziksel taraf\u0131m\u0131z fazla fonksiyonel de\u011fildir. Geleneksel Ryu\u2019lar\u0131n sadece se\u00e7kin \u00f6\u011frencilerine \u00f6\u011frettikleri gizli teknikleri d\u0131\u015far\u0131dan anlamak m\u00fcmk\u00fcn de\u011fildir.<br \/>\nAhmet K\u00f6so\u011flu<\/p>\n<p><iframe loading=\"lazy\" src=\"\/\/player.vimeo.com\/video\/131525452?title=0&amp;amp;byline=0\" width=\"640\" height=\"567\" frameborder=\"0\" allowfullscreen=\"allowfullscreen\" data-mce-fragment=\"1\"><\/iframe><\/p>\n<p>Yeni ald\u0131\u011f\u0131m k\u0131l\u0131\u00e7 keskin mi?<\/p>\n<p><iframe loading=\"lazy\" src=\"\/\/player.vimeo.com\/video\/187172484?title=0&amp;amp;byline=0\" width=\"640\" height=\"573\" frameborder=\"0\" allowfullscreen=\"allowfullscreen\" data-mce-fragment=\"1\"><\/iframe><\/p>\n<h1 class=\"taFHO sc-jqCOkK jbhBLB\"><span class=\"_1fHNK\" style=\"font-size: 16px;\">Osman ve Ada n\u0131n trambolin de ilk deneyimleri<\/span><\/h1>\n<p>Bu Nas\u0131l \u0130\u015f, bir i\u015f g\u00fc\u00e7 program\u0131\u2026<\/p>\n<p>say\u0131n Aynur Alt\u0131nka\u015f\u0131n sundu\u011fu\u00a0\u201cBu Nas\u0131l \u0130\u015f?\u201d Radyo program\u0131n\u0131 izlemek i\u00e7in a\u015fa\u011f\u0131daki lingi t\u0131kl\u0131yabilirsiniz<\/p>\n<p><a href=\"http:\/\/www.ntvradyo.com.tr\/Programlar\/15317\/6ij95viu\/bu-nasil-is\">http:\/\/www.ntvradyo.com.tr\/Programlar\/15317\/6ij95viu\/bu-nasil-<\/a><\/p>\n<p>&nbsp;<\/p>\n<p><iframe loading=\"lazy\" title=\"habitat\" src=\"https:\/\/player.vimeo.com\/video\/511924197?h=52cdbdfce4&amp;dnt=1&amp;app_id=122963\" width=\"1020\" height=\"574\" frameborder=\"0\" allow=\"autoplay; fullscreen; picture-in-picture\" allowfullscreen><\/iframe><\/p>\n","protected":false},"excerpt":{"rendered":"<p>Shibumidojo da \u00e7ekimi yap\u0131lan World Travel Channel da yay\u0131nlanan, Ahmet K\u00f6so\u011flu ile sava\u015f sanatlar\u0131 hakk\u0131nda s\u00f6yle\u015fi ve Aikido, Kenjutsu, jojutsu ile ilgili video. Rusya\u2019dan gelen Aikido\u2019cular\u0131n kameras\u0131ndan Mart 2011 \u0130stanbul Shibumidojo Aikido ve Jojutsu semineri. Seminer \u00fc\u00e7 g\u00fcn s\u00fcrse de zihinlerde kalan g\u00fczelli\u011fi devam ediyor. Videoyu haz\u0131rlayan Rus Aikidocu arkada\u015flar\u0131m\u0131za \u00e7ok te\u015fekk\u00fcr ederiz. Sevdas\u0131 t\u00fcrk\u00fc &hellip; <\/p>\n","protected":false},"author":1,"featured_media":0,"parent":0,"menu_order":0,"comment_status":"closed","ping_status":"closed","template":"","meta":{"om_disable_all_campaigns":false,"_mi_skip_tracking":false},"aioseo_notices":[],"_links":{"self":[{"href":"https:\/\/www.shibumidojo.com\/index.php\/wp-json\/wp\/v2\/pages\/4693"}],"collection":[{"href":"https:\/\/www.shibumidojo.com\/index.php\/wp-json\/wp\/v2\/pages"}],"about":[{"href":"https:\/\/www.shibumidojo.com\/index.php\/wp-json\/wp\/v2\/types\/page"}],"author":[{"embeddable":true,"href":"https:\/\/www.shibumidojo.com\/index.php\/wp-json\/wp\/v2\/users\/1"}],"replies":[{"embeddable":true,"href":"https:\/\/www.shibumidojo.com\/index.php\/wp-json\/wp\/v2\/comments?post=4693"}],"version-history":[{"count":6,"href":"https:\/\/www.shibumidojo.com\/index.php\/wp-json\/wp\/v2\/pages\/4693\/revisions"}],"predecessor-version":[{"id":6580,"href":"https:\/\/www.shibumidojo.com\/index.php\/wp-json\/wp\/v2\/pages\/4693\/revisions\/6580"}],"wp:attachment":[{"href":"https:\/\/www.shibumidojo.com\/index.php\/wp-json\/wp\/v2\/media?parent=4693"}],"curies":[{"name":"wp","href":"https:\/\/api.w.org\/{rel}","templated":true}]}}