{"id":48,"date":"2017-04-03T06:57:37","date_gmt":"2017-04-03T06:57:37","guid":{"rendered":"http:\/\/shibumidojo.com\/?page_id=48"},"modified":"2022-07-21T17:49:08","modified_gmt":"2022-07-21T14:49:08","slug":"jojutsu-2","status":"publish","type":"page","link":"https:\/\/www.shibumidojo.com\/index.php\/jojutsu-2\/","title":{"rendered":"Jojutsu"},"content":{"rendered":"<p>Shinto Muso Ryu Jojutsu<\/p>\n<p>Jodo Jo\u2019nun; yani tahta de\u011fne\u011fin yoludur. G\u00fcn\u00fcm\u00fczde Jodo\u2019nun en yayg\u0131n uygulanan \u015fekli Zen Nihon Kendo Renmei\u2018den uyarlanan Seitei Jo\u2019dur. Seitei Jo,1960\u2019larda Shinto Muso Ryu tekniklerinden t\u00fcremi\u015ftir. \u00c7e\u015fitli silahlar\u0131n (Jo, Ken, Kodachi, Nito, Tanjo, Jutte, Tessen, Kusari Gama) kullan\u0131m\u0131n\u0131 i\u00e7eren bu eski sava\u015f sanat\u0131 16.yy. sonlar\u0131na do\u011fru bir Katori Shinto Ryu ve Jikishinkage Ryu \u00f6\u011frencisi olan Muso Gonnosuke (Katsuyoshi) taraf\u0131ndan ortaya \u00e7\u0131kar\u0131lm\u0131\u015ft\u0131r.<\/p>\n<p>Bu ki\u015fi hakk\u0131nda \u00e7ok az somut bilgiye rastlanmaktad\u0131r. Bir\u00e7ok kaynak onun Jo teknikleri bulu\u015funu dilden dile dola\u015fan bir hikayedeki kar\u015f\u0131la\u015fma ile \u00f6zde\u015fle\u015ftirir. Bu kar\u015f\u0131la\u015fma \u00e7ok \u00fcnl\u00fc bir k\u0131l\u0131\u00e7 ustas\u0131 olan ve Gorinnosho (be\u015f dairenin kitab\u0131) adl\u0131 eserin sahibi Miyamoto Musashi (Shinmen Musashi No Kami Fujiwara No Genshin) ile oldu\u011fu s\u00f6ylenir.<\/p>\n<p><img decoding=\"async\" loading=\"lazy\" class=\"aligncenter size-full wp-image-9\" style=\"float: left;\" src=\"https:\/\/www.shibumidojo.com\/wp-content\/uploads\/2016\/04\/samurai1-1.jpg\" alt=\"samurai1\" width=\"121\" height=\"160\" \/><\/p>\n<p style=\"text-align: right;\">Bu iki ustan\u0131n ve d\u00fcellolar\u0131n\u0131n \u00fczerine bir \u00e7ok hikaye anlat\u0131lm\u0131\u015ft\u0131r, ne yaz\u0131k ki kesin olarak ne oldu\u011fu kimse taraf\u0131ndan bilinmemektedir. En akla yatk\u0131n ve \u00e7ok yayg\u0131n bir hikayeye g\u00f6re Muso ve Musashi\u2019nin d\u00fcellosu \u015f\u00f6yle aktar\u0131lmaktad\u0131r; Muso\u2018nun elinde uzun bir bo, Musashi\u2019de ise kendi ismini ta\u015f\u0131yan iki k\u0131l\u0131\u00e7 vard\u0131r. Muso Musashi\u2019nin kafas\u0131na do\u011fru ani bir sald\u0131r\u0131 yapar, Musashi ise bunu k\u0131l\u0131\u00e7lar\u0131n\u0131 kullanarak jujidome (\u00e7apraz bir tutu\u015f) ile engeller ve \u201cKusou,bunu neden d\u00fc\u015f\u00fcnemedim?\u201d der morali bozularak, fakat aniden akl\u0131na bir fikir gelir. Sopas\u0131n\u0131 k\u0131saltarak ani bir atakla tekrar sald\u0131r\u0131r Musashi\u2019ye. \u201d\u0130zle bunu Miyamoto\u201d diye ba\u011f\u0131rarak sopas\u0131n\u0131 tekrar jujidome blo\u011fu haz\u0131rlayan Musashi\u2019n\u0131n kafas\u0131na do\u011fru sallar. Musashi bu vuru\u015fu engellemesine ra\u011fmen k\u0131sa sopas\u0131n\u0131n avantaj\u0131yla di\u011fer y\u00f6nden Musashi\u2019nin koluna vurmay\u0131 ba\u015far\u0131r. Bu, ayn\u0131 zamanda yeni bir Koryu\u2019nun do\u011fu\u015fudur.<\/p>\n","protected":false},"excerpt":{"rendered":"<p>Shinto Muso Ryu Jojutsu Jodo Jo\u2019nun; yani tahta de\u011fne\u011fin yoludur. G\u00fcn\u00fcm\u00fczde Jodo\u2019nun en yayg\u0131n uygulanan \u015fekli Zen Nihon Kendo Renmei\u2018den uyarlanan Seitei Jo\u2019dur. Seitei Jo,1960\u2019larda Shinto Muso Ryu tekniklerinden t\u00fcremi\u015ftir. \u00c7e\u015fitli silahlar\u0131n (Jo, Ken, Kodachi, Nito, Tanjo, Jutte, Tessen, Kusari Gama) kullan\u0131m\u0131n\u0131 i\u00e7eren bu eski sava\u015f sanat\u0131 16.yy. sonlar\u0131na do\u011fru bir Katori Shinto Ryu ve &hellip; <\/p>\n","protected":false},"author":1,"featured_media":5647,"parent":0,"menu_order":0,"comment_status":"closed","ping_status":"closed","template":"","meta":{"om_disable_all_campaigns":false,"_mi_skip_tracking":false},"aioseo_notices":[],"_links":{"self":[{"href":"https:\/\/www.shibumidojo.com\/index.php\/wp-json\/wp\/v2\/pages\/48"}],"collection":[{"href":"https:\/\/www.shibumidojo.com\/index.php\/wp-json\/wp\/v2\/pages"}],"about":[{"href":"https:\/\/www.shibumidojo.com\/index.php\/wp-json\/wp\/v2\/types\/page"}],"author":[{"embeddable":true,"href":"https:\/\/www.shibumidojo.com\/index.php\/wp-json\/wp\/v2\/users\/1"}],"replies":[{"embeddable":true,"href":"https:\/\/www.shibumidojo.com\/index.php\/wp-json\/wp\/v2\/comments?post=48"}],"version-history":[{"count":1,"href":"https:\/\/www.shibumidojo.com\/index.php\/wp-json\/wp\/v2\/pages\/48\/revisions"}],"predecessor-version":[{"id":7203,"href":"https:\/\/www.shibumidojo.com\/index.php\/wp-json\/wp\/v2\/pages\/48\/revisions\/7203"}],"wp:featuredmedia":[{"embeddable":true,"href":"https:\/\/www.shibumidojo.com\/index.php\/wp-json\/wp\/v2\/media\/5647"}],"wp:attachment":[{"href":"https:\/\/www.shibumidojo.com\/index.php\/wp-json\/wp\/v2\/media?parent=48"}],"curies":[{"name":"wp","href":"https:\/\/api.w.org\/{rel}","templated":true}]}}