{"id":531,"date":"2011-04-20T07:27:23","date_gmt":"2011-04-20T07:27:23","guid":{"rendered":"https:\/\/www.shibumidojo.com"},"modified":"2011-04-20T07:27:23","modified_gmt":"2011-04-20T07:27:23","slug":"5-kyu-teknikleri","status":"publish","type":"page","link":"https:\/\/www.shibumidojo.com\/index.php\/aikido-2\/kyu-sinav-teknikleri\/5-kyu-teknikleri\/","title":{"rendered":"5. Kyu Teknikleri"},"content":{"rendered":"<p><strong><span style=\"font-family: Verdana;\"><a href=\"https:\/\/www.shibumidojo.com\/wp-content\/uploads\/2011\/04\/seiza1.jpg\"><\/a><a href=\"https:\/\/www.shibumidojo.com\/wp-content\/uploads\/2011\/04\/seiza11.jpg\"><\/a><a href=\"https:\/\/www.shibumidojo.com\/wp-content\/uploads\/2011\/04\/ushiro-ukemi.gif\"><\/a><a href=\"https:\/\/www.shibumidojo.com\/wp-content\/uploads\/2011\/04\/maeuke2.gif\"><\/a><a href=\"https:\/\/www.shibumidojo.com\/wp-content\/uploads\/2011\/04\/maeuke1.gif\"><\/a><a href=\"https:\/\/www.shibumidojo.com\/wp-content\/uploads\/2011\/04\/ushirokaiten.jpg\"><\/a><a href=\"https:\/\/www.shibumidojo.com\/wp-content\/uploads\/2011\/04\/tai-no-henko1.gif\"><\/a>5. Kyu Teknikleri<\/span><\/strong><\/p>\n<p><a href=\"https:\/\/www.shibumidojo.com\/wp-content\/uploads\/2011\/04\/shikko.gif\"><img decoding=\"async\" loading=\"lazy\" title=\"shikko\" src=\"https:\/\/www.shibumidojo.com\/wp-content\/uploads\/2011\/04\/shikko.gif\" alt=\"\" width=\"50\" height=\"50\" \/><\/a><\/p>\n<p><strong>\u00a0<span style=\"font-family: Verdana; font-size: x-small;\"><strong>Shikko<\/strong><\/span><\/strong><\/p>\n<p><span style=\"font-family: Verdana; font-size: x-small;\"><strong>Ukemi<\/strong><\/span><\/p>\n<div>\n<div>\n<h4><strong><span style=\"font-family: Arial, Helvetica, sans-serif;\"><em><span style=\"color: #0000cc;\"><span style=\"font-family: Verdana;\"><a href=\"https:\/\/www.shibumidojo.com\/wp-content\/uploads\/2011\/04\/seiza1.jpg\"><\/a><a href=\"https:\/\/www.shibumidojo.com\/wp-content\/uploads\/2011\/04\/seiza11.jpg\"><\/a><a href=\"https:\/\/www.shibumidojo.com\/wp-content\/uploads\/2011\/04\/ushiro-ukemi.gif\"><\/a><a href=\"https:\/\/www.shibumidojo.com\/wp-content\/uploads\/2011\/04\/maeuke2.gif\"><\/a><a href=\"https:\/\/www.shibumidojo.com\/wp-content\/uploads\/2011\/04\/maeuke1.gif\"><\/a><a href=\"https:\/\/www.shibumidojo.com\/wp-content\/uploads\/2011\/04\/kaitenukemi.gif\"><img decoding=\"async\" loading=\"lazy\" class=\"alignnone size-full wp-image-552\" title=\"kaitenukemi\" src=\"https:\/\/www.shibumidojo.com\/wp-content\/uploads\/2011\/04\/kaitenukemi.gif\" alt=\"\" width=\"146\" height=\"121\" \/><\/a><\/span><\/span><\/em><\/span><br \/>\n\u00a0\u00a0 Zempo Kaiten Ukemi (\u00f6ne yuvarlanarak d\u00fc\u015f\u00fc\u015f), <\/strong><\/h4>\n<h4><strong><strong><a href=\"https:\/\/www.shibumidojo.com\/wp-content\/uploads\/2011\/04\/seiza1.jpg\"><\/a><a href=\"https:\/\/www.shibumidojo.com\/wp-content\/uploads\/2011\/04\/seiza11.jpg\"><\/a><a href=\"https:\/\/www.shibumidojo.com\/wp-content\/uploads\/2011\/04\/ushiro-ukemi.gif\"><\/a><a href=\"https:\/\/www.shibumidojo.com\/wp-content\/uploads\/2011\/04\/maeuke2.gif\"><\/a><a href=\"https:\/\/www.shibumidojo.com\/wp-content\/uploads\/2011\/04\/maeuke1.gif\"><\/a><a href=\"https:\/\/www.shibumidojo.com\/wp-content\/uploads\/2011\/04\/ushirokaiten.jpg\"><img decoding=\"async\" loading=\"lazy\" title=\"ushirokaiten\" src=\"https:\/\/www.shibumidojo.com\/wp-content\/uploads\/2011\/04\/ushirokaiten.jpg\" alt=\"\" width=\"300\" height=\"86\" \/><\/a><\/strong><\/strong><\/h4>\n<h4><strong>Ushiro Kaiten Ukemi (arkaya yuvarlanarak d\u00fc\u015f\u00fc\u015f)<\/strong><\/h4>\n<p><strong><a href=\"https:\/\/www.shibumidojo.com\/wp-content\/uploads\/2011\/04\/seiza1.jpg\"><\/a><a href=\"https:\/\/www.shibumidojo.com\/wp-content\/uploads\/2011\/04\/seiza11.jpg\"><\/a><span style=\"font-family: Verdana;\"><a href=\"https:\/\/www.shibumidojo.com\/wp-content\/uploads\/2011\/04\/seiza1.jpg\"><\/a><a href=\"https:\/\/www.shibumidojo.com\/wp-content\/uploads\/2011\/04\/seiza11.jpg\"><\/a><a href=\"https:\/\/www.shibumidojo.com\/wp-content\/uploads\/2011\/04\/ushiro-ukemi.gif\"><\/a><a href=\"https:\/\/www.shibumidojo.com\/wp-content\/uploads\/2011\/04\/maeuke2.gif\"><\/a><a href=\"https:\/\/www.shibumidojo.com\/wp-content\/uploads\/2011\/04\/maeuke1.gif\"><img decoding=\"async\" loading=\"lazy\" title=\"maeuke\" src=\"https:\/\/www.shibumidojo.com\/wp-content\/uploads\/2011\/04\/maeuke1.gif\" alt=\"\" width=\"300\" height=\"224\" \/><\/a><a href=\"https:\/\/www.shibumidojo.com\/wp-content\/uploads\/2011\/04\/seiza1.jpg\"><\/a><a href=\"https:\/\/www.shibumidojo.com\/wp-content\/uploads\/2011\/04\/seiza11.jpg\"><\/a><a href=\"https:\/\/www.shibumidojo.com\/wp-content\/uploads\/2011\/04\/ushiro-ukemi.gif\"><\/a><\/span><\/strong><\/p>\n<\/div>\n<div>\n<h4><strong>\u00a0Mae Ukemi (\u00f6ne y\u00fcz\u00fcst\u00fc d\u00fc\u015f\u00fc\u015f),<\/strong><\/h4>\n<h4><strong>\u00a0<\/strong>\u00a0<a href=\"https:\/\/www.shibumidojo.com\/wp-content\/uploads\/2011\/04\/seiza1.jpg\"><\/a><a href=\"https:\/\/www.shibumidojo.com\/wp-content\/uploads\/2011\/04\/seiza11.jpg\"><\/a><a href=\"https:\/\/www.shibumidojo.com\/wp-content\/uploads\/2011\/04\/ushiro-ukemi.gif\"><img decoding=\"async\" loading=\"lazy\" title=\"ushiro-ukemi\" src=\"https:\/\/www.shibumidojo.com\/wp-content\/uploads\/2011\/04\/ushiro-ukemi.gif\" alt=\"\" width=\"203\" height=\"133\" \/><\/a><strong><a href=\"https:\/\/www.shibumidojo.com\/wp-content\/uploads\/2011\/04\/seiza1.jpg\"><\/a><a href=\"https:\/\/www.shibumidojo.com\/wp-content\/uploads\/2011\/04\/seiza11.jpg\"><\/a><a href=\"https:\/\/www.shibumidojo.com\/wp-content\/uploads\/2011\/04\/ushiro-ukemi.gif\"><\/a><a href=\"https:\/\/www.shibumidojo.com\/wp-content\/uploads\/2011\/04\/maeuke2.gif\"><\/a><\/strong><\/h4>\n<h4><strong>Ushiro Ukemi (s\u0131rt \u00fcst\u00fc d\u00fc\u015f\u00fc\u015f),<\/strong><\/h4>\n<p>\u00a0<strong><span style=\"font-family: Verdana;\"><a href=\"https:\/\/www.shibumidojo.com\/wp-content\/uploads\/2011\/04\/yoko-ukemi.gif\"><img decoding=\"async\" loading=\"lazy\" class=\"alignnone size-full wp-image-548\" title=\"yoko-ukemi\" src=\"https:\/\/www.shibumidojo.com\/wp-content\/uploads\/2011\/04\/yoko-ukemi.gif\" alt=\"\" width=\"190\" height=\"133\" \/><\/a><\/span><\/strong><\/p>\n<\/div>\n<div>\n<h4><strong>Yoko Ukemi (yana d\u00fc\u015f\u00fc\u015f) <\/strong><\/h4>\n<p>\u00a0<strong><a href=\"https:\/\/www.shibumidojo.com\/wp-content\/uploads\/2011\/04\/seiza1.jpg\"><\/a><a href=\"https:\/\/www.shibumidojo.com\/wp-content\/uploads\/2011\/04\/seiza11.jpg\"><\/a><a href=\"https:\/\/www.shibumidojo.com\/wp-content\/uploads\/2011\/04\/ushiro-ukemi.gif\"><\/a><a href=\"https:\/\/www.shibumidojo.com\/wp-content\/uploads\/2011\/04\/maeuke2.gif\"><\/a><a href=\"https:\/\/www.shibumidojo.com\/wp-content\/uploads\/2011\/04\/maeuke1.gif\"><\/a><a href=\"https:\/\/www.shibumidojo.com\/wp-content\/uploads\/2011\/04\/ushirokaiten.jpg\"><\/a><a href=\"https:\/\/www.shibumidojo.com\/wp-content\/uploads\/2011\/04\/tai-no-henko1.gif\"><img decoding=\"async\" loading=\"lazy\" title=\"tai-no-henko\" src=\"https:\/\/www.shibumidojo.com\/wp-content\/uploads\/2011\/04\/tai-no-henko1.gif\" alt=\"\" width=\"196\" height=\"196\" \/><\/a><span style=\"font-family: Arial, Helvetica, sans-serif;\"><em><\/em><\/span><\/strong><\/p>\n<p><strong>Tai no henko<\/strong><\/p>\n<\/div>\n<div>\n<h4><span style=\"font-family: Verdana;\"><em><span style=\"color: #0000cc;\"><strong><strong><a href=\"https:\/\/www.shibumidojo.com\/wp-content\/uploads\/2011\/04\/seiza11.jpg\"><img decoding=\"async\" loading=\"lazy\" title=\"seiza1\" src=\"https:\/\/www.shibumidojo.com\/wp-content\/uploads\/2011\/04\/seiza11-300x117.jpg\" alt=\"\" width=\"300\" height=\"117\" \/><\/a><\/strong><\/strong><\/span><\/em><\/span><\/h4>\n<h4><span style=\"font-family: Verdana;\"><em><span style=\"color: #0000cc;\">Seiza<\/span><\/em><\/span><\/h4>\n<h4><span style=\"font-family: Verdana;\"><a href=\"https:\/\/www.shibumidojo.com\/wp-content\/uploads\/2011\/04\/kokyuho.jpg\"><img decoding=\"async\" loading=\"lazy\" title=\"kokyuho\" src=\"https:\/\/www.shibumidojo.com\/wp-content\/uploads\/2011\/04\/kokyuho.jpg\" alt=\"\" width=\"84\" height=\"63\" \/><\/a><br \/>\nKokyu ho<\/span><br \/>\nTenkan (d\u00f6n\u00fc\u015f), Irmi Tenkan (girerek d\u00f6n\u00fc\u015f)<\/h4>\n<p><strong>\u00a0<\/strong>\u00a0\u00a0\u00a0\u00a0\u00a0<a href=\"https:\/\/www.shibumidojo.com\/wp-content\/uploads\/2011\/04\/suwariwaza4.gif\"><img decoding=\"async\" loading=\"lazy\" title=\"suwariwaza\" src=\"https:\/\/www.shibumidojo.com\/wp-content\/uploads\/2011\/04\/suwariwaza4.gif\" alt=\"\" width=\"135\" height=\"75\" \/><\/a><\/p>\n<\/div>\n<\/div>\n<td width=\"43%\" align=\"center\">\u00a0<\/td>\n<p><span style=\"font-family: Verdana; font-size: x-small;\"><strong>Suwariwaza<\/strong><\/span><\/p>\n<p><strong>\u00a0<em><span style=\"font-family: Verdana; color: #0000cc; font-size: small;\">Ai Hanmi Katate Dori<\/span><\/em><\/strong><span style=\"font-family: Verdana;\"><span style=\"font-size: small;\"><br \/>\nIkkyo,<\/span><span style=\"color: #ff0000; font-size: small;\"> Iriminage<\/span><\/span><\/p>\n<h4><strong><em><span style=\"font-family: Verdana; color: #0000cc;\">Gyaku Hanmi Katate Dori<\/span><\/em><\/strong><span style=\"font-family: Verdana;\"><br \/>\nIkkyo<\/span><\/h4>\n<h4><em><strong><span style=\"font-family: Verdana; color: #0000cc;\">Shomen Uchi<\/span><\/strong><\/em><span style=\"font-family: Verdana;\"><br \/>\nIkkyo, <span style=\"color: #ff0000;\">Iriminage<\/span><\/span><\/h4>\n<h4>\u00a0\u00a0\u00a0\u00a0<a href=\"https:\/\/www.shibumidojo.com\/wp-content\/uploads\/2011\/04\/tachiwaza3.gif\"><img decoding=\"async\" loading=\"lazy\" title=\"tachiwaza\" src=\"https:\/\/www.shibumidojo.com\/wp-content\/uploads\/2011\/04\/tachiwaza3.gif\" alt=\"\" width=\"157\" height=\"100\" \/><\/a><\/h4>\n<td width=\"43%\" align=\"center\">\u00a0<\/td>\n<p>\u00a0\u00a0<\/p>\n<p>\u00a0<span style=\"font-family: Verdana; font-size: x-small;\"><strong>Tachiwaza<\/strong><\/span><\/p>\n<td width=\"43%\" align=\"center\">\u00a0<\/td>\n<p>\u00a0\u00a0<\/p>\n<p>\u00a0\u00a0<strong><em><span style=\"font-family: Verdana; color: #0000cc;\">Ai Hanmi Katate Dori<\/span><\/em><\/strong><span style=\"font-family: Verdana;\"><br \/>\nIkkyo, Shihonage, Iriminage<\/span><\/p>\n<div>\n<div>\n<h4><strong><em><span style=\"font-family: Verdana; color: #0000cc;\">Gyaku Hanmi Katate Dori<\/span><\/em><\/strong><span style=\"font-family: Verdana;\"><br \/>\nIkkyo, Tenchi nage, <span style=\"color: #ff0000;\">Shihonage, Kokyu ho, Kokyu nage<\/span><\/span><\/h4>\n<h4><em><span style=\"font-family: Verdana; color: #0000cc;\">Shomen Uchi<\/span><\/em><span style=\"font-family: Verdana;\"><br \/>\nIkkyo, <span style=\"color: #ff0000;\">Iriminage<\/span><\/span><\/h4>\n<h4><em><span style=\"font-family: Verdana; color: #0000cc;\">Ryote dori<\/span><\/em><span style=\"font-family: Verdana;\"><br \/>\nTenchi nage, Haishinundo (Back stretch)<\/span><\/h4>\n<h4><strong><em><span style=\"font-family: Verdana; color: #0000cc;\">Ushiro Ryote Dori<\/span><\/em><\/strong><span style=\"font-family: Verdana;\"><br \/>\nKokyu nage<\/span><\/h4>\n<\/div>\n<\/div>\n<td width=\"43%\" align=\"center\">\u00a0<\/td>\n","protected":false},"excerpt":{"rendered":"<p>5. Kyu Teknikleri \u00a0Shikko Ukemi \u00a0\u00a0 Zempo Kaiten Ukemi (\u00f6ne yuvarlanarak d\u00fc\u015f\u00fc\u015f), Ushiro Kaiten Ukemi (arkaya yuvarlanarak d\u00fc\u015f\u00fc\u015f) \u00a0Mae Ukemi (\u00f6ne y\u00fcz\u00fcst\u00fc d\u00fc\u015f\u00fc\u015f), \u00a0\u00a0 Ushiro Ukemi (s\u0131rt \u00fcst\u00fc d\u00fc\u015f\u00fc\u015f), \u00a0 Yoko Ukemi (yana d\u00fc\u015f\u00fc\u015f) \u00a0 Tai no henko Seiza Kokyu ho Tenkan (d\u00f6n\u00fc\u015f), Irmi Tenkan (girerek d\u00f6n\u00fc\u015f) \u00a0\u00a0\u00a0\u00a0\u00a0\u00a0 \u00a0 Suwariwaza \u00a0Ai Hanmi Katate Dori Ikkyo, &hellip; <\/p>\n","protected":false},"author":1,"featured_media":0,"parent":63,"menu_order":0,"comment_status":"open","ping_status":"open","template":"","meta":{"om_disable_all_campaigns":false,"_mi_skip_tracking":false},"aioseo_notices":[],"_links":{"self":[{"href":"https:\/\/www.shibumidojo.com\/index.php\/wp-json\/wp\/v2\/pages\/531"}],"collection":[{"href":"https:\/\/www.shibumidojo.com\/index.php\/wp-json\/wp\/v2\/pages"}],"about":[{"href":"https:\/\/www.shibumidojo.com\/index.php\/wp-json\/wp\/v2\/types\/page"}],"author":[{"embeddable":true,"href":"https:\/\/www.shibumidojo.com\/index.php\/wp-json\/wp\/v2\/users\/1"}],"replies":[{"embeddable":true,"href":"https:\/\/www.shibumidojo.com\/index.php\/wp-json\/wp\/v2\/comments?post=531"}],"version-history":[{"count":0,"href":"https:\/\/www.shibumidojo.com\/index.php\/wp-json\/wp\/v2\/pages\/531\/revisions"}],"up":[{"embeddable":true,"href":"https:\/\/www.shibumidojo.com\/index.php\/wp-json\/wp\/v2\/pages\/63"}],"wp:attachment":[{"href":"https:\/\/www.shibumidojo.com\/index.php\/wp-json\/wp\/v2\/media?parent=531"}],"curies":[{"name":"wp","href":"https:\/\/api.w.org\/{rel}","templated":true}]}}