{"id":82,"date":"2011-03-06T00:21:07","date_gmt":"2011-03-06T00:21:07","guid":{"rendered":"https:\/\/www.shibumidojo.com"},"modified":"2011-03-06T00:21:07","modified_gmt":"2011-03-06T00:21:07","slug":"temel-teknikler","status":"publish","type":"page","link":"https:\/\/www.shibumidojo.com\/index.php\/jujutsu\/temel-teknikler\/","title":{"rendered":"Temel Teknikler"},"content":{"rendered":"<div id=\"_mcePaste\"><strong>At\u0131\u015f teknikleri<br \/>\n<\/strong>Sava\u015f s\u0131ras\u0131nda samurailer z\u0131rh giyerlerdi. Vurulan tekme ve yumruklar\u0131n etkisiz kald\u0131\u011f\u0131 bu durumda at\u0131\u015f tekniklerinin \u00f6nemi art\u0131yordu. Yerdeki bir has\u0131m her zaman \u00e7ok daha kolay bir hedefti.<\/div>\n<div><\/div>\n<div id=\"_mcePaste\"><strong>Kilitleme ve k\u0131rma \u00a0teknikleri<br \/>\n<\/strong>Z\u0131rhlar eklem b\u00f6lgelerinde zay\u0131ft\u0131. Bu y\u00fczden k\u0131r\u0131\u015f teknikleri hasm\u0131 etkisiz hale getirmenin bir ba\u015fka yoluydu.<\/div>\n<div id=\"_mcePaste\"><strong>Silahs\u0131zland\u0131rma (Silah\u0131n\u0131 alma) teknikleri<br \/>\n<\/strong>Silahs\u0131z oldu\u011funuz zaman hasm\u0131n\u0131z\u0131n silah\u0131n\u0131 kullanmas\u0131n\u0131 engellemek ve onun silah\u0131n\u0131 kullanmak \u00f6nemliydi. Eklem ve bilek kilitleme tekniklerinin bu a\u00e7\u0131dan \u00f6nemi b\u00fcy\u00fckt\u00fc.<\/div>\n<div id=\"_mcePaste\"><strong>Atemi (Vuru\u015f)<\/strong><\/div>\n<div id=\"_mcePaste\">Silah \u00e7al\u0131\u015fmas\u0131 bir silahla yap\u0131labilecek b\u00fct\u00fcn vuru\u015flar\u0131 i\u00e7ermekteydi. Sava\u015f\u00e7\u0131lar\u0131n bu kadar iyi korundu\u011fu bir durumda vuru\u015fun g\u00fcc\u00fcnden \u00e7ok tekni\u011fi \u00f6nemliydi<\/div>\n","protected":false},"excerpt":{"rendered":"<p>At\u0131\u015f teknikleri Sava\u015f s\u0131ras\u0131nda samurailer z\u0131rh giyerlerdi. Vurulan tekme ve yumruklar\u0131n etkisiz kald\u0131\u011f\u0131 bu durumda at\u0131\u015f tekniklerinin \u00f6nemi art\u0131yordu. Yerdeki bir has\u0131m her zaman \u00e7ok daha kolay bir hedefti. Kilitleme ve k\u0131rma \u00a0teknikleri Z\u0131rhlar eklem b\u00f6lgelerinde zay\u0131ft\u0131. Bu y\u00fczden k\u0131r\u0131\u015f teknikleri hasm\u0131 etkisiz hale getirmenin bir ba\u015fka yoluydu. Silahs\u0131zland\u0131rma (Silah\u0131n\u0131 alma) teknikleri Silahs\u0131z oldu\u011funuz zaman &hellip; <\/p>\n","protected":false},"author":1,"featured_media":0,"parent":12,"menu_order":0,"comment_status":"closed","ping_status":"open","template":"","meta":{"om_disable_all_campaigns":false,"_mi_skip_tracking":false},"aioseo_notices":[],"_links":{"self":[{"href":"https:\/\/www.shibumidojo.com\/index.php\/wp-json\/wp\/v2\/pages\/82"}],"collection":[{"href":"https:\/\/www.shibumidojo.com\/index.php\/wp-json\/wp\/v2\/pages"}],"about":[{"href":"https:\/\/www.shibumidojo.com\/index.php\/wp-json\/wp\/v2\/types\/page"}],"author":[{"embeddable":true,"href":"https:\/\/www.shibumidojo.com\/index.php\/wp-json\/wp\/v2\/users\/1"}],"replies":[{"embeddable":true,"href":"https:\/\/www.shibumidojo.com\/index.php\/wp-json\/wp\/v2\/comments?post=82"}],"version-history":[{"count":0,"href":"https:\/\/www.shibumidojo.com\/index.php\/wp-json\/wp\/v2\/pages\/82\/revisions"}],"up":[{"embeddable":true,"href":"https:\/\/www.shibumidojo.com\/index.php\/wp-json\/wp\/v2\/pages\/12"}],"wp:attachment":[{"href":"https:\/\/www.shibumidojo.com\/index.php\/wp-json\/wp\/v2\/media?parent=82"}],"curies":[{"name":"wp","href":"https:\/\/api.w.org\/{rel}","templated":true}]}}