{"id":97,"date":"2011-03-06T00:58:23","date_gmt":"2011-03-06T00:58:23","guid":{"rendered":"https:\/\/www.shibumidojo.com"},"modified":"2011-03-06T00:58:23","modified_gmt":"2011-03-06T00:58:23","slug":"nedir","status":"publish","type":"page","link":"https:\/\/www.shibumidojo.com\/index.php\/kenjutsu\/nedir\/","title":{"rendered":"Kenjutsu nedir?"},"content":{"rendered":"<p>\n\tKenjutsu, Japon k\u0131l\u0131&ccedil;lar\u0131n\u0131n (Katana, Tachi, Kodachi, O Dachi, Tanto, vb. silahlar\u0131n) kullan\u0131lmas\u0131n\u0131 &ouml;\u011freten bir sava\u015f sanat\u0131d\u0131r. Samuray sadece k\u0131l\u0131&ccedil; kullanmay\u0131 de\u011fil, k\u0131l\u0131&ccedil;la beraber bir&ccedil;ok silah\u0131 kullanmay\u0131 da &ouml;\u011frenirdi. Kenjutsu, genelde partnerle &ccedil;al\u0131\u015f\u0131lan formlardan olu\u015fan bir idman yap\u0131s\u0131na sahiptir. Kata ad\u0131 verilen &ouml;nceden d&uuml;zenlenmi\u015f hareket dizileri yard\u0131m\u0131yla teknikler &ouml;\u011fretilir. Solo olarak veya daha fazla ki\u015fiyle yap\u0131lan kata &ccedil;e\u015fitlerine sahiptir. Birden fazla ki\u015fiyle yap\u0131lan katalara &#39;Ken\u015fi Kata&#39; denir.\n<\/p>\n<p>\n\t<strong>Kenjutsu &ouml;\u011frenen ki\u015fiye Ken\u015fi ad\u0131 verilir<\/strong>\n<\/p>\n<p>\n\tKenjutsu&#39;da as\u0131l &ouml;nemli olan; &ccedil;al\u0131\u015f\u0131lan Koryu&#39;nun (eski Ryu) &ouml;\u011frencilerine Japon k\u0131l\u0131c\u0131yla ne &ccedil;e\u015fit klasik silahlara kar\u015f\u0131 e\u011fitim verdi\u011fidir. Bu nedenle Kenjutsu, b&uuml;t&uuml;n klasik Japon k\u0131l\u0131&ccedil; okulu &ouml;\u011fretisinin &ouml;nemli bir y&uuml;z&uuml;d&uuml;r. Kenjutsu&#39;da ku\u015fak renkleri yoktur. Bunun yerine ku\u015faklar\u0131n de\u015fi, ren\u015fi, kyo\u015fi ve han\u015fi gibi &uuml;nvanlar\u0131 vard\u0131r. G&uuml;n&uuml;m&uuml;zde bir&ccedil;ok Koryu okullar\u0131 &ouml;\u011fretilerinin bir par&ccedil;as\u0131 olan Kenjutsu e\u011fitimi vermeye devam etmektedir ve baz\u0131lar\u0131, &ccedil;ok az bir miktar da olsa iyiye gitmektedir. Yagyu Shinkage Ryu, Kashima Shinto Ryu, Kashima Shin Ryu, Kashima Shinden Jikishinkage Ryu ve Hyoho Niten Ichi Ryu gibi &uuml;nl&uuml; Ryu&#39;lardan baz\u0131lar\u0131 hala varl\u0131klar\u0131n\u0131 s&uuml;rd&uuml;rmektedirler ve d&uuml;nyan\u0131n farkl\u0131 yerlerindeki dojolarda e\u011fitimleri verilmeye ve &ouml;\u011fretileri ya\u015fat\u0131lmaya devam edilmektedir.\n<\/p>\n<p>\n\tBu Ryu&#39;lardan baz\u0131lar\u0131n\u0131n ortaya &ccedil;\u0131k\u0131\u015f\u0131 Tokugava Shogun&#39;lu\u011funun ilk y\u0131llar\u0131na kadar dayan\u0131r. Maniwa Nen Ryu gibi baz\u0131 Ryu&#39;lar\u0131n ilk bulundu\u011fu zamanlar 14. yy.&#39;a kadar gerileyebilir. Bu Ryu&#39;lara &ouml;rnek olarak g&ouml;sterilebileceklerden baz\u0131lar\u0131n\u0131n isimleri ve bulundu\u011fu tarihler \u015f&ouml;yledir: Tatsumi Ryu (1504-1521) ve Kashima Shin Ryu (~1450). Tarih boyunca Japonlar k\u0131l\u0131c\u0131n &ouml;nemini kavrad\u0131k&ccedil;a k\u0131l\u0131&ccedil; kullan\u0131m\u0131 da geli\u015fmi\u015ftir ve binlerce farkl\u0131 Ryu ortaya &ccedil;\u0131km\u0131\u015ft\u0131r. &Ouml;yle ki; bir insan ya\u015fam\u0131 s&uuml;resince t&uuml;m Ryular\u0131 &ouml;\u011frenmeye &ccedil;al\u0131\u015fsa, tamam\u0131n\u0131 &ouml;\u011frenmeye &ouml;mr&uuml; yetmez.<\/p>\n","protected":false},"excerpt":{"rendered":"<p>Kenjutsu, Japon k\u0131l\u0131&ccedil;lar\u0131n\u0131n (Katana, Tachi, Kodachi, O Dachi, Tanto, vb. silahlar\u0131n) kullan\u0131lmas\u0131n\u0131 &ouml;\u011freten bir sava\u015f sanat\u0131d\u0131r. Samuray sadece k\u0131l\u0131&ccedil; kullanmay\u0131 de\u011fil, k\u0131l\u0131&ccedil;la beraber bir&ccedil;ok silah\u0131 kullanmay\u0131 da &ouml;\u011frenirdi. Kenjutsu, genelde partnerle &ccedil;al\u0131\u015f\u0131lan formlardan olu\u015fan bir idman yap\u0131s\u0131na sahiptir. Kata ad\u0131 verilen &ouml;nceden d&uuml;zenlenmi\u015f hareket dizileri yard\u0131m\u0131yla teknikler &ouml;\u011fretilir. Solo olarak veya daha fazla ki\u015fiyle yap\u0131lan &hellip; <\/p>\n","protected":false},"author":1,"featured_media":0,"parent":114,"menu_order":0,"comment_status":"open","ping_status":"open","template":"","meta":{"om_disable_all_campaigns":false,"_mi_skip_tracking":false},"aioseo_notices":[],"_links":{"self":[{"href":"https:\/\/www.shibumidojo.com\/index.php\/wp-json\/wp\/v2\/pages\/97"}],"collection":[{"href":"https:\/\/www.shibumidojo.com\/index.php\/wp-json\/wp\/v2\/pages"}],"about":[{"href":"https:\/\/www.shibumidojo.com\/index.php\/wp-json\/wp\/v2\/types\/page"}],"author":[{"embeddable":true,"href":"https:\/\/www.shibumidojo.com\/index.php\/wp-json\/wp\/v2\/users\/1"}],"replies":[{"embeddable":true,"href":"https:\/\/www.shibumidojo.com\/index.php\/wp-json\/wp\/v2\/comments?post=97"}],"version-history":[{"count":0,"href":"https:\/\/www.shibumidojo.com\/index.php\/wp-json\/wp\/v2\/pages\/97\/revisions"}],"up":[{"embeddable":true,"href":"https:\/\/www.shibumidojo.com\/index.php\/wp-json\/wp\/v2\/pages\/114"}],"wp:attachment":[{"href":"https:\/\/www.shibumidojo.com\/index.php\/wp-json\/wp\/v2\/media?parent=97"}],"curies":[{"name":"wp","href":"https:\/\/api.w.org\/{rel}","templated":true}]}}